{"id":6625,"date":"2025-10-04T20:52:43","date_gmt":"2025-10-04T20:52:43","guid":{"rendered":"https:\/\/kraftiapet.com\/?post_type=product&#038;p=6625"},"modified":"2026-04-21T21:41:05","modified_gmt":"2026-04-21T21:41:05","slug":"chicken-with-blueberry-4","status":"publish","type":"product","link":"https:\/\/kraftiapet.com\/de\/produkt\/chicken-with-blueberry-4\/","title":{"rendered":"Chicken with Blueberry"},"content":{"rendered":"","protected":false},"excerpt":{"rendered":"<p>Vida Nativa Chicken &amp; Blueberry ist ein hochwertiges, nat\u00fcrliches Hundefutter f\u00fcr mittlere und gro\u00dfe Rassen mit Huhn und Blaubeeren. Huhn und Blaubeeren sind eine k\u00f6stliche und gesunde Kombination. Diese Mischung ist eine hervorragende Proteinquelle, die f\u00fcr starke Knochen und gesunde Gelenke unerl\u00e4sslich ist, w\u00e4hrend Superfoods wie Blaubeeren auch Ballaststoffe und Antioxidantien liefern, die zur St\u00e4rkung des Immunsystems beitragen.  <\/p>\n","protected":false},"featured_media":6626,"comment_status":"open","ping_status":"closed","template":"","meta":{"_acf_changed":false},"pwb-brand":[],"product_brand":[515],"product_cat":[472,470],"product_tag":[],"class_list":{"0":"post-6625","1":"product","2":"type-product","3":"status-publish","4":"has-post-thumbnail","6":"product_brand-vida-nativa","7":"product_cat-adult-dog","8":"product_cat-dog-food","10":"first","11":"instock","12":"taxable","13":"shipping-taxable","14":"product-type-variable"},"acf":[],"brands":[],"_links":{"self":[{"href":"https:\/\/kraftiapet.com\/de\/wp-json\/wp\/v2\/product\/6625","targetHints":{"allow":["GET"]}}],"collection":[{"href":"https:\/\/kraftiapet.com\/de\/wp-json\/wp\/v2\/product"}],"about":[{"href":"https:\/\/kraftiapet.com\/de\/wp-json\/wp\/v2\/types\/product"}],"replies":[{"embeddable":true,"href":"https:\/\/kraftiapet.com\/de\/wp-json\/wp\/v2\/comments?post=6625"}],"wp:featuredmedia":[{"embeddable":true,"href":"https:\/\/kraftiapet.com\/de\/wp-json\/wp\/v2\/media\/6626"}],"wp:attachment":[{"href":"https:\/\/kraftiapet.com\/de\/wp-json\/wp\/v2\/media?parent=6625"}],"wp:term":[{"taxonomy":"pwb-brand","embeddable":true,"href":"https:\/\/kraftiapet.com\/de\/wp-json\/wp\/v2\/pwb-brand?post=6625"},{"taxonomy":"product_brand","embeddable":true,"href":"https:\/\/kraftiapet.com\/de\/wp-json\/wp\/v2\/product_brand?post=6625"},{"taxonomy":"product_cat","embeddable":true,"href":"https:\/\/kraftiapet.com\/de\/wp-json\/wp\/v2\/product_cat?post=6625"},{"taxonomy":"product_tag","embeddable":true,"href":"https:\/\/kraftiapet.com\/de\/wp-json\/wp\/v2\/product_tag?post=6625"}],"curies":[{"name":"wp","href":"https:\/\/api.w.org\/{rel}","templated":true}]}}