{"id":6634,"date":"2025-10-02T10:57:46","date_gmt":"2025-10-02T10:57:46","guid":{"rendered":"https:\/\/kraftiapet.com\/?post_type=product&#038;p=6634"},"modified":"2026-04-21T21:44:02","modified_gmt":"2026-04-21T21:44:02","slug":"rich-in-chicken-with-rice","status":"publish","type":"product","link":"https:\/\/kraftiapet.com\/de\/produkt\/rich-in-chicken-with-rice\/","title":{"rendered":"Rich in Chicken With Rice"},"content":{"rendered":"","protected":false},"excerpt":{"rendered":"<p>Mysticat Chicken &amp; Rice ist Katzenfutter mit Huhn und Reis. Huhn mit Reis und antioxidantienreichen Blaubeeren ist eine sanfte, schmackhafte Rezeptur, die den Magen Ihrer Katze schont. Es ist reich an hochwertigen Proteinen und essentiellen N\u00e4hrstoffen und unterst\u00fctzt eine gesunde Muskulatur und t\u00e4gliche Vitalit\u00e4t: perfekt zum Schnurren, Spielen und f\u00fcr friedliche Nickerchen.  <\/p>\n","protected":false},"featured_media":6635,"comment_status":"open","ping_status":"closed","template":"","meta":{"_acf_changed":false},"pwb-brand":[],"product_brand":[519],"product_cat":[487,485],"product_tag":[],"class_list":{"0":"post-6634","1":"product","2":"type-product","3":"status-publish","4":"has-post-thumbnail","6":"product_brand-mysticat","7":"product_cat-adult-cat","8":"product_cat-cat-food","10":"first","11":"instock","12":"taxable","13":"shipping-taxable","14":"product-type-variable"},"acf":[],"brands":[],"_links":{"self":[{"href":"https:\/\/kraftiapet.com\/de\/wp-json\/wp\/v2\/product\/6634","targetHints":{"allow":["GET"]}}],"collection":[{"href":"https:\/\/kraftiapet.com\/de\/wp-json\/wp\/v2\/product"}],"about":[{"href":"https:\/\/kraftiapet.com\/de\/wp-json\/wp\/v2\/types\/product"}],"replies":[{"embeddable":true,"href":"https:\/\/kraftiapet.com\/de\/wp-json\/wp\/v2\/comments?post=6634"}],"wp:featuredmedia":[{"embeddable":true,"href":"https:\/\/kraftiapet.com\/de\/wp-json\/wp\/v2\/media\/6635"}],"wp:attachment":[{"href":"https:\/\/kraftiapet.com\/de\/wp-json\/wp\/v2\/media?parent=6634"}],"wp:term":[{"taxonomy":"pwb-brand","embeddable":true,"href":"https:\/\/kraftiapet.com\/de\/wp-json\/wp\/v2\/pwb-brand?post=6634"},{"taxonomy":"product_brand","embeddable":true,"href":"https:\/\/kraftiapet.com\/de\/wp-json\/wp\/v2\/product_brand?post=6634"},{"taxonomy":"product_cat","embeddable":true,"href":"https:\/\/kraftiapet.com\/de\/wp-json\/wp\/v2\/product_cat?post=6634"},{"taxonomy":"product_tag","embeddable":true,"href":"https:\/\/kraftiapet.com\/de\/wp-json\/wp\/v2\/product_tag?post=6634"}],"curies":[{"name":"wp","href":"https:\/\/api.w.org\/{rel}","templated":true}]}}