{"id":6638,"date":"2025-10-02T11:11:05","date_gmt":"2025-10-02T11:11:05","guid":{"rendered":"https:\/\/kraftiapet.com\/?post_type=product&#038;p=6638"},"modified":"2026-04-21T21:44:02","modified_gmt":"2026-04-21T21:44:02","slug":"rich-in-fish-with-rice","status":"publish","type":"product","link":"https:\/\/kraftiapet.com\/de\/produkt\/rich-in-fish-with-rice\/","title":{"rendered":"Rich in Fish With Rice"},"content":{"rendered":"","protected":false},"excerpt":{"rendered":"<p>Mysticat Fish &amp; Rice ist ein Katzenfutter mit Fisch und Reis. Fisch mit Reis ist eine leichte und nahrhafte Rezeptur, vollgepackt mit Omega-3-Fetts\u00e4uren f\u00fcr ein gl\u00e4nzendes Fell und eine gesunde Haut. Kombiniert mit leicht verdaulichem Reis ist es ideal, um Ihre Katze gl\u00fccklich, aktiv und von innen heraus strahlend zu halten. Blaubeeren sind eine k\u00f6stliche und gesunde Erg\u00e4nzung, reich an Antioxidantien und Ballaststoffen, die die allgemeine Gesundheit und die Verdauung Ihrer Katze unterst\u00fctzen und gleichzeitig ihren Stoffwechsel anregen.   <\/p>\n","protected":false},"featured_media":6639,"comment_status":"open","ping_status":"closed","template":"","meta":{"_acf_changed":false},"pwb-brand":[],"product_brand":[519],"product_cat":[487,485],"product_tag":[],"class_list":{"0":"post-6638","1":"product","2":"type-product","3":"status-publish","4":"has-post-thumbnail","6":"product_brand-mysticat","7":"product_cat-adult-cat","8":"product_cat-cat-food","10":"first","11":"instock","12":"taxable","13":"shipping-taxable","14":"product-type-variable"},"acf":[],"brands":[],"_links":{"self":[{"href":"https:\/\/kraftiapet.com\/de\/wp-json\/wp\/v2\/product\/6638","targetHints":{"allow":["GET"]}}],"collection":[{"href":"https:\/\/kraftiapet.com\/de\/wp-json\/wp\/v2\/product"}],"about":[{"href":"https:\/\/kraftiapet.com\/de\/wp-json\/wp\/v2\/types\/product"}],"replies":[{"embeddable":true,"href":"https:\/\/kraftiapet.com\/de\/wp-json\/wp\/v2\/comments?post=6638"}],"wp:featuredmedia":[{"embeddable":true,"href":"https:\/\/kraftiapet.com\/de\/wp-json\/wp\/v2\/media\/6639"}],"wp:attachment":[{"href":"https:\/\/kraftiapet.com\/de\/wp-json\/wp\/v2\/media?parent=6638"}],"wp:term":[{"taxonomy":"pwb-brand","embeddable":true,"href":"https:\/\/kraftiapet.com\/de\/wp-json\/wp\/v2\/pwb-brand?post=6638"},{"taxonomy":"product_brand","embeddable":true,"href":"https:\/\/kraftiapet.com\/de\/wp-json\/wp\/v2\/product_brand?post=6638"},{"taxonomy":"product_cat","embeddable":true,"href":"https:\/\/kraftiapet.com\/de\/wp-json\/wp\/v2\/product_cat?post=6638"},{"taxonomy":"product_tag","embeddable":true,"href":"https:\/\/kraftiapet.com\/de\/wp-json\/wp\/v2\/product_tag?post=6638"}],"curies":[{"name":"wp","href":"https:\/\/api.w.org\/{rel}","templated":true}]}}