{"id":6642,"date":"2025-10-02T11:19:24","date_gmt":"2025-10-02T11:19:24","guid":{"rendered":"https:\/\/kraftiapet.com\/?post_type=product&#038;p=6642"},"modified":"2026-04-21T21:42:39","modified_gmt":"2026-04-21T21:42:39","slug":"chicken-with-rice","status":"publish","type":"product","link":"https:\/\/kraftiapet.com\/de\/produkt\/chicken-with-rice\/","title":{"rendered":"Chicken With Rice"},"content":{"rendered":"","protected":false},"excerpt":{"rendered":"<p>Dogsy Chicken &amp; Rice ist ein Hundefutter mit Huhn und Reis. Huhn mit Reis ist eine klassische Kombination, die leicht verdaulich und voller nat\u00fcrlicher G\u00fcte ist. Es ist reich an hochwertigen Proteinen und leicht verdaulichen Kohlenhydraten und unterst\u00fctzt den Erhalt der Muskeln und der Energie \u2013 perfekt f\u00fcr die t\u00e4gliche Vitalit\u00e4t! Blaubeeren kurbeln den Stoffwechsel an und unterst\u00fctzen die allgemeine Gesundheit mit nat\u00fcrlichen Antioxidantien und Ballaststoffen.   <\/p>\n","protected":false},"featured_media":6643,"comment_status":"open","ping_status":"closed","template":"","meta":{"_acf_changed":false},"pwb-brand":[],"product_brand":[522],"product_cat":[472,470],"product_tag":[],"class_list":{"0":"post-6642","1":"product","2":"type-product","3":"status-publish","4":"has-post-thumbnail","6":"product_brand-dogsy","7":"product_cat-adult-dog","8":"product_cat-dog-food","10":"first","11":"instock","12":"taxable","13":"shipping-taxable","14":"product-type-variable"},"acf":[],"brands":[],"_links":{"self":[{"href":"https:\/\/kraftiapet.com\/de\/wp-json\/wp\/v2\/product\/6642","targetHints":{"allow":["GET"]}}],"collection":[{"href":"https:\/\/kraftiapet.com\/de\/wp-json\/wp\/v2\/product"}],"about":[{"href":"https:\/\/kraftiapet.com\/de\/wp-json\/wp\/v2\/types\/product"}],"replies":[{"embeddable":true,"href":"https:\/\/kraftiapet.com\/de\/wp-json\/wp\/v2\/comments?post=6642"}],"wp:featuredmedia":[{"embeddable":true,"href":"https:\/\/kraftiapet.com\/de\/wp-json\/wp\/v2\/media\/6643"}],"wp:attachment":[{"href":"https:\/\/kraftiapet.com\/de\/wp-json\/wp\/v2\/media?parent=6642"}],"wp:term":[{"taxonomy":"pwb-brand","embeddable":true,"href":"https:\/\/kraftiapet.com\/de\/wp-json\/wp\/v2\/pwb-brand?post=6642"},{"taxonomy":"product_brand","embeddable":true,"href":"https:\/\/kraftiapet.com\/de\/wp-json\/wp\/v2\/product_brand?post=6642"},{"taxonomy":"product_cat","embeddable":true,"href":"https:\/\/kraftiapet.com\/de\/wp-json\/wp\/v2\/product_cat?post=6642"},{"taxonomy":"product_tag","embeddable":true,"href":"https:\/\/kraftiapet.com\/de\/wp-json\/wp\/v2\/product_tag?post=6642"}],"curies":[{"name":"wp","href":"https:\/\/api.w.org\/{rel}","templated":true}]}}