{"id":6765,"date":"2026-04-22T12:19:50","date_gmt":"2026-04-22T12:19:50","guid":{"rendered":"https:\/\/kraftiapet.com\/?page_id=6765"},"modified":"2026-04-23T09:28:29","modified_gmt":"2026-04-23T09:28:29","slug":"calidad-y-ciencia","status":"publish","type":"page","link":"https:\/\/kraftiapet.com\/es\/calidad-y-ciencia\/","title":{"rendered":"Calidad y Ciencia"},"content":{"rendered":"\n<h2 class=\"wp-block-heading has-vivid-cyan-blue-color has-text-color has-link-color wp-elements-e66cbb1abf87d943ad8f62ea557ff073\" style=\"margin-top:var(--wp--preset--spacing--80);margin-bottom:var(--wp--preset--spacing--80)\">Seguridad y est\u00e1ndares alimentarios<\/h2>\n\n<div class=\"wp-block-columns is-layout-flex wp-container-core-columns-is-layout-28f84493 wp-block-columns-is-layout-flex\">\n<div class=\"wp-block-column is-layout-flow wp-block-column-is-layout-flow\" style=\"flex-basis:33.33%\">\n<p class=\"has-palette-color-3-color has-palette-color-5-background-color has-text-color has-background has-link-color has-medium-font-size wp-elements-52ca2d35238f64b1d53c9060a958d671\" style=\"margin-top:var(--wp--preset--spacing--30);margin-bottom:var(--wp--preset--spacing--30)\"><strong>\u00abCada producto que elaboramos pasa por rigurosos controles de seguridad para garantizar la m\u00e1xima calidad y el valor nutricional para las mascotas\u00bb.<\/strong><\/p>\n<\/div>\n\n\n\n<div class=\"wp-block-column is-layout-flow wp-block-column-is-layout-flow\" style=\"flex-basis:66.66%\">\n<p style=\"margin-top:var(--wp--preset--spacing--30);margin-bottom:var(--wp--preset--spacing--30);font-size:clamp(14px, 0.875rem + ((1vw - 3.2px) * 0.469), 20px);\">En Kraftia, nos comprometemos con los m\u00e1s altos protocolos de seguridad, asegurando que cada producto cumpla estrictos est\u00e1ndares de calidad. Todos nuestros productos se someten a exhaustivas inspecciones para garantizar la mejor calidad y una nutrici\u00f3n \u00f3ptima. <\/p>\n<\/div>\n<\/div>\n\n<figure class=\"wp-block-image alignright size-large is-resized\"><img loading=\"lazy\" decoding=\"async\" width=\"1024\" height=\"714\" src=\"https:\/\/kraftiapet.com\/wp-content\/uploads\/2025\/10\/quality-1024x714.webp\" alt=\"\" class=\"wp-image-2516\" style=\"width:370px;height:auto\" srcset=\"https:\/\/kraftiapet.com\/wp-content\/uploads\/2025\/10\/quality-1024x714.webp 1024w, https:\/\/kraftiapet.com\/wp-content\/uploads\/2025\/10\/quality-300x209.webp 300w, https:\/\/kraftiapet.com\/wp-content\/uploads\/2025\/10\/quality-768x536.webp 768w, https:\/\/kraftiapet.com\/wp-content\/uploads\/2025\/10\/quality-1536x1071.webp 1536w, https:\/\/kraftiapet.com\/wp-content\/uploads\/2025\/10\/quality-600x418.webp 600w, https:\/\/kraftiapet.com\/wp-content\/uploads\/2025\/10\/quality.webp 1920w\" sizes=\"auto, (max-width: 1024px) 100vw, 1024px\" \/><\/figure>\n\n<p class=\"has-medium-font-size\"><strong>Normas globales y cumplimiento<\/strong><\/p>\n\n<p class=\"has-palette-color-3-color has-text-color has-link-color wp-elements-4cf45b27c1b68899ede5413d91f2e029\">Los est\u00e1ndares internacionales m\u00e1s exigentes:<br\/>\u2022 Normas integradas (ISO 9001, ISO 14001, ISO 45001)<br\/>Principios generales de higiene alimentaria (GHP) y sistema HACCP (Quality Austria)<br\/>FS 8.0 &#8211; norma internacional de seguridad alimentaria (Bureau Veritas), con una puntuaci\u00f3n del 97,25% en el nivel superior y la categor\u00eda IFS Star, confirmada por una inspecci\u00f3n sin previo aviso.<br\/>Cumplimos las normas reglamentarias de todos los pa\u00edses a los que exportamos. (Nuestros productos se desarrollan y producen de acuerdo con las leyes y normativas de exportaci\u00f3n de todos los mercados de destino.<br\/>Nuestra producci\u00f3n cumple las normas veterinarias nacionales e internacionales para garantizar la seguridad y calidad del producto. Cumplimos estrictamente la normativa veterinaria y todos los requisitos legales relativos a la seguridad de los alimentos para mascotas. <\/p>\n\n<h2 class=\"wp-block-heading has-palette-color-3-color has-text-color has-link-color has-medium-font-size wp-elements-a4ef81f23900b8d58784773376285912\">Control de materias primas<\/h2>\n\n<div class=\"wp-block-columns is-layout-flex wp-container-core-columns-is-layout-28f84493 wp-block-columns-is-layout-flex\">\n<div class=\"wp-block-column is-layout-flow wp-block-column-is-layout-flow\" style=\"flex-basis:33.33%\"><\/div>\n\n\n\n<div class=\"wp-block-column is-layout-flow wp-block-column-is-layout-flow\" style=\"flex-basis:66.67%\">\n<h2 class=\"wp-block-heading has-text-align-right has-palette-color-3-color has-palette-color-5-background-color has-text-color has-background has-link-color has-medium-font-size wp-elements-024f5b17b40813ba8a74c45dd4160611\">\u00abSin concesiones en la calidad de los ingredientes\u00bb.<\/h2>\n<\/div>\n<\/div>\n\n<p>Trabajamos exclusivamente con proveedores homologados, cuidadosamente seleccionados mediante nuestro proceso interno de cualificaci\u00f3n. Todas las materias primas se someten a rigurosos controles de recepci\u00f3n, que incluyen an\u00e1lisis microbiol\u00f3gicos, evaluaci\u00f3n nutricional y control de contaminantes. <\/p>\n\n<h2 class=\"wp-block-heading has-palette-color-3-color has-text-color has-link-color has-medium-font-size wp-elements-ac23959116eed019234c87d695239195\">Seguridad del proceso de producci\u00f3n<\/h2>\n\n<p>Cada etapa de nuestro proceso de producci\u00f3n se supervisa y controla mediante <strong>puntos de control<\/strong> claramente definidos, para garantizar la seguridad y consistencia del producto.<br\/> <br\/>Nuestro sistema de control se apoya en tecnolog\u00edas automatizadas que supervisan y regulan los par\u00e1metros clave.<br\/> <br\/>Las instalaciones se someten peri\u00f3dicamente a auditor\u00edas internas y a inspecciones de terceros para garantizar el cumplimiento de los est\u00e1ndares de seguridad del producto e impulsar la mejora continua.<\/p>\n\n<h2 class=\"wp-block-heading has-palette-color-3-color has-text-color has-link-color has-medium-font-size wp-elements-6ac13a0c62bdd69a366cbbb432faa7c8\">Pruebas y control de calidad<\/h2>\n\n<p>Todos los productos finales se someten a an\u00e1lisis de laboratorio para garantizar una <strong><strong>calidad y seguridad <\/strong><\/strong>constantes. Los protocolos de ensayo incluyen el control de la composici\u00f3n nutricional, la seguridad microbiol\u00f3gica, los metales pesados y las micotoxinas, en plena conformidad con los est\u00e1ndares regulatorios aplicables. Cada lote de producci\u00f3n se analiza individualmente y cuenta con un certificado espec\u00edfico, lo que garantiza la trazabilidad total y la calidad del producto.  <\/p>\n\n<h2 class=\"wp-block-heading has-palette-color-3-color has-text-color has-link-color has-medium-font-size wp-elements-540701ce5b9e7b5f3b5ebf196339ba11\">Trazabilidad y transparencia<\/h2>\n\n<p>Creemos en la transparencia total, desde el origen de las materias primas hasta la entrega del producto final. Nuestros sistemas digitales permiten rastrear cada etapa (SAP, WMS), y cada envase incluye un c\u00f3digo QR, un c\u00f3digo EAN y un n\u00famero de lote que garantizan una trazabilidad completa y generan confianza. <\/p>\n\n<h2 class=\"wp-block-heading has-palette-color-3-color has-text-color has-link-color has-medium-font-size wp-elements-2f666f7cfdf44d3798d3c1967ff12c32\">Certificaciones y auditor\u00edas<\/h2>\n\n<p>Para obtener la lista completa de certificaciones y auditor\u00edas, por favor contacte con nuestra Directora, Tatjana Spai\u0107.<\/p>\n\n<h2 class=\"wp-block-heading has-palette-color-3-color has-text-color has-link-color has-medium-font-size wp-elements-8afc277d82d1408f43c4221aec37ea94\">Mejora continua<\/h2>\n\n<p>En Kraftia, apostamos por la mejora continua mediante la inversi\u00f3n constante en tecnolog\u00eda y la formaci\u00f3n de nuestro equipo. Gracias a la estrecha colaboraci\u00f3n con veterinarios, nutricionistas e instituciones cient\u00edficas, garantizamos que nuestros productos y procesos evolucionen continuamente para cumplir con los est\u00e1ndares m\u00e1s exigentes. <\/p>\n\n<h2 class=\"wp-block-heading has-text-align-left has-vivid-cyan-blue-color has-text-color has-link-color wp-elements-dadf6e86033d321a11ddf086400a861b\"><br\/>Investigaci\u00f3n y Desarrollo (I+D)<br\/><\/h2>\n\n<div class=\"wp-block-columns is-layout-flex wp-container-core-columns-is-layout-28f84493 wp-block-columns-is-layout-flex\">\n<div class=\"wp-block-column is-layout-flow wp-block-column-is-layout-flow\" style=\"flex-basis:66.66%\">\n<h2 class=\"wp-block-heading has-palette-color-3-color has-text-color has-link-color has-medium-font-size wp-elements-3ad0c8fdc0aef109093843af1e24ae35\">Formulaciones exquisitas elaboradas por expertos<\/h2>\n\n\n\n<p>En el coraz\u00f3n de nuestra l\u00ednea de alimentos premium para mascotas se encuentra el compromiso con la excelencia cient\u00edfica. Nuestro equipo de veterinarios, nutricionistas y expertos en ciencia de los alimentos colabora para crear recetas meticulosamente elaboradas, dise\u00f1adas para superar los m\u00e1s altos est\u00e1ndares de salud y bienestar animal. <\/p>\n<\/div>\n\n\n\n<div class=\"wp-block-column is-layout-flow wp-block-column-is-layout-flow\" style=\"flex-basis:33.33%\">\n<h2 class=\"wp-block-heading has-palette-color-3-color has-palette-color-5-background-color has-text-color has-background has-link-color has-medium-font-size wp-elements-fedced1da68a9d9f381cd83e3e4ac81b\">\u00abEn Kraftia, la nutrici\u00f3n se basa en la ciencia. Nuestro equipo de I+D garantiza que cada receta est\u00e9 respaldada por la investigaci\u00f3n y adaptada a las necesidades reales de las mascotas.\u00bb <\/h2>\n<\/div>\n<\/div>\n\n<h2 class=\"wp-block-heading has-palette-color-3-color has-text-color has-link-color has-medium-font-size wp-elements-691c5419f1acabfdeabf5c1a09edc20f\">Precisi\u00f3n nutricional avanzada<\/h2>\n\n<p>Aprovechamos la investigaci\u00f3n m\u00e1s avanzada en nutrici\u00f3n animal para desarrollar f\u00f3rmulas espec\u00edficas para cada especie. Ya sea para la delicada digesti\u00f3n de tu gato o para cubrir las necesidades energ\u00e9ticas \u00f3ptimas de tu perro, nuestro proceso de I+D garantiza que cada ingrediente y proporci\u00f3n de nutrientes se seleccionen con la salud de tu mascota como prioridad. <\/p>\n\n<p><\/p>\n","protected":false},"excerpt":{"rendered":"<p>Seguridad y est\u00e1ndares alimentarios \u00abCada producto que elaboramos pasa por rigurosos controles de seguridad para garantizar la m\u00e1xima calidad y el valor nutricional para las mascotas\u00bb. En Kraftia, nos comprometemos con los m\u00e1s altos protocolos de seguridad, asegurando que cada producto cumpla estrictos est\u00e1ndares de calidad. Todos nuestros productos se someten a exhaustivas inspecciones para [&hellip;]<\/p>\n","protected":false},"author":1,"featured_media":0,"parent":0,"menu_order":0,"comment_status":"closed","ping_status":"closed","template":"","meta":{"_acf_changed":false,"footnotes":""},"class_list":["post-6765","page","type-page","status-publish","hentry"],"blocksy_meta":[],"acf":[],"_links":{"self":[{"href":"https:\/\/kraftiapet.com\/es\/wp-json\/wp\/v2\/pages\/6765","targetHints":{"allow":["GET"]}}],"collection":[{"href":"https:\/\/kraftiapet.com\/es\/wp-json\/wp\/v2\/pages"}],"about":[{"href":"https:\/\/kraftiapet.com\/es\/wp-json\/wp\/v2\/types\/page"}],"author":[{"embeddable":true,"href":"https:\/\/kraftiapet.com\/es\/wp-json\/wp\/v2\/users\/1"}],"replies":[{"embeddable":true,"href":"https:\/\/kraftiapet.com\/es\/wp-json\/wp\/v2\/comments?post=6765"}],"version-history":[{"count":8,"href":"https:\/\/kraftiapet.com\/es\/wp-json\/wp\/v2\/pages\/6765\/revisions"}],"predecessor-version":[{"id":6940,"href":"https:\/\/kraftiapet.com\/es\/wp-json\/wp\/v2\/pages\/6765\/revisions\/6940"}],"wp:attachment":[{"href":"https:\/\/kraftiapet.com\/es\/wp-json\/wp\/v2\/media?parent=6765"}],"curies":[{"name":"wp","href":"https:\/\/api.w.org\/{rel}","templated":true}]}}