{"id":6768,"date":"2026-04-22T12:18:29","date_gmt":"2026-04-22T12:18:29","guid":{"rendered":"https:\/\/kraftiapet.com\/?page_id=6768"},"modified":"2026-04-23T08:35:14","modified_gmt":"2026-04-23T08:35:14","slug":"craftia","status":"publish","type":"page","link":"https:\/\/kraftiapet.com\/es\/craftia\/","title":{"rendered":"Craftia"},"content":{"rendered":"\n<figure class=\"wp-block-image size-large has-custom-border\" style=\"margin-top:0rem;margin-right:0;margin-bottom:0rem;margin-left:0\"><img loading=\"lazy\" decoding=\"async\" width=\"1024\" height=\"293\" src=\"https:\/\/kraftiapet.com\/wp-content\/uploads\/2025\/10\/craftia-baner-copy1-1024x293.webp\" alt=\"\" class=\"wp-image-2408\" style=\"border-style:none;border-width:0px;border-radius:0px\" srcset=\"https:\/\/kraftiapet.com\/wp-content\/uploads\/2025\/10\/craftia-baner-copy1-1024x293.webp 1024w, https:\/\/kraftiapet.com\/wp-content\/uploads\/2025\/10\/craftia-baner-copy1-300x86.webp 300w, https:\/\/kraftiapet.com\/wp-content\/uploads\/2025\/10\/craftia-baner-copy1-768x220.webp 768w, https:\/\/kraftiapet.com\/wp-content\/uploads\/2025\/10\/craftia-baner-copy1-1536x440.webp 1536w, https:\/\/kraftiapet.com\/wp-content\/uploads\/2025\/10\/craftia-baner-copy1-600x172.webp 600w, https:\/\/kraftiapet.com\/wp-content\/uploads\/2025\/10\/craftia-baner-copy1.webp 1920w\" sizes=\"auto, (max-width: 1024px) 100vw, 1024px\" \/><\/figure>\n\n<div class=\"wp-block-columns is-layout-flex wp-container-core-columns-is-layout-4588bbbb wp-block-columns-is-layout-flex\" style=\"margin-top:0;margin-bottom:0;padding-top:0;padding-bottom:0\">\n<div class=\"wp-block-column has-palette-color-5-background-color has-background is-layout-flow wp-container-core-column-is-layout-b2a27621 wp-block-column-is-layout-flow\" style=\"padding-top:0;padding-right:0;padding-bottom:0;padding-left:0\">\n<h2 class=\"wp-block-heading\" style=\"padding-top:var(--wp--preset--spacing--30);padding-right:var(--wp--preset--spacing--60);padding-bottom:var(--wp--preset--spacing--30);padding-left:var(--wp--preset--spacing--60);font-size:clamp(15.747px, 0.984rem + ((1vw - 3.2px) * 0.645), 24px);\">Una filosof\u00eda &#8211; Dos l\u00edneas &#8211; Nutrici\u00f3n completa<\/h2>\n\n\n\n<p style=\"margin-top:0;margin-bottom:0;padding-top:var(--wp--preset--spacing--30);padding-right:var(--wp--preset--spacing--60);padding-bottom:var(--wp--preset--spacing--30);padding-left:var(--wp--preset--spacing--60)\">Con o sin cereales, <strong>las recetas Craftia comparten la misma filosof\u00eda<\/strong>: crear alimentos nutritivos, honestos y deliciosos que ayuden a las mascotas a prosperar, de forma natural.<br \/>Craftia re\u00fane dos l\u00edneas de productos complementarias, cada una con su propio car\u00e1cter, pero unidas por los mismos valores inflexibles.<\/p>\n<\/div>\n<\/div>\n\n<div class=\"wp-block-media-text is-stacked-on-mobile is-vertically-aligned-center has-palette-color-6-background-color has-background\" style=\"margin-top:0;margin-right:0px;margin-bottom:0;margin-left:0px;padding-top:0;padding-bottom:0;grid-template-columns:15% auto\"><figure class=\"wp-block-media-text__media\"><img loading=\"lazy\" decoding=\"async\" width=\"1024\" height=\"1024\" src=\"https:\/\/kraftiapet.com\/wp-content\/uploads\/2025\/09\/1-1024x1024.png\" alt=\"\" class=\"wp-image-420 size-full\" srcset=\"https:\/\/kraftiapet.com\/wp-content\/uploads\/2025\/09\/1-1024x1024.png 1024w, https:\/\/kraftiapet.com\/wp-content\/uploads\/2025\/09\/1-300x300.png 300w, https:\/\/kraftiapet.com\/wp-content\/uploads\/2025\/09\/1-100x100.png 100w, https:\/\/kraftiapet.com\/wp-content\/uploads\/2025\/09\/1-600x600.png 600w, https:\/\/kraftiapet.com\/wp-content\/uploads\/2025\/09\/1-150x150.png 150w, https:\/\/kraftiapet.com\/wp-content\/uploads\/2025\/09\/1-768x768.png 768w, https:\/\/kraftiapet.com\/wp-content\/uploads\/2025\/09\/1.png 1080w\" sizes=\"auto, (max-width: 1024px) 100vw, 1024px\" \/><\/figure><div class=\"wp-block-media-text__content\">\n<h4 class=\"wp-block-heading\" style=\"padding-top:var(--wp--preset--spacing--20);padding-bottom:var(--wp--preset--spacing--20)\">Craftia Natura<\/h4>\n\n\n\n<p style=\"font-size:clamp(14px, 0.875rem + ((1vw - 3.2px) * 0.156), 16px);\">Craftia Natura es un alimento para mascotas con inclusi\u00f3n de cereales, con una cantidad envidiable de prote\u00ednas animales crudas reci\u00e9n preparadas, junto con prote\u00ednas animales m\u00e1s tradicionales de alta calidad, todo ello combinado con superalimentos que ayudan a promover la salud y el bienestar del cachorro y del perro adulto.<\/p>\n<\/div><\/div>\n\n<div class=\"wp-block-columns are-vertically-aligned-top has-palette-color-6-background-color has-background is-layout-flex wp-container-core-columns-is-layout-28f84493 wp-block-columns-is-layout-flex\">\n<div class=\"wp-block-column is-vertically-aligned-top is-layout-flow wp-block-column-is-layout-flow\" style=\"flex-basis:66.66%\">\n<figure class=\"wp-block-image size-full is-style-default\"><img loading=\"lazy\" decoding=\"async\" width=\"800\" height=\"247\" src=\"https:\/\/kraftiapet.com\/wp-content\/uploads\/2025\/10\/natura_range.webp\" alt=\"\" class=\"wp-image-1716\" srcset=\"https:\/\/kraftiapet.com\/wp-content\/uploads\/2025\/10\/natura_range.webp 800w, https:\/\/kraftiapet.com\/wp-content\/uploads\/2025\/10\/natura_range-300x93.webp 300w, https:\/\/kraftiapet.com\/wp-content\/uploads\/2025\/10\/natura_range-768x237.webp 768w, https:\/\/kraftiapet.com\/wp-content\/uploads\/2025\/10\/natura_range-600x185.webp 600w\" sizes=\"auto, (max-width: 800px) 100vw, 800px\" \/><\/figure>\n<\/div>\n\n\n\n<div class=\"wp-block-column is-vertically-aligned-top has-palette-color-6-background-color has-background is-layout-flow wp-block-column-is-layout-flow\" style=\"flex-basis:33.33%\">\n<div class=\"wp-block-buttons is-horizontal is-content-justification-center is-nowrap is-layout-flex wp-container-core-buttons-is-layout-c5e22318 wp-block-buttons-is-layout-flex\">\n<div class=\"wp-block-button\"><a class=\"wp-block-button__link wp-element-button\" href=\"https:\/\/kraftiapet.com\/brands\/craftia-natura\/\" style=\"border-radius:18px;padding-right:var(--wp--preset--spacing--30);padding-left:var(--wp--preset--spacing--30)\">Para perros<\/a><\/div>\n<\/div>\n<\/div>\n<\/div>\n\n<div class=\"wp-block-media-text is-stacked-on-mobile is-vertically-aligned-center has-palette-color-6-background-color has-background\" style=\"margin-top:-30px;margin-right:0;margin-bottom:0px;margin-left:0;padding-top:0;padding-right:0;padding-left:0;grid-template-columns:15% auto\"><figure class=\"wp-block-media-text__media\"><img loading=\"lazy\" decoding=\"async\" width=\"1024\" height=\"1024\" src=\"https:\/\/kraftiapet.com\/wp-content\/uploads\/2025\/09\/1-1024x1024.png\" alt=\"\" class=\"wp-image-420 size-full\" srcset=\"https:\/\/kraftiapet.com\/wp-content\/uploads\/2025\/09\/1-1024x1024.png 1024w, https:\/\/kraftiapet.com\/wp-content\/uploads\/2025\/09\/1-300x300.png 300w, https:\/\/kraftiapet.com\/wp-content\/uploads\/2025\/09\/1-100x100.png 100w, https:\/\/kraftiapet.com\/wp-content\/uploads\/2025\/09\/1-600x600.png 600w, https:\/\/kraftiapet.com\/wp-content\/uploads\/2025\/09\/1-150x150.png 150w, https:\/\/kraftiapet.com\/wp-content\/uploads\/2025\/09\/1-768x768.png 768w, https:\/\/kraftiapet.com\/wp-content\/uploads\/2025\/09\/1.png 1080w\" sizes=\"auto, (max-width: 1024px) 100vw, 1024px\" \/><\/figure><div class=\"wp-block-media-text__content\">\n<h4 class=\"wp-block-heading\" style=\"padding-top:var(--wp--preset--spacing--20);padding-bottom:var(--wp--preset--spacing--20)\">Craftia Harmona<\/h4>\n\n\n\n<p style=\"font-size:clamp(14px, 0.875rem + ((1vw - 3.2px) * 0.156), 16px);\">Recetas ultrapremium sin cereales, con una impresionante cantidad de prote\u00edna animal cruda reci\u00e9n preparada, Craftia Harmona es una verdadera joya elaborada cuidadosamente con los mejores ingredientes de la Naturaleza. Prote\u00ednas, grasas saludables y nutrientes esenciales procedentes de todos los rincones del mundo, proporcionan una base para el crecimiento de gatitos y gatos, en cuerpo y mente. <\/p>\n<\/div><\/div>\n\n<div class=\"wp-block-columns has-palette-color-6-background-color has-background is-layout-flex wp-container-core-columns-is-layout-28f84493 wp-block-columns-is-layout-flex\">\n<div class=\"wp-block-column is-vertically-aligned-stretch has-palette-color-6-background-color has-background is-layout-flow wp-block-column-is-layout-flow\" style=\"flex-basis:33.33%\">\n<div class=\"wp-block-buttons is-content-justification-center is-layout-flex wp-container-core-buttons-is-layout-a89b3969 wp-block-buttons-is-layout-flex\">\n<div class=\"wp-block-button\"><a class=\"wp-block-button__link wp-element-button\" href=\"https:\/\/kraftiapet.com\/es\/brands\/craftia-harmona\/\" style=\"border-radius:18px;padding-right:var(--wp--preset--spacing--30);padding-left:var(--wp--preset--spacing--30)\">Para gatos<\/a><\/div>\n<\/div>\n<\/div>\n\n\n\n<div class=\"wp-block-column is-layout-flow wp-container-core-column-is-layout-fd134cff wp-block-column-is-layout-flow\" style=\"padding-right:0;padding-left:0;flex-basis:66.66%\">\n<figure class=\"wp-block-image size-full\"><img loading=\"lazy\" decoding=\"async\" width=\"800\" height=\"247\" src=\"https:\/\/kraftiapet.com\/wp-content\/uploads\/2025\/10\/harmona_range.webp\" alt=\"\" class=\"wp-image-1738\" srcset=\"https:\/\/kraftiapet.com\/wp-content\/uploads\/2025\/10\/harmona_range.webp 800w, https:\/\/kraftiapet.com\/wp-content\/uploads\/2025\/10\/harmona_range-300x93.webp 300w, https:\/\/kraftiapet.com\/wp-content\/uploads\/2025\/10\/harmona_range-768x237.webp 768w, https:\/\/kraftiapet.com\/wp-content\/uploads\/2025\/10\/harmona_range-600x185.webp 600w\" sizes=\"auto, (max-width: 800px) 100vw, 800px\" \/><\/figure>\n<\/div>\n<\/div>\n\n<p><\/p>\n","protected":false},"excerpt":{"rendered":"<p>Una filosof\u00eda &#8211; Dos l\u00edneas &#8211; Nutrici\u00f3n completa Con o sin cereales, las recetas Craftia comparten la misma filosof\u00eda: crear alimentos nutritivos, honestos y deliciosos que ayuden a las mascotas a prosperar, de forma natural.Craftia re\u00fane dos l\u00edneas de productos complementarias, cada una con su propio car\u00e1cter, pero unidas por los mismos valores inflexibles. Craftia [&hellip;]<\/p>\n","protected":false},"author":1,"featured_media":0,"parent":0,"menu_order":0,"comment_status":"closed","ping_status":"closed","template":"","meta":{"_acf_changed":false,"footnotes":""},"class_list":["post-6768","page","type-page","status-publish","hentry"],"blocksy_meta":[],"acf":[],"_links":{"self":[{"href":"https:\/\/kraftiapet.com\/es\/wp-json\/wp\/v2\/pages\/6768","targetHints":{"allow":["GET"]}}],"collection":[{"href":"https:\/\/kraftiapet.com\/es\/wp-json\/wp\/v2\/pages"}],"about":[{"href":"https:\/\/kraftiapet.com\/es\/wp-json\/wp\/v2\/types\/page"}],"author":[{"embeddable":true,"href":"https:\/\/kraftiapet.com\/es\/wp-json\/wp\/v2\/users\/1"}],"replies":[{"embeddable":true,"href":"https:\/\/kraftiapet.com\/es\/wp-json\/wp\/v2\/comments?post=6768"}],"version-history":[{"count":9,"href":"https:\/\/kraftiapet.com\/es\/wp-json\/wp\/v2\/pages\/6768\/revisions"}],"predecessor-version":[{"id":6933,"href":"https:\/\/kraftiapet.com\/es\/wp-json\/wp\/v2\/pages\/6768\/revisions\/6933"}],"wp:attachment":[{"href":"https:\/\/kraftiapet.com\/es\/wp-json\/wp\/v2\/media?parent=6768"}],"curies":[{"name":"wp","href":"https:\/\/api.w.org\/{rel}","templated":true}]}}