{"id":6807,"date":"2025-09-26T09:54:43","date_gmt":"2025-09-26T09:54:43","guid":{"rendered":"https:\/\/kraftiapet.com\/?post_type=product&#038;p=6807"},"modified":"2026-04-22T13:38:13","modified_gmt":"2026-04-22T13:38:13","slug":"finest-from-the-sky-2","status":"publish","type":"product","link":"https:\/\/kraftiapet.com\/es\/product\/finest-from-the-sky-2\/","title":{"rendered":"Finest From the Sky"},"content":{"rendered":"","protected":false},"excerpt":{"rendered":"<p>Finest From the Sky \u2013 Rawival es un alimento premium para gatos adultos, con pato y pavo. El pato crudo deshuesado y el pavo crudo deshuesado forman una combinaci\u00f3n muy sabrosa y saludable: juntos proporcionan una fuente sana de prote\u00ednas que ayudan a mantener unos m\u00fasculos fuertes y \u00e1giles. Estas prote\u00ednas, junto con el aceite de salm\u00f3n, ayudan a mantener una piel sana y un pelo brillante.  <\/p>\n","protected":false},"featured_media":6808,"comment_status":"open","ping_status":"closed","template":"","meta":{"_acf_changed":false},"pwb-brand":[],"product_brand":[537],"product_cat":[538,539],"product_tag":[],"class_list":{"0":"post-6807","1":"product","2":"type-product","3":"status-publish","4":"has-post-thumbnail","6":"product_brand-rawival","7":"product_cat-comida-para-gatos","8":"product_cat-gato-adulto","10":"first","11":"instock","12":"taxable","13":"shipping-taxable","14":"product-type-variable"},"acf":[],"brands":[],"_links":{"self":[{"href":"https:\/\/kraftiapet.com\/es\/wp-json\/wp\/v2\/product\/6807","targetHints":{"allow":["GET"]}}],"collection":[{"href":"https:\/\/kraftiapet.com\/es\/wp-json\/wp\/v2\/product"}],"about":[{"href":"https:\/\/kraftiapet.com\/es\/wp-json\/wp\/v2\/types\/product"}],"replies":[{"embeddable":true,"href":"https:\/\/kraftiapet.com\/es\/wp-json\/wp\/v2\/comments?post=6807"}],"wp:featuredmedia":[{"embeddable":true,"href":"https:\/\/kraftiapet.com\/es\/wp-json\/wp\/v2\/media\/6808"}],"wp:attachment":[{"href":"https:\/\/kraftiapet.com\/es\/wp-json\/wp\/v2\/media?parent=6807"}],"wp:term":[{"taxonomy":"pwb-brand","embeddable":true,"href":"https:\/\/kraftiapet.com\/es\/wp-json\/wp\/v2\/pwb-brand?post=6807"},{"taxonomy":"product_brand","embeddable":true,"href":"https:\/\/kraftiapet.com\/es\/wp-json\/wp\/v2\/product_brand?post=6807"},{"taxonomy":"product_cat","embeddable":true,"href":"https:\/\/kraftiapet.com\/es\/wp-json\/wp\/v2\/product_cat?post=6807"},{"taxonomy":"product_tag","embeddable":true,"href":"https:\/\/kraftiapet.com\/es\/wp-json\/wp\/v2\/product_tag?post=6807"}],"curies":[{"name":"wp","href":"https:\/\/api.w.org\/{rel}","templated":true}]}}