{"id":6822,"date":"2025-09-26T09:20:37","date_gmt":"2025-09-26T09:20:37","guid":{"rendered":"https:\/\/kraftiapet.com\/?post_type=product&#038;p=6822"},"modified":"2026-04-22T13:38:13","modified_gmt":"2026-04-22T13:38:13","slug":"gifts-of-land-and-sea","status":"publish","type":"product","link":"https:\/\/kraftiapet.com\/es\/product\/gifts-of-land-and-sea\/","title":{"rendered":"Gifts of Land and Sea"},"content":{"rendered":"","protected":false},"excerpt":{"rendered":"<p>Gifts of Land and Sea \u2013 Rawival es un alimento premium para gatitos, con pollo, salm\u00f3n y arenque. El pollo crudo deshuesado y el arenque y el salm\u00f3n, reci\u00e9n congelados, forman una combinaci\u00f3n muy sabrosa y saludable. Aportan prote\u00ednas esenciales y taurina, ambas muy importantes y necesarias para que los gatitos desarrollen ojos y coraz\u00f3n sanos. Las prote\u00ednas tambi\u00e9n ayudan a mantener unos m\u00fasculos fuertes y \u00e1giles.   <\/p>\n","protected":false},"featured_media":6823,"comment_status":"open","ping_status":"closed","template":"","meta":{"_acf_changed":false},"pwb-brand":[],"product_brand":[537],"product_cat":[538,550],"product_tag":[],"class_list":{"0":"post-6822","1":"product","2":"type-product","3":"status-publish","4":"has-post-thumbnail","6":"product_brand-rawival","7":"product_cat-comida-para-gatos","8":"product_cat-gatito","10":"first","11":"instock","12":"taxable","13":"shipping-taxable","14":"product-type-variable"},"acf":[],"brands":[],"_links":{"self":[{"href":"https:\/\/kraftiapet.com\/es\/wp-json\/wp\/v2\/product\/6822","targetHints":{"allow":["GET"]}}],"collection":[{"href":"https:\/\/kraftiapet.com\/es\/wp-json\/wp\/v2\/product"}],"about":[{"href":"https:\/\/kraftiapet.com\/es\/wp-json\/wp\/v2\/types\/product"}],"replies":[{"embeddable":true,"href":"https:\/\/kraftiapet.com\/es\/wp-json\/wp\/v2\/comments?post=6822"}],"wp:featuredmedia":[{"embeddable":true,"href":"https:\/\/kraftiapet.com\/es\/wp-json\/wp\/v2\/media\/6823"}],"wp:attachment":[{"href":"https:\/\/kraftiapet.com\/es\/wp-json\/wp\/v2\/media?parent=6822"}],"wp:term":[{"taxonomy":"pwb-brand","embeddable":true,"href":"https:\/\/kraftiapet.com\/es\/wp-json\/wp\/v2\/pwb-brand?post=6822"},{"taxonomy":"product_brand","embeddable":true,"href":"https:\/\/kraftiapet.com\/es\/wp-json\/wp\/v2\/product_brand?post=6822"},{"taxonomy":"product_cat","embeddable":true,"href":"https:\/\/kraftiapet.com\/es\/wp-json\/wp\/v2\/product_cat?post=6822"},{"taxonomy":"product_tag","embeddable":true,"href":"https:\/\/kraftiapet.com\/es\/wp-json\/wp\/v2\/product_tag?post=6822"}],"curies":[{"name":"wp","href":"https:\/\/api.w.org\/{rel}","templated":true}]}}