{"id":6832,"date":"2025-09-25T10:41:13","date_gmt":"2025-09-25T10:41:13","guid":{"rendered":"https:\/\/kraftiapet.com\/?post_type=product&#038;p=6832"},"modified":"2026-04-22T13:38:14","modified_gmt":"2026-04-22T13:38:14","slug":"gifts-of-land-and-sea-2","status":"publish","type":"product","link":"https:\/\/kraftiapet.com\/es\/product\/gifts-of-land-and-sea-2\/","title":{"rendered":"Gifts of Land and Sea"},"content":{"rendered":"","protected":false},"excerpt":{"rendered":"<p>Gifts of Land and Sea &#8211; Rawival es un alimento premium para gatos adultos con pollo, salm\u00f3n y arenque. El pollo deshuesado crudo y el arenque y el salm\u00f3n reci\u00e9n congelados forman una sabrosa combinaci\u00f3n: juntos proporcionan una fuente saludable de prote\u00ednas, esenciales para los m\u00fasculos de los gatos. Las prote\u00ednas del arenque y el salm\u00f3n, junto con el aceite de salm\u00f3n, ayudan a mantener una piel sana y un pelo brillante.  <\/p>\n","protected":false},"featured_media":6823,"comment_status":"open","ping_status":"closed","template":"","meta":{"_acf_changed":false},"pwb-brand":[],"product_brand":[537],"product_cat":[538,539],"product_tag":[],"class_list":{"0":"post-6832","1":"product","2":"type-product","3":"status-publish","4":"has-post-thumbnail","6":"product_brand-rawival","7":"product_cat-comida-para-gatos","8":"product_cat-gato-adulto","10":"first","11":"instock","12":"taxable","13":"shipping-taxable","14":"product-type-variable"},"acf":[],"brands":[],"_links":{"self":[{"href":"https:\/\/kraftiapet.com\/es\/wp-json\/wp\/v2\/product\/6832","targetHints":{"allow":["GET"]}}],"collection":[{"href":"https:\/\/kraftiapet.com\/es\/wp-json\/wp\/v2\/product"}],"about":[{"href":"https:\/\/kraftiapet.com\/es\/wp-json\/wp\/v2\/types\/product"}],"replies":[{"embeddable":true,"href":"https:\/\/kraftiapet.com\/es\/wp-json\/wp\/v2\/comments?post=6832"}],"wp:featuredmedia":[{"embeddable":true,"href":"https:\/\/kraftiapet.com\/es\/wp-json\/wp\/v2\/media\/6823"}],"wp:attachment":[{"href":"https:\/\/kraftiapet.com\/es\/wp-json\/wp\/v2\/media?parent=6832"}],"wp:term":[{"taxonomy":"pwb-brand","embeddable":true,"href":"https:\/\/kraftiapet.com\/es\/wp-json\/wp\/v2\/pwb-brand?post=6832"},{"taxonomy":"product_brand","embeddable":true,"href":"https:\/\/kraftiapet.com\/es\/wp-json\/wp\/v2\/product_brand?post=6832"},{"taxonomy":"product_cat","embeddable":true,"href":"https:\/\/kraftiapet.com\/es\/wp-json\/wp\/v2\/product_cat?post=6832"},{"taxonomy":"product_tag","embeddable":true,"href":"https:\/\/kraftiapet.com\/es\/wp-json\/wp\/v2\/product_tag?post=6832"}],"curies":[{"name":"wp","href":"https:\/\/api.w.org\/{rel}","templated":true}]}}