{"id":6836,"date":"2025-09-29T08:46:19","date_gmt":"2025-09-29T08:46:19","guid":{"rendered":"https:\/\/kraftiapet.com\/?post_type=product&#038;p=6836"},"modified":"2026-04-22T13:38:08","modified_gmt":"2026-04-22T13:38:08","slug":"north-seas-finest-3","status":"publish","type":"product","link":"https:\/\/kraftiapet.com\/es\/product\/north-seas-finest-3\/","title":{"rendered":"North Sea\u2019s Finest"},"content":{"rendered":"","protected":false},"excerpt":{"rendered":"<p>North Sea&#8217;s Finest \u2013 Rawival es un alimento premium para perros adultos de razas mini y peque\u00f1as, con salm\u00f3n y arenque. El salm\u00f3n y el arenque, reci\u00e9n congelados, proporcionan una exquisita y sabrosa mezcla que aporta todas las prote\u00ednas nutritivas que necesita un perro activo. Una mezcla de cereales saludables, incluidos granos ancestrales, proporciona energ\u00eda para correr y jugar, y un ingrediente especial de algas pardas ayuda a mantener la salud dental y de las enc\u00edas.  <\/p>\n","protected":false},"featured_media":6837,"comment_status":"open","ping_status":"closed","template":"","meta":{"_acf_changed":false},"pwb-brand":[],"product_brand":[537],"product_cat":[547,548],"product_tag":[],"class_list":{"0":"post-6836","1":"product","2":"type-product","3":"status-publish","4":"has-post-thumbnail","6":"product_brand-rawival","7":"product_cat-comida-para-perros","8":"product_cat-perro-adulto","10":"first","11":"instock","12":"taxable","13":"shipping-taxable","14":"product-type-variable"},"acf":[],"brands":[],"_links":{"self":[{"href":"https:\/\/kraftiapet.com\/es\/wp-json\/wp\/v2\/product\/6836","targetHints":{"allow":["GET"]}}],"collection":[{"href":"https:\/\/kraftiapet.com\/es\/wp-json\/wp\/v2\/product"}],"about":[{"href":"https:\/\/kraftiapet.com\/es\/wp-json\/wp\/v2\/types\/product"}],"replies":[{"embeddable":true,"href":"https:\/\/kraftiapet.com\/es\/wp-json\/wp\/v2\/comments?post=6836"}],"wp:featuredmedia":[{"embeddable":true,"href":"https:\/\/kraftiapet.com\/es\/wp-json\/wp\/v2\/media\/6837"}],"wp:attachment":[{"href":"https:\/\/kraftiapet.com\/es\/wp-json\/wp\/v2\/media?parent=6836"}],"wp:term":[{"taxonomy":"pwb-brand","embeddable":true,"href":"https:\/\/kraftiapet.com\/es\/wp-json\/wp\/v2\/pwb-brand?post=6836"},{"taxonomy":"product_brand","embeddable":true,"href":"https:\/\/kraftiapet.com\/es\/wp-json\/wp\/v2\/product_brand?post=6836"},{"taxonomy":"product_cat","embeddable":true,"href":"https:\/\/kraftiapet.com\/es\/wp-json\/wp\/v2\/product_cat?post=6836"},{"taxonomy":"product_tag","embeddable":true,"href":"https:\/\/kraftiapet.com\/es\/wp-json\/wp\/v2\/product_tag?post=6836"}],"curies":[{"name":"wp","href":"https:\/\/api.w.org\/{rel}","templated":true}]}}