{"id":6856,"date":"2025-09-26T11:30:39","date_gmt":"2025-09-26T11:30:39","guid":{"rendered":"https:\/\/kraftiapet.com\/?post_type=product&#038;p=6856"},"modified":"2026-04-22T13:38:10","modified_gmt":"2026-04-22T13:38:10","slug":"wild-gifts-with-wings-2","status":"publish","type":"product","link":"https:\/\/kraftiapet.com\/es\/product\/wild-gifts-with-wings-2\/","title":{"rendered":"Wild Gifts with Wings"},"content":{"rendered":"","protected":false},"excerpt":{"rendered":"<p>Wild Gifts with Wings \u2013 Rawival es un alimento premium para perros adultos de razas medianas y grandes, con pato y fais\u00e1n. El pato crudo deshuesado y el fais\u00e1n crudo deshuesado proporcionan una exquisita y sabrosa mezcla que aporta las prote\u00ednas nutritivas que necesita un perro activo. Una mezcla de cereales saludables, incluidos granos ancestrales, proporciona energ\u00eda para los largos paseos. Los prebi\u00f3ticos, las fibras, los fitonutrientes y las vitaminas contribuyen a la salud del tracto intestinal.   <\/p>\n","protected":false},"featured_media":6858,"comment_status":"open","ping_status":"closed","template":"","meta":{"_acf_changed":false},"pwb-brand":[],"product_brand":[537],"product_cat":[547,548],"product_tag":[],"class_list":{"0":"post-6856","1":"product","2":"type-product","3":"status-publish","4":"has-post-thumbnail","6":"product_brand-rawival","7":"product_cat-comida-para-perros","8":"product_cat-perro-adulto","10":"first","11":"instock","12":"taxable","13":"shipping-taxable","14":"product-type-variable"},"acf":[],"brands":[],"_links":{"self":[{"href":"https:\/\/kraftiapet.com\/es\/wp-json\/wp\/v2\/product\/6856","targetHints":{"allow":["GET"]}}],"collection":[{"href":"https:\/\/kraftiapet.com\/es\/wp-json\/wp\/v2\/product"}],"about":[{"href":"https:\/\/kraftiapet.com\/es\/wp-json\/wp\/v2\/types\/product"}],"replies":[{"embeddable":true,"href":"https:\/\/kraftiapet.com\/es\/wp-json\/wp\/v2\/comments?post=6856"}],"wp:featuredmedia":[{"embeddable":true,"href":"https:\/\/kraftiapet.com\/es\/wp-json\/wp\/v2\/media\/6858"}],"wp:attachment":[{"href":"https:\/\/kraftiapet.com\/es\/wp-json\/wp\/v2\/media?parent=6856"}],"wp:term":[{"taxonomy":"pwb-brand","embeddable":true,"href":"https:\/\/kraftiapet.com\/es\/wp-json\/wp\/v2\/pwb-brand?post=6856"},{"taxonomy":"product_brand","embeddable":true,"href":"https:\/\/kraftiapet.com\/es\/wp-json\/wp\/v2\/product_brand?post=6856"},{"taxonomy":"product_cat","embeddable":true,"href":"https:\/\/kraftiapet.com\/es\/wp-json\/wp\/v2\/product_cat?post=6856"},{"taxonomy":"product_tag","embeddable":true,"href":"https:\/\/kraftiapet.com\/es\/wp-json\/wp\/v2\/product_tag?post=6856"}],"curies":[{"name":"wp","href":"https:\/\/api.w.org\/{rel}","templated":true}]}}