{"id":6886,"date":"2025-09-26T10:45:37","date_gmt":"2025-09-26T10:45:37","guid":{"rendered":"https:\/\/kraftiapet.com\/?post_type=product&#038;p=6886"},"modified":"2026-04-22T13:38:11","modified_gmt":"2026-04-22T13:38:11","slug":"north-seas-finest-5","status":"publish","type":"product","link":"https:\/\/kraftiapet.com\/es\/product\/north-seas-finest-5\/","title":{"rendered":"North Sea&#8217;s Finest"},"content":{"rendered":"","protected":false},"excerpt":{"rendered":"<p>North Sea&#8217;s Finest \u2013 Rawival es un alimento premium para gatos adultos, con salm\u00f3n y arenque. El salm\u00f3n y el arenque, reci\u00e9n congelados, son una sabrosa y apetecible mezcla de prote\u00ednas de alta calidad que contribuyen a la salud de todo el organismo del gato. Junto con el aceite de salm\u00f3n, estas prote\u00ednas ayudan a mantener una piel sana y un pelo brillante, y la alta digestibilidad de las prote\u00ednas contribuye a unos m\u00fasculos fuertes y \u00e1giles.  <\/p>\n","protected":false},"featured_media":6887,"comment_status":"open","ping_status":"closed","template":"","meta":{"_acf_changed":false},"pwb-brand":[],"product_brand":[537],"product_cat":[538,539],"product_tag":[],"class_list":{"0":"post-6886","1":"product","2":"type-product","3":"status-publish","4":"has-post-thumbnail","6":"product_brand-rawival","7":"product_cat-comida-para-gatos","8":"product_cat-gato-adulto","10":"first","11":"instock","12":"taxable","13":"shipping-taxable","14":"product-type-variable"},"acf":[],"brands":[],"_links":{"self":[{"href":"https:\/\/kraftiapet.com\/es\/wp-json\/wp\/v2\/product\/6886","targetHints":{"allow":["GET"]}}],"collection":[{"href":"https:\/\/kraftiapet.com\/es\/wp-json\/wp\/v2\/product"}],"about":[{"href":"https:\/\/kraftiapet.com\/es\/wp-json\/wp\/v2\/types\/product"}],"replies":[{"embeddable":true,"href":"https:\/\/kraftiapet.com\/es\/wp-json\/wp\/v2\/comments?post=6886"}],"wp:featuredmedia":[{"embeddable":true,"href":"https:\/\/kraftiapet.com\/es\/wp-json\/wp\/v2\/media\/6887"}],"wp:attachment":[{"href":"https:\/\/kraftiapet.com\/es\/wp-json\/wp\/v2\/media?parent=6886"}],"wp:term":[{"taxonomy":"pwb-brand","embeddable":true,"href":"https:\/\/kraftiapet.com\/es\/wp-json\/wp\/v2\/pwb-brand?post=6886"},{"taxonomy":"product_brand","embeddable":true,"href":"https:\/\/kraftiapet.com\/es\/wp-json\/wp\/v2\/product_brand?post=6886"},{"taxonomy":"product_cat","embeddable":true,"href":"https:\/\/kraftiapet.com\/es\/wp-json\/wp\/v2\/product_cat?post=6886"},{"taxonomy":"product_tag","embeddable":true,"href":"https:\/\/kraftiapet.com\/es\/wp-json\/wp\/v2\/product_tag?post=6886"}],"curies":[{"name":"wp","href":"https:\/\/api.w.org\/{rel}","templated":true}]}}