{"id":6891,"date":"2025-09-29T09:02:03","date_gmt":"2025-09-29T09:02:03","guid":{"rendered":"https:\/\/kraftiapet.com\/?post_type=product&#038;p=6891"},"modified":"2026-04-22T13:38:08","modified_gmt":"2026-04-22T13:38:08","slug":"north-seas-finest","status":"publish","type":"product","link":"https:\/\/kraftiapet.com\/es\/product\/north-seas-finest\/","title":{"rendered":"North Sea\u2019s Finest"},"content":{"rendered":"","protected":false},"excerpt":{"rendered":"<p>North Sea&#8217;s Finest \u2013 Rawival es un alimento premium para cachorros de razas mini y peque\u00f1as, con salm\u00f3n y arenque. El salm\u00f3n y el arenque, reci\u00e9n congelados, forman una combinaci\u00f3n perfecta que aporta prote\u00ednas sabrosas y de alta calidad para favorecer un crecimiento y desarrollo saludables. Una mezcla de cereales saludables, incluidos granos ancestrales, proporciona energ\u00eda para el crecimiento, y la receta tambi\u00e9n es apta para madres gestantes o en periodo de lactancia.  <\/p>\n","protected":false},"featured_media":6892,"comment_status":"open","ping_status":"closed","template":"","meta":{"_acf_changed":false},"pwb-brand":[],"product_brand":[537],"product_cat":[554,547],"product_tag":[],"class_list":{"0":"post-6891","1":"product","2":"type-product","3":"status-publish","4":"has-post-thumbnail","6":"product_brand-rawival","7":"product_cat-cachorro","8":"product_cat-comida-para-perros","10":"first","11":"instock","12":"taxable","13":"shipping-taxable","14":"product-type-variable"},"acf":[],"brands":[],"_links":{"self":[{"href":"https:\/\/kraftiapet.com\/es\/wp-json\/wp\/v2\/product\/6891","targetHints":{"allow":["GET"]}}],"collection":[{"href":"https:\/\/kraftiapet.com\/es\/wp-json\/wp\/v2\/product"}],"about":[{"href":"https:\/\/kraftiapet.com\/es\/wp-json\/wp\/v2\/types\/product"}],"replies":[{"embeddable":true,"href":"https:\/\/kraftiapet.com\/es\/wp-json\/wp\/v2\/comments?post=6891"}],"wp:featuredmedia":[{"embeddable":true,"href":"https:\/\/kraftiapet.com\/es\/wp-json\/wp\/v2\/media\/6892"}],"wp:attachment":[{"href":"https:\/\/kraftiapet.com\/es\/wp-json\/wp\/v2\/media?parent=6891"}],"wp:term":[{"taxonomy":"pwb-brand","embeddable":true,"href":"https:\/\/kraftiapet.com\/es\/wp-json\/wp\/v2\/pwb-brand?post=6891"},{"taxonomy":"product_brand","embeddable":true,"href":"https:\/\/kraftiapet.com\/es\/wp-json\/wp\/v2\/product_brand?post=6891"},{"taxonomy":"product_cat","embeddable":true,"href":"https:\/\/kraftiapet.com\/es\/wp-json\/wp\/v2\/product_cat?post=6891"},{"taxonomy":"product_tag","embeddable":true,"href":"https:\/\/kraftiapet.com\/es\/wp-json\/wp\/v2\/product_tag?post=6891"}],"curies":[{"name":"wp","href":"https:\/\/api.w.org\/{rel}","templated":true}]}}