{"id":6906,"date":"2025-09-26T11:01:26","date_gmt":"2025-09-26T11:01:26","guid":{"rendered":"https:\/\/kraftiapet.com\/?post_type=product&#038;p=6906"},"modified":"2026-04-22T15:33:33","modified_gmt":"2026-04-22T15:33:33","slug":"chicken-fish","status":"publish","type":"product","link":"https:\/\/kraftiapet.com\/es\/product\/chicken-fish\/","title":{"rendered":"Chicken &amp; Fish"},"content":{"rendered":"","protected":false},"excerpt":{"rendered":"<p>Craftia Harmona Chicken &amp; Fish es un alimento premium para gatitos, con pollo y pescado. El pollo y el pescado forman una sabrosa combinaci\u00f3n: ambos proporcionan una fuente saludable de prote\u00ednas, esenciales para los gatos, que ayudan a mantener unos m\u00fasculos fuertes y \u00e1giles. El pescado y el aceite de pescado son importantes para ayudar a mantener una piel sana y un pelo brillante.  <\/p>\n","protected":false},"featured_media":6907,"comment_status":"open","ping_status":"closed","template":"","meta":{"_acf_changed":false},"pwb-brand":[],"product_brand":[562],"product_cat":[538,550],"product_tag":[],"class_list":{"0":"post-6906","1":"product","2":"type-product","3":"status-publish","4":"has-post-thumbnail","6":"product_brand-craftia-harmona","7":"product_cat-comida-para-gatos","8":"product_cat-gatito","10":"first","11":"instock","12":"taxable","13":"shipping-taxable","14":"product-type-variable"},"acf":[],"brands":[],"_links":{"self":[{"href":"https:\/\/kraftiapet.com\/es\/wp-json\/wp\/v2\/product\/6906","targetHints":{"allow":["GET"]}}],"collection":[{"href":"https:\/\/kraftiapet.com\/es\/wp-json\/wp\/v2\/product"}],"about":[{"href":"https:\/\/kraftiapet.com\/es\/wp-json\/wp\/v2\/types\/product"}],"replies":[{"embeddable":true,"href":"https:\/\/kraftiapet.com\/es\/wp-json\/wp\/v2\/comments?post=6906"}],"wp:featuredmedia":[{"embeddable":true,"href":"https:\/\/kraftiapet.com\/es\/wp-json\/wp\/v2\/media\/6907"}],"wp:attachment":[{"href":"https:\/\/kraftiapet.com\/es\/wp-json\/wp\/v2\/media?parent=6906"}],"wp:term":[{"taxonomy":"pwb-brand","embeddable":true,"href":"https:\/\/kraftiapet.com\/es\/wp-json\/wp\/v2\/pwb-brand?post=6906"},{"taxonomy":"product_brand","embeddable":true,"href":"https:\/\/kraftiapet.com\/es\/wp-json\/wp\/v2\/product_brand?post=6906"},{"taxonomy":"product_cat","embeddable":true,"href":"https:\/\/kraftiapet.com\/es\/wp-json\/wp\/v2\/product_cat?post=6906"},{"taxonomy":"product_tag","embeddable":true,"href":"https:\/\/kraftiapet.com\/es\/wp-json\/wp\/v2\/product_tag?post=6906"}],"curies":[{"name":"wp","href":"https:\/\/api.w.org\/{rel}","templated":true}]}}