{"id":6915,"date":"2025-09-26T11:51:16","date_gmt":"2025-09-26T11:51:16","guid":{"rendered":"https:\/\/kraftiapet.com\/?post_type=product&#038;p=6915"},"modified":"2026-04-22T15:33:32","modified_gmt":"2026-04-22T15:33:32","slug":"duck-turkey-para-gatos-esterilizados","status":"publish","type":"product","link":"https:\/\/kraftiapet.com\/es\/product\/duck-turkey-para-gatos-esterilizados\/","title":{"rendered":"Duck &amp; Turkey &#8211; para gatos esterilizados"},"content":{"rendered":"","protected":false},"excerpt":{"rendered":"<p>Craftia Harmona Duck &amp; Turkey es un alimento seco premium para gatos esterilizados, con pato y pavo. El pato y el pavo proporcionan prote\u00ednas altamente digestibles, que ayudan a mantener un sistema inmunitario sano, un coraz\u00f3n sano y unos m\u00fasculos sanos, fuertes y \u00e1giles. La combinaci\u00f3n de carne de pato y pavo proporciona un sabor que encantar\u00e1 a los gatos.  <\/p>\n","protected":false},"featured_media":6916,"comment_status":"open","ping_status":"closed","template":"","meta":{"_acf_changed":false},"pwb-brand":[],"product_brand":[562],"product_cat":[538,539],"product_tag":[],"class_list":{"0":"post-6915","1":"product","2":"type-product","3":"status-publish","4":"has-post-thumbnail","6":"product_brand-craftia-harmona","7":"product_cat-comida-para-gatos","8":"product_cat-gato-adulto","10":"first","11":"instock","12":"taxable","13":"shipping-taxable","14":"product-type-variable"},"acf":[],"brands":[],"_links":{"self":[{"href":"https:\/\/kraftiapet.com\/es\/wp-json\/wp\/v2\/product\/6915","targetHints":{"allow":["GET"]}}],"collection":[{"href":"https:\/\/kraftiapet.com\/es\/wp-json\/wp\/v2\/product"}],"about":[{"href":"https:\/\/kraftiapet.com\/es\/wp-json\/wp\/v2\/types\/product"}],"replies":[{"embeddable":true,"href":"https:\/\/kraftiapet.com\/es\/wp-json\/wp\/v2\/comments?post=6915"}],"wp:featuredmedia":[{"embeddable":true,"href":"https:\/\/kraftiapet.com\/es\/wp-json\/wp\/v2\/media\/6916"}],"wp:attachment":[{"href":"https:\/\/kraftiapet.com\/es\/wp-json\/wp\/v2\/media?parent=6915"}],"wp:term":[{"taxonomy":"pwb-brand","embeddable":true,"href":"https:\/\/kraftiapet.com\/es\/wp-json\/wp\/v2\/pwb-brand?post=6915"},{"taxonomy":"product_brand","embeddable":true,"href":"https:\/\/kraftiapet.com\/es\/wp-json\/wp\/v2\/product_brand?post=6915"},{"taxonomy":"product_cat","embeddable":true,"href":"https:\/\/kraftiapet.com\/es\/wp-json\/wp\/v2\/product_cat?post=6915"},{"taxonomy":"product_tag","embeddable":true,"href":"https:\/\/kraftiapet.com\/es\/wp-json\/wp\/v2\/product_tag?post=6915"}],"curies":[{"name":"wp","href":"https:\/\/api.w.org\/{rel}","templated":true}]}}