{"id":6962,"date":"2025-10-02T07:02:22","date_gmt":"2025-10-02T07:02:22","guid":{"rendered":"https:\/\/kraftiapet.com\/?post_type=product&#038;p=6962"},"modified":"2026-04-23T12:49:39","modified_gmt":"2026-04-23T12:49:39","slug":"chicken-with-super-veggies","status":"publish","type":"product","link":"https:\/\/kraftiapet.com\/es\/product\/chicken-with-super-veggies\/","title":{"rendered":"Chicken With Super Veggies"},"content":{"rendered":"","protected":false},"excerpt":{"rendered":"<p>Vida Super Chicken &amp; Veggies es un alimento premium para gatos con pollo y verduras. Una deliciosa combinaci\u00f3n de pollo rico en prote\u00ednas, amino\u00e1cidos y glucosamina, todos ellos esenciales para unas articulaciones sanas. Las verduras, como las zanahorias y las manzanas, ayudan a mantener la salud ocular y el tr\u00e1nsito intestinal.  <\/p>\n","protected":false},"featured_media":6963,"comment_status":"open","ping_status":"closed","template":"","meta":{"_acf_changed":false},"pwb-brand":[],"product_brand":[567],"product_cat":[538,539],"product_tag":[],"class_list":{"0":"post-6962","1":"product","2":"type-product","3":"status-publish","4":"has-post-thumbnail","6":"product_brand-vida-super","7":"product_cat-cat-food","8":"product_cat-adult-cat","10":"first","11":"instock","12":"taxable","13":"shipping-taxable","14":"product-type-variable"},"acf":[],"brands":[],"_links":{"self":[{"href":"https:\/\/kraftiapet.com\/es\/wp-json\/wp\/v2\/product\/6962","targetHints":{"allow":["GET"]}}],"collection":[{"href":"https:\/\/kraftiapet.com\/es\/wp-json\/wp\/v2\/product"}],"about":[{"href":"https:\/\/kraftiapet.com\/es\/wp-json\/wp\/v2\/types\/product"}],"replies":[{"embeddable":true,"href":"https:\/\/kraftiapet.com\/es\/wp-json\/wp\/v2\/comments?post=6962"}],"wp:featuredmedia":[{"embeddable":true,"href":"https:\/\/kraftiapet.com\/es\/wp-json\/wp\/v2\/media\/6963"}],"wp:attachment":[{"href":"https:\/\/kraftiapet.com\/es\/wp-json\/wp\/v2\/media?parent=6962"}],"wp:term":[{"taxonomy":"pwb-brand","embeddable":true,"href":"https:\/\/kraftiapet.com\/es\/wp-json\/wp\/v2\/pwb-brand?post=6962"},{"taxonomy":"product_brand","embeddable":true,"href":"https:\/\/kraftiapet.com\/es\/wp-json\/wp\/v2\/product_brand?post=6962"},{"taxonomy":"product_cat","embeddable":true,"href":"https:\/\/kraftiapet.com\/es\/wp-json\/wp\/v2\/product_cat?post=6962"},{"taxonomy":"product_tag","embeddable":true,"href":"https:\/\/kraftiapet.com\/es\/wp-json\/wp\/v2\/product_tag?post=6962"}],"curies":[{"name":"wp","href":"https:\/\/api.w.org\/{rel}","templated":true}]}}