{"id":6971,"date":"2025-10-02T10:37:20","date_gmt":"2025-10-02T10:37:20","guid":{"rendered":"https:\/\/kraftiapet.com\/?post_type=product&#038;p=6971"},"modified":"2026-04-23T12:49:37","modified_gmt":"2026-04-23T12:49:37","slug":"with-chicken-lamb-super-veggies-caza","status":"publish","type":"product","link":"https:\/\/kraftiapet.com\/es\/product\/with-chicken-lamb-super-veggies-caza\/","title":{"rendered":"With Chicken, Lamb &amp; Super Veggies (Caza)"},"content":{"rendered":"","protected":false},"excerpt":{"rendered":"<p>Vida Super Chicken, Lamb &amp; Veggies es un alimento premium para perros de razas medianas y grandes, con pollo, cordero y verduras. El pollo y el cordero est\u00e1n perfectamente equilibrados para mantener a las mascotas felices y llenas de energ\u00eda. Adem\u00e1s de las prote\u00ednas esenciales para unos huesos fuertes y saludables, incluye espinacas y ar\u00e1ndanos ricos en vitaminas, minerales y antioxidantes.  <\/p>\n","protected":false},"featured_media":6972,"comment_status":"open","ping_status":"closed","template":"","meta":{"_acf_changed":false},"pwb-brand":[],"product_brand":[567],"product_cat":[547,548],"product_tag":[],"class_list":{"0":"post-6971","1":"product","2":"type-product","3":"status-publish","4":"has-post-thumbnail","6":"product_brand-vida-super","7":"product_cat-dog-food","8":"product_cat-adult-dog","10":"first","11":"instock","12":"taxable","13":"shipping-taxable","14":"product-type-variable"},"acf":[],"brands":[],"_links":{"self":[{"href":"https:\/\/kraftiapet.com\/es\/wp-json\/wp\/v2\/product\/6971","targetHints":{"allow":["GET"]}}],"collection":[{"href":"https:\/\/kraftiapet.com\/es\/wp-json\/wp\/v2\/product"}],"about":[{"href":"https:\/\/kraftiapet.com\/es\/wp-json\/wp\/v2\/types\/product"}],"replies":[{"embeddable":true,"href":"https:\/\/kraftiapet.com\/es\/wp-json\/wp\/v2\/comments?post=6971"}],"wp:featuredmedia":[{"embeddable":true,"href":"https:\/\/kraftiapet.com\/es\/wp-json\/wp\/v2\/media\/6972"}],"wp:attachment":[{"href":"https:\/\/kraftiapet.com\/es\/wp-json\/wp\/v2\/media?parent=6971"}],"wp:term":[{"taxonomy":"pwb-brand","embeddable":true,"href":"https:\/\/kraftiapet.com\/es\/wp-json\/wp\/v2\/pwb-brand?post=6971"},{"taxonomy":"product_brand","embeddable":true,"href":"https:\/\/kraftiapet.com\/es\/wp-json\/wp\/v2\/product_brand?post=6971"},{"taxonomy":"product_cat","embeddable":true,"href":"https:\/\/kraftiapet.com\/es\/wp-json\/wp\/v2\/product_cat?post=6971"},{"taxonomy":"product_tag","embeddable":true,"href":"https:\/\/kraftiapet.com\/es\/wp-json\/wp\/v2\/product_tag?post=6971"}],"curies":[{"name":"wp","href":"https:\/\/api.w.org\/{rel}","templated":true}]}}