{"id":6976,"date":"2025-10-02T09:14:07","date_gmt":"2025-10-02T09:14:07","guid":{"rendered":"https:\/\/kraftiapet.com\/?post_type=product&#038;p=6976"},"modified":"2026-04-23T12:49:38","modified_gmt":"2026-04-23T12:49:38","slug":"rich-in-ocean-fish-with-salmon-super-veggies","status":"publish","type":"product","link":"https:\/\/kraftiapet.com\/es\/product\/rich-in-ocean-fish-with-salmon-super-veggies\/","title":{"rendered":"Rich in Ocean Fish With Salmon &amp; Super Veggies"},"content":{"rendered":"","protected":false},"excerpt":{"rendered":"<p>Vida Super Ocean Fish &amp; Salmon es un alimento premium para gatos con pescado de mar, salm\u00f3n y verduras. Una deliciosa comida que los gatos adorar\u00e1n. Con pescado de mar y salm\u00f3n, excelentes para la piel y un pelaje brillante, y calabaza rica en fibra, est\u00e1 repleto de nutrientes esenciales que aportan equilibrio al cuerpo y la mente.  <\/p>\n","protected":false},"featured_media":6978,"comment_status":"open","ping_status":"closed","template":"","meta":{"_acf_changed":false},"pwb-brand":[],"product_brand":[567],"product_cat":[538,539],"product_tag":[],"class_list":{"0":"post-6976","1":"product","2":"type-product","3":"status-publish","4":"has-post-thumbnail","6":"product_brand-vida-super","7":"product_cat-cat-food","8":"product_cat-adult-cat","10":"first","11":"instock","12":"taxable","13":"shipping-taxable","14":"product-type-variable"},"acf":[],"brands":[],"_links":{"self":[{"href":"https:\/\/kraftiapet.com\/es\/wp-json\/wp\/v2\/product\/6976","targetHints":{"allow":["GET"]}}],"collection":[{"href":"https:\/\/kraftiapet.com\/es\/wp-json\/wp\/v2\/product"}],"about":[{"href":"https:\/\/kraftiapet.com\/es\/wp-json\/wp\/v2\/types\/product"}],"replies":[{"embeddable":true,"href":"https:\/\/kraftiapet.com\/es\/wp-json\/wp\/v2\/comments?post=6976"}],"wp:featuredmedia":[{"embeddable":true,"href":"https:\/\/kraftiapet.com\/es\/wp-json\/wp\/v2\/media\/6978"}],"wp:attachment":[{"href":"https:\/\/kraftiapet.com\/es\/wp-json\/wp\/v2\/media?parent=6976"}],"wp:term":[{"taxonomy":"pwb-brand","embeddable":true,"href":"https:\/\/kraftiapet.com\/es\/wp-json\/wp\/v2\/pwb-brand?post=6976"},{"taxonomy":"product_brand","embeddable":true,"href":"https:\/\/kraftiapet.com\/es\/wp-json\/wp\/v2\/product_brand?post=6976"},{"taxonomy":"product_cat","embeddable":true,"href":"https:\/\/kraftiapet.com\/es\/wp-json\/wp\/v2\/product_cat?post=6976"},{"taxonomy":"product_tag","embeddable":true,"href":"https:\/\/kraftiapet.com\/es\/wp-json\/wp\/v2\/product_tag?post=6976"}],"curies":[{"name":"wp","href":"https:\/\/api.w.org\/{rel}","templated":true}]}}