{"id":6986,"date":"2025-10-13T09:25:32","date_gmt":"2025-10-13T09:25:32","guid":{"rendered":"https:\/\/kraftiapet.com\/?post_type=product&#038;p=6986"},"modified":"2026-04-24T14:13:14","modified_gmt":"2026-04-24T14:13:14","slug":"stress-free","status":"publish","type":"product","link":"https:\/\/kraftiapet.com\/es\/product\/stress-free\/","title":{"rendered":"Stress Free"},"content":{"rendered":"<p data-start=\"249\" data-end=\"352\">Modo de empleo: 1 comprimido por cada 10 kg de peso corporal al d\u00eda.<\/p>\n<p data-start=\"249\" data-end=\"352\">Administre el\/los comprimido(s) masticable(s) una vez al d\u00eda seg\u00fan la dosis recomendada. El comprimido puede administrarse de las siguientes formas:<\/p>\n<ul data-start=\"353\" data-end=\"529\">\n<li data-start=\"353\" data-end=\"398\">\n<p data-start=\"355\" data-end=\"398\">Directamente al perro como un premio.<\/p>\n<\/li>\n<li data-start=\"399\" data-end=\"448\">\n<p data-start=\"401\" data-end=\"448\">Mezclado con el alimento para facilitar su aceptaci\u00f3n.<\/p>\n<\/li>\n<li data-start=\"449\" data-end=\"529\">\n<p data-start=\"451\" data-end=\"529\">Colocado en la base de la lengua para asegurar su ingesta completa, si es necesario.<\/p>\n<\/li>\n<\/ul>\n<p data-start=\"531\" data-end=\"682\">Aseg\u00farese de que el perro tenga acceso a agua fresca en todo momento. Siga las recomendaciones de su veterinario para una dosificaci\u00f3n y duraci\u00f3n de uso \u00f3ptimas.<\/p>\n","protected":false},"excerpt":{"rendered":"<p>Al igual que los humanos, los perros tambi\u00e9n son susceptibles al estr\u00e9s y a sus efectos perjudiciales sobre la salud psicof\u00edsica. Nuestro suplemento antiestr\u00e9s para perros les ayuda a mantenerse tranquilos y equilibrados, pero, a diferencia de nosotros, los perros no pueden identificar racionalmente la fuente del estr\u00e9s ni reducir el malestar mediante pensamientos calmantes.<\/p>\n<p>Los perros responden a situaciones de estr\u00e9s con miedo e hiperactividad, mientras que algunos pueden experimentar periodos de ansiedad o depresi\u00f3n.<\/p>\n<p><strong>\u00bfCU\u00c1NDO APARECE EL ESTR\u00c9S?<br \/>\n<\/strong><\/p>\n<ul>\n<li>Hiperactividad<\/li>\n<li>Ansiedad<\/li>\n<li>Separaci\u00f3n de sus due\u00f1os (estancia en residencias, quedarse solos en casa)<\/li>\n<li>Situaciones estresantes como temperaturas extremas o visitas al veterinario<\/li>\n<li>Factores estresantes puntuales (petardos, fuegos artificiales, ruidos)<\/li>\n<li>Viajes<\/li>\n<li>Sin sedantes, sin medicamentos y sin efectos secundarios.<\/li>\n<li>No administrar a hembras gestantes ni en periodo de lactancia.<\/li>\n<\/ul>\n","protected":false},"featured_media":6985,"comment_status":"open","ping_status":"closed","template":"","meta":{"_acf_changed":false},"pwb-brand":[],"product_brand":[570],"product_cat":[547,571],"product_tag":[],"class_list":{"0":"post-6986","1":"product","2":"type-product","3":"status-publish","4":"has-post-thumbnail","6":"product_brand-regalena","7":"product_cat-dog-food","8":"product_cat-dog-supplements","10":"first","11":"instock","12":"taxable","13":"shipping-taxable","14":"product-type-variable"},"acf":[],"brands":[],"_links":{"self":[{"href":"https:\/\/kraftiapet.com\/es\/wp-json\/wp\/v2\/product\/6986","targetHints":{"allow":["GET"]}}],"collection":[{"href":"https:\/\/kraftiapet.com\/es\/wp-json\/wp\/v2\/product"}],"about":[{"href":"https:\/\/kraftiapet.com\/es\/wp-json\/wp\/v2\/types\/product"}],"replies":[{"embeddable":true,"href":"https:\/\/kraftiapet.com\/es\/wp-json\/wp\/v2\/comments?post=6986"}],"wp:featuredmedia":[{"embeddable":true,"href":"https:\/\/kraftiapet.com\/es\/wp-json\/wp\/v2\/media\/6985"}],"wp:attachment":[{"href":"https:\/\/kraftiapet.com\/es\/wp-json\/wp\/v2\/media?parent=6986"}],"wp:term":[{"taxonomy":"pwb-brand","embeddable":true,"href":"https:\/\/kraftiapet.com\/es\/wp-json\/wp\/v2\/pwb-brand?post=6986"},{"taxonomy":"product_brand","embeddable":true,"href":"https:\/\/kraftiapet.com\/es\/wp-json\/wp\/v2\/product_brand?post=6986"},{"taxonomy":"product_cat","embeddable":true,"href":"https:\/\/kraftiapet.com\/es\/wp-json\/wp\/v2\/product_cat?post=6986"},{"taxonomy":"product_tag","embeddable":true,"href":"https:\/\/kraftiapet.com\/es\/wp-json\/wp\/v2\/product_tag?post=6986"}],"curies":[{"name":"wp","href":"https:\/\/api.w.org\/{rel}","templated":true}]}}