{"id":6995,"date":"2025-10-07T12:25:05","date_gmt":"2025-10-07T12:25:05","guid":{"rendered":"https:\/\/kraftiapet.com\/?post_type=product&#038;p=6995"},"modified":"2026-04-24T08:38:04","modified_gmt":"2026-04-24T08:38:04","slug":"duck-with-pheasant-2","status":"publish","type":"product","link":"https:\/\/kraftiapet.com\/es\/product\/duck-with-pheasant-2\/","title":{"rendered":"Duck With Pheasant"},"content":{"rendered":"","protected":false},"excerpt":{"rendered":"<p>Craftia Natura Duck with Pheasant es un alimento natural premium para cachorros de razas medianas y grandes con pato y fais\u00e1n. El pato y el fais\u00e1n forman una combinaci\u00f3n natural, atractiva y deliciosa. Aportan una mezcla hipoalerg\u00e9nica natural rica en prote\u00ednas altamente digestibles y nutrientes esenciales. Su alto contenido en prote\u00ednas ayuda a mantener una musculatura sana, y esta combinaci\u00f3n ofrece un sabor extra delicioso.   <\/p>\n","protected":false},"featured_media":7000,"comment_status":"open","ping_status":"closed","template":"","meta":{"_acf_changed":false},"pwb-brand":[],"product_brand":[574],"product_cat":[554,547],"product_tag":[],"class_list":{"0":"post-6995","1":"product","2":"type-product","3":"status-publish","4":"has-post-thumbnail","6":"product_brand-craftia-natura","7":"product_cat-puppy","8":"product_cat-dog-food","10":"first","11":"instock","12":"taxable","13":"shipping-taxable","14":"product-type-variable"},"acf":[],"brands":[],"_links":{"self":[{"href":"https:\/\/kraftiapet.com\/es\/wp-json\/wp\/v2\/product\/6995","targetHints":{"allow":["GET"]}}],"collection":[{"href":"https:\/\/kraftiapet.com\/es\/wp-json\/wp\/v2\/product"}],"about":[{"href":"https:\/\/kraftiapet.com\/es\/wp-json\/wp\/v2\/types\/product"}],"replies":[{"embeddable":true,"href":"https:\/\/kraftiapet.com\/es\/wp-json\/wp\/v2\/comments?post=6995"}],"wp:featuredmedia":[{"embeddable":true,"href":"https:\/\/kraftiapet.com\/es\/wp-json\/wp\/v2\/media\/7000"}],"wp:attachment":[{"href":"https:\/\/kraftiapet.com\/es\/wp-json\/wp\/v2\/media?parent=6995"}],"wp:term":[{"taxonomy":"pwb-brand","embeddable":true,"href":"https:\/\/kraftiapet.com\/es\/wp-json\/wp\/v2\/pwb-brand?post=6995"},{"taxonomy":"product_brand","embeddable":true,"href":"https:\/\/kraftiapet.com\/es\/wp-json\/wp\/v2\/product_brand?post=6995"},{"taxonomy":"product_cat","embeddable":true,"href":"https:\/\/kraftiapet.com\/es\/wp-json\/wp\/v2\/product_cat?post=6995"},{"taxonomy":"product_tag","embeddable":true,"href":"https:\/\/kraftiapet.com\/es\/wp-json\/wp\/v2\/product_tag?post=6995"}],"curies":[{"name":"wp","href":"https:\/\/api.w.org\/{rel}","templated":true}]}}