{"id":7002,"date":"2025-10-07T12:40:08","date_gmt":"2025-10-07T12:40:08","guid":{"rendered":"https:\/\/kraftiapet.com\/?post_type=product&#038;p=7002"},"modified":"2026-04-24T08:38:04","modified_gmt":"2026-04-24T08:38:04","slug":"duck-with-pheasant","status":"publish","type":"product","link":"https:\/\/kraftiapet.com\/es\/product\/duck-with-pheasant\/","title":{"rendered":"Duck With Pheasant"},"content":{"rendered":"","protected":false},"excerpt":{"rendered":"<p>Craftia Natura Duck with Pheasant es un alimento natural premium para perros de razas medianas y grandes con pato y fais\u00e1n. El pato y el fais\u00e1n forman una combinaci\u00f3n natural, atractiva y deliciosa. Aportan una mezcla hipoalerg\u00e9nica natural, rica en prote\u00ednas altamente digestibles y nutrientes esenciales. Su alto contenido en prote\u00ednas ayuda a mantener una musculatura sana, y esta combinaci\u00f3n ofrece un sabor especialmente delicioso.<\/p>\n<p>   <\/p>\n","protected":false},"featured_media":7009,"comment_status":"open","ping_status":"closed","template":"","meta":{"_acf_changed":false},"pwb-brand":[],"product_brand":[574],"product_cat":[547,548],"product_tag":[],"class_list":{"0":"post-7002","1":"product","2":"type-product","3":"status-publish","4":"has-post-thumbnail","6":"product_brand-craftia-natura","7":"product_cat-dog-food","8":"product_cat-adult-dog","10":"first","11":"instock","12":"taxable","13":"shipping-taxable","14":"product-type-variable"},"acf":[],"brands":[],"_links":{"self":[{"href":"https:\/\/kraftiapet.com\/es\/wp-json\/wp\/v2\/product\/7002","targetHints":{"allow":["GET"]}}],"collection":[{"href":"https:\/\/kraftiapet.com\/es\/wp-json\/wp\/v2\/product"}],"about":[{"href":"https:\/\/kraftiapet.com\/es\/wp-json\/wp\/v2\/types\/product"}],"replies":[{"embeddable":true,"href":"https:\/\/kraftiapet.com\/es\/wp-json\/wp\/v2\/comments?post=7002"}],"wp:featuredmedia":[{"embeddable":true,"href":"https:\/\/kraftiapet.com\/es\/wp-json\/wp\/v2\/media\/7009"}],"wp:attachment":[{"href":"https:\/\/kraftiapet.com\/es\/wp-json\/wp\/v2\/media?parent=7002"}],"wp:term":[{"taxonomy":"pwb-brand","embeddable":true,"href":"https:\/\/kraftiapet.com\/es\/wp-json\/wp\/v2\/pwb-brand?post=7002"},{"taxonomy":"product_brand","embeddable":true,"href":"https:\/\/kraftiapet.com\/es\/wp-json\/wp\/v2\/product_brand?post=7002"},{"taxonomy":"product_cat","embeddable":true,"href":"https:\/\/kraftiapet.com\/es\/wp-json\/wp\/v2\/product_cat?post=7002"},{"taxonomy":"product_tag","embeddable":true,"href":"https:\/\/kraftiapet.com\/es\/wp-json\/wp\/v2\/product_tag?post=7002"}],"curies":[{"name":"wp","href":"https:\/\/api.w.org\/{rel}","templated":true}]}}