{"id":7013,"date":"2025-09-29T11:55:33","date_gmt":"2025-09-29T11:55:33","guid":{"rendered":"https:\/\/kraftiapet.com\/?post_type=product&#038;p=7013"},"modified":"2026-04-24T08:38:06","modified_gmt":"2026-04-24T08:38:06","slug":"salmon-herring-4","status":"publish","type":"product","link":"https:\/\/kraftiapet.com\/es\/product\/salmon-herring-4\/","title":{"rendered":"Salmon &amp; Herring"},"content":{"rendered":"","protected":false},"excerpt":{"rendered":"<p>Craftia Natura Salmon &amp; Herring es un alimento natural premium para perros de razas medianas y grandes con salm\u00f3n y arenque. El arenque y el salm\u00f3n ayudan a las mascotas a desarrollarse de m\u00faltiples maneras: la prote\u00edna de pescado es excelente para mantener una piel sana y un pelaje brillante. Naturalmente saludable, el pescado favorece el equilibrio del cuerpo y la mente y, como prote\u00edna altamente digestible, ayuda a mantener la fuerza muscular.  <\/p>\n","protected":false},"featured_media":7014,"comment_status":"open","ping_status":"closed","template":"","meta":{"_acf_changed":false},"pwb-brand":[],"product_brand":[574],"product_cat":[547,548],"product_tag":[],"class_list":{"0":"post-7013","1":"product","2":"type-product","3":"status-publish","4":"has-post-thumbnail","6":"product_brand-craftia-natura","7":"product_cat-dog-food","8":"product_cat-adult-dog","10":"first","11":"instock","12":"taxable","13":"shipping-taxable","14":"product-type-variable"},"acf":[],"brands":[],"_links":{"self":[{"href":"https:\/\/kraftiapet.com\/es\/wp-json\/wp\/v2\/product\/7013","targetHints":{"allow":["GET"]}}],"collection":[{"href":"https:\/\/kraftiapet.com\/es\/wp-json\/wp\/v2\/product"}],"about":[{"href":"https:\/\/kraftiapet.com\/es\/wp-json\/wp\/v2\/types\/product"}],"replies":[{"embeddable":true,"href":"https:\/\/kraftiapet.com\/es\/wp-json\/wp\/v2\/comments?post=7013"}],"wp:featuredmedia":[{"embeddable":true,"href":"https:\/\/kraftiapet.com\/es\/wp-json\/wp\/v2\/media\/7014"}],"wp:attachment":[{"href":"https:\/\/kraftiapet.com\/es\/wp-json\/wp\/v2\/media?parent=7013"}],"wp:term":[{"taxonomy":"pwb-brand","embeddable":true,"href":"https:\/\/kraftiapet.com\/es\/wp-json\/wp\/v2\/pwb-brand?post=7013"},{"taxonomy":"product_brand","embeddable":true,"href":"https:\/\/kraftiapet.com\/es\/wp-json\/wp\/v2\/product_brand?post=7013"},{"taxonomy":"product_cat","embeddable":true,"href":"https:\/\/kraftiapet.com\/es\/wp-json\/wp\/v2\/product_cat?post=7013"},{"taxonomy":"product_tag","embeddable":true,"href":"https:\/\/kraftiapet.com\/es\/wp-json\/wp\/v2\/product_tag?post=7013"}],"curies":[{"name":"wp","href":"https:\/\/api.w.org\/{rel}","templated":true}]}}