{"id":7072,"date":"2025-10-06T11:58:33","date_gmt":"2025-10-06T11:58:33","guid":{"rendered":"https:\/\/kraftiapet.com\/?post_type=product&#038;p=7072"},"modified":"2026-04-24T10:39:22","modified_gmt":"2026-04-24T10:39:22","slug":"gc-gastrointestinal-care-2","status":"publish","type":"product","link":"https:\/\/kraftiapet.com\/es\/product\/gc-gastrointestinal-care-2\/","title":{"rendered":"GC Gastrointestinal Care"},"content":{"rendered":"","protected":false},"excerpt":{"rendered":"<p>&lt;&gt;GC Gastrointestinal Care \u2013 Craftia Galena Veterinary es un alimento diet\u00e9tico completo para gatos, formulado como alimento veterinario para el apoyo digestivo y el cuidado gastrointestinal. Est\u00e1 dise\u00f1ado para la reducci\u00f3n de los trastornos de absorci\u00f3n intestinal y como compensaci\u00f3n de la mala digesti\u00f3n y la insuficiencia pancre\u00e1tica exocrina. La dieta incluye ingredientes altamente digestibles con elevados niveles de sodio y potasio para estabilizar el equilibrio electrol\u00edtico, favorecer la recuperaci\u00f3n intestinal y mejorar la asimilaci\u00f3n de nutrientes.  &lt;\/p&gt;<br \/>\n&lt;p&gt;&lt;strong&gt;\u00bfCU\u00c1NDO CUIDAR GALENA GASTROINTESTINAL?&lt;\/strong&gt;&lt;\/p&gt;<br \/>\n&lt;ul&gt;<br \/>\n&lt;li&gt;Para reducir los trastornos de la absorci\u00f3n intestinal&lt;\/li&gt;<br \/>\n&lt;li&gt;Como compensaci\u00f3n por mala digesti\u00f3n o insuficiencia pancre\u00e1tica&lt;\/li&gt;<br \/>\n&lt;li&gt;Favorece el rendimiento digestivo y la absorci\u00f3n de nutrientes&lt;\/li&gt;<br \/>\n&lt;li&gt;Aumenta la estabilidad electrol\u00edtica con sodio y potasio&lt;\/li&gt;<br \/>\n&lt;li&gt;Recomendado para gatos con problemas gastrointestinales cr\u00f3nicos o agudos&lt;\/li&gt;<br \/>\n&lt;\/ul&gt;<\/p>\n","protected":false},"featured_media":7073,"comment_status":"open","ping_status":"closed","template":"","meta":{"_acf_changed":false},"pwb-brand":[],"product_brand":[576],"product_cat":[538,539],"product_tag":[],"class_list":{"0":"post-7072","1":"product","2":"type-product","3":"status-publish","4":"has-post-thumbnail","6":"product_brand-craftia-galena","7":"product_cat-cat-food","8":"product_cat-adult-cat","10":"first","11":"instock","12":"taxable","13":"shipping-taxable","14":"product-type-variable"},"acf":[],"brands":[],"_links":{"self":[{"href":"https:\/\/kraftiapet.com\/es\/wp-json\/wp\/v2\/product\/7072","targetHints":{"allow":["GET"]}}],"collection":[{"href":"https:\/\/kraftiapet.com\/es\/wp-json\/wp\/v2\/product"}],"about":[{"href":"https:\/\/kraftiapet.com\/es\/wp-json\/wp\/v2\/types\/product"}],"replies":[{"embeddable":true,"href":"https:\/\/kraftiapet.com\/es\/wp-json\/wp\/v2\/comments?post=7072"}],"wp:featuredmedia":[{"embeddable":true,"href":"https:\/\/kraftiapet.com\/es\/wp-json\/wp\/v2\/media\/7073"}],"wp:attachment":[{"href":"https:\/\/kraftiapet.com\/es\/wp-json\/wp\/v2\/media?parent=7072"}],"wp:term":[{"taxonomy":"pwb-brand","embeddable":true,"href":"https:\/\/kraftiapet.com\/es\/wp-json\/wp\/v2\/pwb-brand?post=7072"},{"taxonomy":"product_brand","embeddable":true,"href":"https:\/\/kraftiapet.com\/es\/wp-json\/wp\/v2\/product_brand?post=7072"},{"taxonomy":"product_cat","embeddable":true,"href":"https:\/\/kraftiapet.com\/es\/wp-json\/wp\/v2\/product_cat?post=7072"},{"taxonomy":"product_tag","embeddable":true,"href":"https:\/\/kraftiapet.com\/es\/wp-json\/wp\/v2\/product_tag?post=7072"}],"curies":[{"name":"wp","href":"https:\/\/api.w.org\/{rel}","templated":true}]}}