{"id":7080,"date":"2025-10-07T08:55:42","date_gmt":"2025-10-07T08:55:42","guid":{"rendered":"https:\/\/kraftiapet.com\/?post_type=product&#038;p=7080"},"modified":"2026-04-24T10:39:18","modified_gmt":"2026-04-24T10:39:18","slug":"gc-gastrointestinal-care","status":"publish","type":"product","link":"https:\/\/kraftiapet.com\/es\/product\/gc-gastrointestinal-care\/","title":{"rendered":"GC Gastrointestinal Care"},"content":{"rendered":"","protected":false},"excerpt":{"rendered":"<p>GC Gastrointestinal Care \u2013 Craftia Galena Veterinary es un alimento diet\u00e9tico completo para perros, formulado como alimento veterinario para el apoyo digestivo y el cuidado gastrointestinal. Est\u00e1 dise\u00f1ado para la reducci\u00f3n de los trastornos de absorci\u00f3n intestinal y como compensaci\u00f3n de la mala digesti\u00f3n y la insuficiencia pancre\u00e1tica exocrina. Esta f\u00f3rmula altamente digestible proporciona mayores niveles de sodio y potasio para favorecer el equilibrio electrol\u00edtico, restablecer la absorci\u00f3n de nutrientes y promover una digesti\u00f3n saludable.  <\/p>\n<p><strong>\u00bfCU\u00c1NDO USAR GALENA GASTROINTESTINAL CARE?<\/strong><\/p>\n<ul>\n<li>Para los trastornos de absorci\u00f3n intestinal y la mala digesti\u00f3n<\/li>\n<li>Ayuda a perros con insuficiencia pancre\u00e1tica exocrina<\/li>\n<li>Altamente digestible y con electrolitos equilibrados<\/li>\n<li>Mejora la absorci\u00f3n de nutrientes y la calidad de las heces<\/li>\n<li>Recomendado para perros con digesti\u00f3n sensible o alterada<\/li>\n<\/ul>\n","protected":false},"featured_media":7081,"comment_status":"open","ping_status":"closed","template":"","meta":{"_acf_changed":false},"pwb-brand":[],"product_brand":[576],"product_cat":[547,548],"product_tag":[],"class_list":{"0":"post-7080","1":"product","2":"type-product","3":"status-publish","4":"has-post-thumbnail","6":"product_brand-craftia-galena","7":"product_cat-dog-food","8":"product_cat-adult-dog","10":"first","11":"instock","12":"taxable","13":"shipping-taxable","14":"product-type-variable"},"acf":[],"brands":[],"_links":{"self":[{"href":"https:\/\/kraftiapet.com\/es\/wp-json\/wp\/v2\/product\/7080","targetHints":{"allow":["GET"]}}],"collection":[{"href":"https:\/\/kraftiapet.com\/es\/wp-json\/wp\/v2\/product"}],"about":[{"href":"https:\/\/kraftiapet.com\/es\/wp-json\/wp\/v2\/types\/product"}],"replies":[{"embeddable":true,"href":"https:\/\/kraftiapet.com\/es\/wp-json\/wp\/v2\/comments?post=7080"}],"wp:featuredmedia":[{"embeddable":true,"href":"https:\/\/kraftiapet.com\/es\/wp-json\/wp\/v2\/media\/7081"}],"wp:attachment":[{"href":"https:\/\/kraftiapet.com\/es\/wp-json\/wp\/v2\/media?parent=7080"}],"wp:term":[{"taxonomy":"pwb-brand","embeddable":true,"href":"https:\/\/kraftiapet.com\/es\/wp-json\/wp\/v2\/pwb-brand?post=7080"},{"taxonomy":"product_brand","embeddable":true,"href":"https:\/\/kraftiapet.com\/es\/wp-json\/wp\/v2\/product_brand?post=7080"},{"taxonomy":"product_cat","embeddable":true,"href":"https:\/\/kraftiapet.com\/es\/wp-json\/wp\/v2\/product_cat?post=7080"},{"taxonomy":"product_tag","embeddable":true,"href":"https:\/\/kraftiapet.com\/es\/wp-json\/wp\/v2\/product_tag?post=7080"}],"curies":[{"name":"wp","href":"https:\/\/api.w.org\/{rel}","templated":true}]}}