{"id":7084,"date":"2025-10-07T08:35:22","date_gmt":"2025-10-07T08:35:22","guid":{"rendered":"https:\/\/kraftiapet.com\/?post_type=product&#038;p=7084"},"modified":"2026-04-24T10:39:19","modified_gmt":"2026-04-24T10:39:19","slug":"wm-weight-management","status":"publish","type":"product","link":"https:\/\/kraftiapet.com\/es\/product\/wm-weight-management\/","title":{"rendered":"WM Weight Management"},"content":{"rendered":"","protected":false},"excerpt":{"rendered":"<p>WM Weight Management \u2013 Craftia Galena Veterinary es un alimento diet\u00e9tico completo para perros, desarrollado como alimento veterinario para el control del peso y la obesidad. Est\u00e1 formulado para ayudar a reducir el exceso de peso corporal mediante un contenido cal\u00f3rico controlado, nutrientes equilibrados y niveles \u00f3ptimos de prote\u00ednas que preservan la masa muscular magra. Esta dieta veterinaria favorece un metabolismo saludable y la estabilidad del peso a largo plazo.  <\/p>\n<p><strong>\u00bfCU\u00c1NDO USAR GALENA WEIGHT MANAGEMENT?<\/strong><\/p>\n<ul>\n<li>Para la reducci\u00f3n y el control del exceso de peso corporal<\/li>\n<li>Favorece el metabolismo de las grasas y preserva la masa muscular<\/li>\n<li>Favorece un equilibrio energ\u00e9tico saludable<\/li>\n<li>Recomendado para perros con sobrepeso u obesidad<\/li>\n<li>Ayuda a mantener el peso ideal tras la p\u00e9rdida de peso<\/li>\n<\/ul>\n","protected":false},"featured_media":7085,"comment_status":"open","ping_status":"closed","template":"","meta":{"_acf_changed":false},"pwb-brand":[],"product_brand":[576],"product_cat":[547,548],"product_tag":[],"class_list":{"0":"post-7084","1":"product","2":"type-product","3":"status-publish","4":"has-post-thumbnail","6":"product_brand-craftia-galena","7":"product_cat-dog-food","8":"product_cat-adult-dog","10":"first","11":"instock","12":"taxable","13":"shipping-taxable","14":"product-type-variable"},"acf":[],"brands":[],"_links":{"self":[{"href":"https:\/\/kraftiapet.com\/es\/wp-json\/wp\/v2\/product\/7084","targetHints":{"allow":["GET"]}}],"collection":[{"href":"https:\/\/kraftiapet.com\/es\/wp-json\/wp\/v2\/product"}],"about":[{"href":"https:\/\/kraftiapet.com\/es\/wp-json\/wp\/v2\/types\/product"}],"replies":[{"embeddable":true,"href":"https:\/\/kraftiapet.com\/es\/wp-json\/wp\/v2\/comments?post=7084"}],"wp:featuredmedia":[{"embeddable":true,"href":"https:\/\/kraftiapet.com\/es\/wp-json\/wp\/v2\/media\/7085"}],"wp:attachment":[{"href":"https:\/\/kraftiapet.com\/es\/wp-json\/wp\/v2\/media?parent=7084"}],"wp:term":[{"taxonomy":"pwb-brand","embeddable":true,"href":"https:\/\/kraftiapet.com\/es\/wp-json\/wp\/v2\/pwb-brand?post=7084"},{"taxonomy":"product_brand","embeddable":true,"href":"https:\/\/kraftiapet.com\/es\/wp-json\/wp\/v2\/product_brand?post=7084"},{"taxonomy":"product_cat","embeddable":true,"href":"https:\/\/kraftiapet.com\/es\/wp-json\/wp\/v2\/product_cat?post=7084"},{"taxonomy":"product_tag","embeddable":true,"href":"https:\/\/kraftiapet.com\/es\/wp-json\/wp\/v2\/product_tag?post=7084"}],"curies":[{"name":"wp","href":"https:\/\/api.w.org\/{rel}","templated":true}]}}