{"id":7086,"date":"2025-10-07T11:22:08","date_gmt":"2025-10-07T11:22:08","guid":{"rendered":"https:\/\/kraftiapet.com\/?post_type=product&#038;p=7086"},"modified":"2026-04-24T10:39:17","modified_gmt":"2026-04-24T10:39:17","slug":"hdc-hypoallergenic-derm-care","status":"publish","type":"product","link":"https:\/\/kraftiapet.com\/es\/product\/hdc-hypoallergenic-derm-care\/","title":{"rendered":"HDC Hypoallergenic Derm Care"},"content":{"rendered":"","protected":false},"excerpt":{"rendered":"<p>HDC Hypoallergenic Derm Care \u2013 Galena Veterinary es un alimento diet\u00e9tico completo para perros, formulado como alimento veterinario para alergias cut\u00e1neas y dermatosis. Ayuda a reducir las intolerancias a ingredientes y nutrientes, al tiempo que favorece la funci\u00f3n cut\u00e1nea en casos de dermatosis y ca\u00edda excesiva del pelo. Enriquecido con \u00e1cido linoleico (LA), \u00e1cido eicosapentaenoico (EPA) y \u00e1cido docosahexaenoico (DHA), favorece la regeneraci\u00f3n saludable de la piel, mejora la calidad del pelaje y contribuye a restaurar la barrera natural de la piel.  <\/p>\n<p><strong>\u00bfCU\u00c1NDO USAR GALENA HYPOALLERGENIC DERM CARE?<\/strong><\/p>\n<ul>\n<li>Para perros con intolerancias alimentarias o nutricionales<\/li>\n<li>En casos de dermatosis o ca\u00edda excesiva del pelo<\/li>\n<li>Favorece la barrera cut\u00e1nea y la regeneraci\u00f3n<\/li>\n<li>Ayuda a reducir el picor y la irritaci\u00f3n<\/li>\n<li>Mejora el brillo y la textura del pelaje<\/li>\n<li>Recomendado para perros con tendencia a reacciones al\u00e9rgicas cut\u00e1neas<\/li>\n<\/ul>\n","protected":false},"featured_media":7089,"comment_status":"open","ping_status":"closed","template":"","meta":{"_acf_changed":false},"pwb-brand":[],"product_brand":[576],"product_cat":[547,548],"product_tag":[],"class_list":{"0":"post-7086","1":"product","2":"type-product","3":"status-publish","4":"has-post-thumbnail","6":"product_brand-craftia-galena","7":"product_cat-dog-food","8":"product_cat-adult-dog","10":"first","11":"instock","12":"taxable","13":"shipping-taxable","14":"product-type-variable"},"acf":[],"brands":[],"_links":{"self":[{"href":"https:\/\/kraftiapet.com\/es\/wp-json\/wp\/v2\/product\/7086","targetHints":{"allow":["GET"]}}],"collection":[{"href":"https:\/\/kraftiapet.com\/es\/wp-json\/wp\/v2\/product"}],"about":[{"href":"https:\/\/kraftiapet.com\/es\/wp-json\/wp\/v2\/types\/product"}],"replies":[{"embeddable":true,"href":"https:\/\/kraftiapet.com\/es\/wp-json\/wp\/v2\/comments?post=7086"}],"wp:featuredmedia":[{"embeddable":true,"href":"https:\/\/kraftiapet.com\/es\/wp-json\/wp\/v2\/media\/7089"}],"wp:attachment":[{"href":"https:\/\/kraftiapet.com\/es\/wp-json\/wp\/v2\/media?parent=7086"}],"wp:term":[{"taxonomy":"pwb-brand","embeddable":true,"href":"https:\/\/kraftiapet.com\/es\/wp-json\/wp\/v2\/pwb-brand?post=7086"},{"taxonomy":"product_brand","embeddable":true,"href":"https:\/\/kraftiapet.com\/es\/wp-json\/wp\/v2\/product_brand?post=7086"},{"taxonomy":"product_cat","embeddable":true,"href":"https:\/\/kraftiapet.com\/es\/wp-json\/wp\/v2\/product_cat?post=7086"},{"taxonomy":"product_tag","embeddable":true,"href":"https:\/\/kraftiapet.com\/es\/wp-json\/wp\/v2\/product_tag?post=7086"}],"curies":[{"name":"wp","href":"https:\/\/api.w.org\/{rel}","templated":true}]}}