{"id":7102,"date":"2025-10-07T11:43:47","date_gmt":"2025-10-07T11:43:47","guid":{"rendered":"https:\/\/kraftiapet.com\/?post_type=product&#038;p=7102"},"modified":"2026-04-24T10:39:17","modified_gmt":"2026-04-24T10:39:17","slug":"wjmc-weight-joint-mobility-care","status":"publish","type":"product","link":"https:\/\/kraftiapet.com\/es\/product\/wjmc-weight-joint-mobility-care\/","title":{"rendered":"WJMC Weight &amp; Joint Mobility Care"},"content":{"rendered":"","protected":false},"excerpt":{"rendered":"<p>WJMC Weight &amp; Joint Mobility Care \u2013 Craftia Galena Veterinary es un alimento diet\u00e9tico completo para perros, formulado como alimento veterinario para el control del peso y el apoyo de la movilidad articular. Est\u00e1 destinado a la reducci\u00f3n del exceso de peso corporal y al apoyo del metabolismo articular en casos de osteoartritis. La dieta presenta un contenido energ\u00e9tico controlado, niveles \u00f3ptimos de prote\u00ednas y nutrientes espec\u00edficos para mantener la masa muscular magra, favorecer la integridad del cart\u00edlago y promover la movilidad.  <\/p>\n<p><strong>\u00bfCU\u00c1NDO USAR GALENA WEIGHT &amp; JOINT MOBILITY CARE?<\/strong><\/p>\n<ul>\n<li>Para el control del peso y la obesidad<\/li>\n<li>Favorece el metabolismo articular en casos de osteoartritis<\/li>\n<li>Mejora la movilidad y la flexibilidad<\/li>\n<li>Ayuda a mantener la masa muscular durante la p\u00e9rdida de peso<\/li>\n<li>Recomendado para perros con sobrepeso o perros senior con sobrecarga articular<\/li>\n<\/ul>\n","protected":false},"featured_media":7105,"comment_status":"open","ping_status":"closed","template":"","meta":{"_acf_changed":false},"pwb-brand":[],"product_brand":[576],"product_cat":[547,548],"product_tag":[],"class_list":{"0":"post-7102","1":"product","2":"type-product","3":"status-publish","4":"has-post-thumbnail","6":"product_brand-craftia-galena","7":"product_cat-dog-food","8":"product_cat-adult-dog","10":"first","11":"instock","12":"taxable","13":"shipping-taxable","14":"product-type-variable"},"acf":[],"brands":[],"_links":{"self":[{"href":"https:\/\/kraftiapet.com\/es\/wp-json\/wp\/v2\/product\/7102","targetHints":{"allow":["GET"]}}],"collection":[{"href":"https:\/\/kraftiapet.com\/es\/wp-json\/wp\/v2\/product"}],"about":[{"href":"https:\/\/kraftiapet.com\/es\/wp-json\/wp\/v2\/types\/product"}],"replies":[{"embeddable":true,"href":"https:\/\/kraftiapet.com\/es\/wp-json\/wp\/v2\/comments?post=7102"}],"wp:featuredmedia":[{"embeddable":true,"href":"https:\/\/kraftiapet.com\/es\/wp-json\/wp\/v2\/media\/7105"}],"wp:attachment":[{"href":"https:\/\/kraftiapet.com\/es\/wp-json\/wp\/v2\/media?parent=7102"}],"wp:term":[{"taxonomy":"pwb-brand","embeddable":true,"href":"https:\/\/kraftiapet.com\/es\/wp-json\/wp\/v2\/pwb-brand?post=7102"},{"taxonomy":"product_brand","embeddable":true,"href":"https:\/\/kraftiapet.com\/es\/wp-json\/wp\/v2\/product_brand?post=7102"},{"taxonomy":"product_cat","embeddable":true,"href":"https:\/\/kraftiapet.com\/es\/wp-json\/wp\/v2\/product_cat?post=7102"},{"taxonomy":"product_tag","embeddable":true,"href":"https:\/\/kraftiapet.com\/es\/wp-json\/wp\/v2\/product_tag?post=7102"}],"curies":[{"name":"wp","href":"https:\/\/api.w.org\/{rel}","templated":true}]}}