{"id":7108,"date":"2025-10-07T11:03:31","date_gmt":"2025-10-07T11:03:31","guid":{"rendered":"https:\/\/kraftiapet.com\/?post_type=product&#038;p=7108"},"modified":"2026-04-24T10:39:18","modified_gmt":"2026-04-24T10:39:18","slug":"rcc-recovery-convalescence-care","status":"publish","type":"product","link":"https:\/\/kraftiapet.com\/es\/product\/rcc-recovery-convalescence-care\/","title":{"rendered":"RCC Recovery &amp; Convalescence Care"},"content":{"rendered":"","protected":false},"excerpt":{"rendered":"<p>RCC Recovery &amp; Convalescence Care \u2013 Galena Veterinary es un alimento diet\u00e9tico completo para perros, formulado como alimento veterinario para la recuperaci\u00f3n y convalecencia. Dise\u00f1ada para favorecer la recuperaci\u00f3n nutricional, esta f\u00f3rmula proporciona una alta densidad energ\u00e9tica, elevadas concentraciones de nutrientes esenciales e \u10d8\u10dc\u10d2redientes de f\u00e1cil digesti\u00f3n. Ayuda a los perros a recuperar la fuerza, el apetito y la vitalidad durante la recuperaci\u00f3n de enfermedades, intervenciones quir\u00fargicas o periodos de debilidad.  <\/p>\n<p><strong>\u00bfCU\u00c1NDO USAR GALENA RECOVERY &amp; CONVALESCENCE CARE?<\/strong><\/p>\n<ul>\n<li>Para la recuperaci\u00f3n nutricional durante la convalecencia<\/li>\n<li>Favorece la recuperaci\u00f3n postoperatoria y tras enfermedad<\/li>\n<li>F\u00f3rmula de alta densidad energ\u00e9tica y rica en nutrientes<\/li>\n<li>Ayuda a mejorar el apetito y la vitalidad<\/li>\n<li>Ideal para perros en convalecencia o con bajo peso<\/li>\n<\/ul>\n","protected":false},"featured_media":7109,"comment_status":"open","ping_status":"closed","template":"","meta":{"_acf_changed":false},"pwb-brand":[],"product_brand":[576],"product_cat":[547,548],"product_tag":[],"class_list":{"0":"post-7108","1":"product","2":"type-product","3":"status-publish","4":"has-post-thumbnail","6":"product_brand-craftia-galena","7":"product_cat-dog-food","8":"product_cat-adult-dog","10":"first","11":"instock","12":"taxable","13":"shipping-taxable","14":"product-type-variable"},"acf":[],"brands":[],"_links":{"self":[{"href":"https:\/\/kraftiapet.com\/es\/wp-json\/wp\/v2\/product\/7108","targetHints":{"allow":["GET"]}}],"collection":[{"href":"https:\/\/kraftiapet.com\/es\/wp-json\/wp\/v2\/product"}],"about":[{"href":"https:\/\/kraftiapet.com\/es\/wp-json\/wp\/v2\/types\/product"}],"replies":[{"embeddable":true,"href":"https:\/\/kraftiapet.com\/es\/wp-json\/wp\/v2\/comments?post=7108"}],"wp:featuredmedia":[{"embeddable":true,"href":"https:\/\/kraftiapet.com\/es\/wp-json\/wp\/v2\/media\/7109"}],"wp:attachment":[{"href":"https:\/\/kraftiapet.com\/es\/wp-json\/wp\/v2\/media?parent=7108"}],"wp:term":[{"taxonomy":"pwb-brand","embeddable":true,"href":"https:\/\/kraftiapet.com\/es\/wp-json\/wp\/v2\/pwb-brand?post=7108"},{"taxonomy":"product_brand","embeddable":true,"href":"https:\/\/kraftiapet.com\/es\/wp-json\/wp\/v2\/product_brand?post=7108"},{"taxonomy":"product_cat","embeddable":true,"href":"https:\/\/kraftiapet.com\/es\/wp-json\/wp\/v2\/product_cat?post=7108"},{"taxonomy":"product_tag","embeddable":true,"href":"https:\/\/kraftiapet.com\/es\/wp-json\/wp\/v2\/product_tag?post=7108"}],"curies":[{"name":"wp","href":"https:\/\/api.w.org\/{rel}","templated":true}]}}