{"id":7116,"date":"2025-10-06T12:07:59","date_gmt":"2025-10-06T12:07:59","guid":{"rendered":"https:\/\/kraftiapet.com\/?post_type=product&#038;p=7116"},"modified":"2026-04-24T10:39:21","modified_gmt":"2026-04-24T10:39:21","slug":"rc-renal-care-2","status":"publish","type":"product","link":"https:\/\/kraftiapet.com\/es\/product\/rc-renal-care-2\/","title":{"rendered":"RC Renal Care"},"content":{"rendered":"","protected":false},"excerpt":{"rendered":"<p>RC Renal Care \u2013 Craftia Galena Veterinary es un alimento diet\u00e9tico completo para gatos, formulado como alimento veterinario para el apoyo renal y el cuidado de los ri\u00f1ones. Est\u00e1 dise\u00f1ado para apoyar la funci\u00f3n renal en casos de insuficiencia renal cr\u00f3nica o temporal. La f\u00f3rmula ayuda a reducir la carga de trabajo de los ri\u00f1ones, mantener niveles equilibrados de minerales y favorecer el apetito y la vitalidad en gatos con insuficiencia renal.  <\/p>\n<p><strong>\u00bfCU\u00c1NDO USAR GALENA RENAL CARE?<\/strong><\/p>\n<ul>\n<li>Para la insuficiencia renal cr\u00f3nica o temporal<\/li>\n<li>Favorece la funci\u00f3n renal y la desintoxicaci\u00f3n<\/li>\n<li>Ayuda a equilibrar los niveles de f\u00f3sforo y sodio<\/li>\n<li>Favorece la hidrataci\u00f3n y el apetito<\/li>\n<li>Recomendado para gatos con trastornos renales o problemas renales relacionados con la edad<\/li>\n<\/ul>\n","protected":false},"featured_media":7117,"comment_status":"open","ping_status":"closed","template":"","meta":{"_acf_changed":false},"pwb-brand":[],"product_brand":[576],"product_cat":[538,539],"product_tag":[],"class_list":{"0":"post-7116","1":"product","2":"type-product","3":"status-publish","4":"has-post-thumbnail","6":"product_brand-craftia-galena","7":"product_cat-cat-food","8":"product_cat-adult-cat","10":"first","11":"instock","12":"taxable","13":"shipping-taxable","14":"product-type-variable"},"acf":[],"brands":[],"_links":{"self":[{"href":"https:\/\/kraftiapet.com\/es\/wp-json\/wp\/v2\/product\/7116","targetHints":{"allow":["GET"]}}],"collection":[{"href":"https:\/\/kraftiapet.com\/es\/wp-json\/wp\/v2\/product"}],"about":[{"href":"https:\/\/kraftiapet.com\/es\/wp-json\/wp\/v2\/types\/product"}],"replies":[{"embeddable":true,"href":"https:\/\/kraftiapet.com\/es\/wp-json\/wp\/v2\/comments?post=7116"}],"wp:featuredmedia":[{"embeddable":true,"href":"https:\/\/kraftiapet.com\/es\/wp-json\/wp\/v2\/media\/7117"}],"wp:attachment":[{"href":"https:\/\/kraftiapet.com\/es\/wp-json\/wp\/v2\/media?parent=7116"}],"wp:term":[{"taxonomy":"pwb-brand","embeddable":true,"href":"https:\/\/kraftiapet.com\/es\/wp-json\/wp\/v2\/pwb-brand?post=7116"},{"taxonomy":"product_brand","embeddable":true,"href":"https:\/\/kraftiapet.com\/es\/wp-json\/wp\/v2\/product_brand?post=7116"},{"taxonomy":"product_cat","embeddable":true,"href":"https:\/\/kraftiapet.com\/es\/wp-json\/wp\/v2\/product_cat?post=7116"},{"taxonomy":"product_tag","embeddable":true,"href":"https:\/\/kraftiapet.com\/es\/wp-json\/wp\/v2\/product_tag?post=7116"}],"curies":[{"name":"wp","href":"https:\/\/api.w.org\/{rel}","templated":true}]}}