{"id":7120,"date":"2025-10-06T12:22:23","date_gmt":"2025-10-06T12:22:23","guid":{"rendered":"https:\/\/kraftiapet.com\/?post_type=product&#038;p=7120"},"modified":"2026-04-24T10:39:21","modified_gmt":"2026-04-24T10:39:21","slug":"rcc-recovery-convalescence-care-2","status":"publish","type":"product","link":"https:\/\/kraftiapet.com\/es\/product\/rcc-recovery-convalescence-care-2\/","title":{"rendered":"RCC Recovery &amp; Convalescence Care"},"content":{"rendered":"","protected":false},"excerpt":{"rendered":"<p>RCC Recovery &amp; Convalescence Care \u2013 Craftia Galena Veterinary es un alimento diet\u00e9tico completo para gatos, formulado como alimento veterinario para la recuperaci\u00f3n y convalecencia. Favorece la recuperaci\u00f3n nutricional durante la enfermedad, la cirug\u00eda o los periodos de recuperaci\u00f3n, proporcionando una alta densidad energ\u00e9tica, nutrientes esenciales e ingredientes de f\u00e1cil digesti\u00f3n. La f\u00f3rmula ayuda a restablecer el apetito, promover la regeneraci\u00f3n de los tejidos y apoyar la recuperaci\u00f3n metab\u00f3lica en gatos debilitados o desnutridos.  <\/p>\n<p><strong>\u00bfCU\u00c1NDO USAR GALENA RECOVERY &amp; CONVALESCENCE CARE?<\/strong><\/p>\n<ul>\n<li>Para la recuperaci\u00f3n nutricional tras una enfermedad o cirug\u00eda<\/li>\n<li>Favorece la convalecencia y la recuperaci\u00f3n energ\u00e9tica<\/li>\n<li>F\u00f3rmula de alta densidad energ\u00e9tica y rica en nutrientes<\/li>\n<li>Estimula el apetito y la vitalidad<\/li>\n<li>Recomendado para gatos debilitados o con bajo peso<\/li>\n<\/ul>\n","protected":false},"featured_media":7121,"comment_status":"open","ping_status":"closed","template":"","meta":{"_acf_changed":false},"pwb-brand":[],"product_brand":[576],"product_cat":[538,539],"product_tag":[],"class_list":{"0":"post-7120","1":"product","2":"type-product","3":"status-publish","4":"has-post-thumbnail","6":"product_brand-craftia-galena","7":"product_cat-cat-food","8":"product_cat-adult-cat","10":"first","11":"instock","12":"taxable","13":"shipping-taxable","14":"product-type-variable"},"acf":[],"brands":[],"_links":{"self":[{"href":"https:\/\/kraftiapet.com\/es\/wp-json\/wp\/v2\/product\/7120","targetHints":{"allow":["GET"]}}],"collection":[{"href":"https:\/\/kraftiapet.com\/es\/wp-json\/wp\/v2\/product"}],"about":[{"href":"https:\/\/kraftiapet.com\/es\/wp-json\/wp\/v2\/types\/product"}],"replies":[{"embeddable":true,"href":"https:\/\/kraftiapet.com\/es\/wp-json\/wp\/v2\/comments?post=7120"}],"wp:featuredmedia":[{"embeddable":true,"href":"https:\/\/kraftiapet.com\/es\/wp-json\/wp\/v2\/media\/7121"}],"wp:attachment":[{"href":"https:\/\/kraftiapet.com\/es\/wp-json\/wp\/v2\/media?parent=7120"}],"wp:term":[{"taxonomy":"pwb-brand","embeddable":true,"href":"https:\/\/kraftiapet.com\/es\/wp-json\/wp\/v2\/pwb-brand?post=7120"},{"taxonomy":"product_brand","embeddable":true,"href":"https:\/\/kraftiapet.com\/es\/wp-json\/wp\/v2\/product_brand?post=7120"},{"taxonomy":"product_cat","embeddable":true,"href":"https:\/\/kraftiapet.com\/es\/wp-json\/wp\/v2\/product_cat?post=7120"},{"taxonomy":"product_tag","embeddable":true,"href":"https:\/\/kraftiapet.com\/es\/wp-json\/wp\/v2\/product_tag?post=7120"}],"curies":[{"name":"wp","href":"https:\/\/api.w.org\/{rel}","templated":true}]}}