{"id":7124,"date":"2025-10-06T12:29:44","date_gmt":"2025-10-06T12:29:44","guid":{"rendered":"https:\/\/kraftiapet.com\/?post_type=product&#038;p=7124"},"modified":"2026-04-24T10:39:20","modified_gmt":"2026-04-24T10:39:20","slug":"hdc-hypoallergenic-derm-care-2","status":"publish","type":"product","link":"https:\/\/kraftiapet.com\/es\/product\/hdc-hypoallergenic-derm-care-2\/","title":{"rendered":"HDC Hypoallergenic Derm Care"},"content":{"rendered":"","protected":false},"excerpt":{"rendered":"<p>HDC Hypoallergenic Derm Care \u2013 Craftia Galena Veterinary es un alimento diet\u00e9tico completo para gatos, formulado como alimento veterinario para alergias cut\u00e1neas y dermatosis. Favorece la funci\u00f3n cut\u00e1nea en casos de dermatosis y ca\u00edda excesiva del pelo, y ayuda a reducir las intolerancias a ingredientes y nutrientes. La f\u00f3rmula contiene altos niveles de \u00e1cido linoleico (LA), \u00e1cido eicosapentaenoico (EPA) y \u00e1cido docosahexaenoico (DHA) para nutrir la piel, mejorar la calidad del pelaje y mantener la barrera protectora natural de la piel.  <\/p>\n<p><strong>\u00bfCU\u00c1NDO USAR GALENA HYPoALLERGENIC DERM CARE?<\/strong><\/p>\n<ul>\n<li>Para gatos con intolerancias a ingredientes o nutrientes<\/li>\n<li>En casos de dermatosis o ca\u00edda excesiva del pelo<\/li>\n<li>Favorece la regeneraci\u00f3n de una piel sana<\/li>\n<li>Ayuda a reducir el picor y la irritaci\u00f3n<\/li>\n<li>Favorece un pelaje brillante y saludable<\/li>\n<li>Recomendado para gatos propensos a reacciones al\u00e9rgicas cut\u00e1neas<\/li>\n<\/ul>\n","protected":false},"featured_media":7125,"comment_status":"open","ping_status":"closed","template":"","meta":{"_acf_changed":false},"pwb-brand":[],"product_brand":[576],"product_cat":[538,539],"product_tag":[],"class_list":{"0":"post-7124","1":"product","2":"type-product","3":"status-publish","4":"has-post-thumbnail","6":"product_brand-craftia-galena","7":"product_cat-cat-food","8":"product_cat-adult-cat","10":"first","11":"instock","12":"taxable","13":"shipping-taxable","14":"product-type-variable"},"acf":[],"brands":[],"_links":{"self":[{"href":"https:\/\/kraftiapet.com\/es\/wp-json\/wp\/v2\/product\/7124","targetHints":{"allow":["GET"]}}],"collection":[{"href":"https:\/\/kraftiapet.com\/es\/wp-json\/wp\/v2\/product"}],"about":[{"href":"https:\/\/kraftiapet.com\/es\/wp-json\/wp\/v2\/types\/product"}],"replies":[{"embeddable":true,"href":"https:\/\/kraftiapet.com\/es\/wp-json\/wp\/v2\/comments?post=7124"}],"wp:featuredmedia":[{"embeddable":true,"href":"https:\/\/kraftiapet.com\/es\/wp-json\/wp\/v2\/media\/7125"}],"wp:attachment":[{"href":"https:\/\/kraftiapet.com\/es\/wp-json\/wp\/v2\/media?parent=7124"}],"wp:term":[{"taxonomy":"pwb-brand","embeddable":true,"href":"https:\/\/kraftiapet.com\/es\/wp-json\/wp\/v2\/pwb-brand?post=7124"},{"taxonomy":"product_brand","embeddable":true,"href":"https:\/\/kraftiapet.com\/es\/wp-json\/wp\/v2\/product_brand?post=7124"},{"taxonomy":"product_cat","embeddable":true,"href":"https:\/\/kraftiapet.com\/es\/wp-json\/wp\/v2\/product_cat?post=7124"},{"taxonomy":"product_tag","embeddable":true,"href":"https:\/\/kraftiapet.com\/es\/wp-json\/wp\/v2\/product_tag?post=7124"}],"curies":[{"name":"wp","href":"https:\/\/api.w.org\/{rel}","templated":true}]}}