{"id":7132,"date":"2025-10-07T06:57:56","date_gmt":"2025-10-07T06:57:56","guid":{"rendered":"https:\/\/kraftiapet.com\/?post_type=product&#038;p=7132"},"modified":"2026-04-24T10:39:20","modified_gmt":"2026-04-24T10:39:20","slug":"ur-urinary-care","status":"publish","type":"product","link":"https:\/\/kraftiapet.com\/es\/product\/ur-urinary-care\/","title":{"rendered":"UR Urinary Care"},"content":{"rendered":"","protected":false},"excerpt":{"rendered":"<p>UR Urinary Care \u2013 Craftia Galena Veterinary es un alimento diet\u00e9tico completo para gatos, desarrollado como alimento veterinario para el cuidado urinario y la prevenci\u00f3n de estruvita. Est\u00e1 formulado para la disoluci\u00f3n de c\u00e1lculos de estruvita, la reducci\u00f3n de la recurrencia de c\u00e1lculos y el manejo de la enfermedad del tracto urinario inferior felino (FLUTD). Esta dieta presenta propiedades acidificantes de la orina y un bajo contenido en magnesio para ayudar a mantener la salud urinaria, prevenir la formaci\u00f3n de cristales y favorecer la funci\u00f3n vesical en general.  <\/p>\n<p><strong>\u00bfCU\u00c1NDO USAR GALENA URINARY CARE?<\/strong><\/p>\n<ul>\n<li>Para la disoluci\u00f3n de c\u00e1lculos de estruvita<\/li>\n<li>Reduce la recurrencia de c\u00e1lculos urinarios<\/li>\n<li>Apoya el manejo de la enfermedad del tracto urinario inferior felino (FLUTD)<\/li>\n<li>Las propiedades acidificantes de la orina favorecen un equilibrio \u00f3ptimo del pH<\/li>\n<li>El bajo contenido en magnesio ayuda a prevenir la formaci\u00f3n de cristales<\/li>\n<li>Recomendado para gatos propensos a trastornos urinarios o cistitis recurrente<\/li>\n<\/ul>\n","protected":false},"featured_media":7133,"comment_status":"open","ping_status":"closed","template":"","meta":{"_acf_changed":false},"pwb-brand":[],"product_brand":[576],"product_cat":[538,539],"product_tag":[],"class_list":{"0":"post-7132","1":"product","2":"type-product","3":"status-publish","4":"has-post-thumbnail","6":"product_brand-craftia-galena","7":"product_cat-cat-food","8":"product_cat-adult-cat","10":"first","11":"instock","12":"taxable","13":"shipping-taxable","14":"product-type-variable"},"acf":[],"brands":[],"_links":{"self":[{"href":"https:\/\/kraftiapet.com\/es\/wp-json\/wp\/v2\/product\/7132","targetHints":{"allow":["GET"]}}],"collection":[{"href":"https:\/\/kraftiapet.com\/es\/wp-json\/wp\/v2\/product"}],"about":[{"href":"https:\/\/kraftiapet.com\/es\/wp-json\/wp\/v2\/types\/product"}],"replies":[{"embeddable":true,"href":"https:\/\/kraftiapet.com\/es\/wp-json\/wp\/v2\/comments?post=7132"}],"wp:featuredmedia":[{"embeddable":true,"href":"https:\/\/kraftiapet.com\/es\/wp-json\/wp\/v2\/media\/7133"}],"wp:attachment":[{"href":"https:\/\/kraftiapet.com\/es\/wp-json\/wp\/v2\/media?parent=7132"}],"wp:term":[{"taxonomy":"pwb-brand","embeddable":true,"href":"https:\/\/kraftiapet.com\/es\/wp-json\/wp\/v2\/pwb-brand?post=7132"},{"taxonomy":"product_brand","embeddable":true,"href":"https:\/\/kraftiapet.com\/es\/wp-json\/wp\/v2\/product_brand?post=7132"},{"taxonomy":"product_cat","embeddable":true,"href":"https:\/\/kraftiapet.com\/es\/wp-json\/wp\/v2\/product_cat?post=7132"},{"taxonomy":"product_tag","embeddable":true,"href":"https:\/\/kraftiapet.com\/es\/wp-json\/wp\/v2\/product_tag?post=7132"}],"curies":[{"name":"wp","href":"https:\/\/api.w.org\/{rel}","templated":true}]}}