{"id":7140,"date":"2025-10-02T11:27:38","date_gmt":"2025-10-02T11:27:38","guid":{"rendered":"https:\/\/kraftiapet.com\/?post_type=product&#038;p=7140"},"modified":"2026-04-24T10:56:45","modified_gmt":"2026-04-24T10:56:45","slug":"rich-in-chicken-with-carrot-rice","status":"publish","type":"product","link":"https:\/\/kraftiapet.com\/es\/product\/rich-in-chicken-with-carrot-rice\/","title":{"rendered":"Rich in Chicken With Carrot &amp; Rice"},"content":{"rendered":"","protected":false},"excerpt":{"rendered":"<p>Dogsy Chicken, Carrot &amp; Rice es un alimento para perros con pollo, zanahoria y arroz. Una mezcla saludable de pollo, zanahoria y arroz, f\u00e1cil de digerir y repleta de nutrientes esenciales. Rica en prote\u00ednas, fibra y vitaminas que favorecen una digesti\u00f3n sana y un pelaje brillante. Las zanahorias aportan una dosis de betacaroteno para mejorar la salud ocular, mientras que su textura crujiente ayuda a mantener los dientes limpios y a regular la digesti\u00f3n. Una comida equilibrada y baja en calor\u00edas que favorece la vitalidad y el bienestar de tu mascota cada d\u00eda.    <\/p>\n","protected":false},"featured_media":7141,"comment_status":"open","ping_status":"closed","template":"","meta":{"_acf_changed":false},"pwb-brand":[],"product_brand":[580],"product_cat":[547,548],"product_tag":[],"class_list":{"0":"post-7140","1":"product","2":"type-product","3":"status-publish","4":"has-post-thumbnail","6":"product_brand-dogsy","7":"product_cat-dog-food","8":"product_cat-adult-dog","10":"first","11":"instock","12":"taxable","13":"shipping-taxable","14":"product-type-variable"},"acf":[],"brands":[],"_links":{"self":[{"href":"https:\/\/kraftiapet.com\/es\/wp-json\/wp\/v2\/product\/7140","targetHints":{"allow":["GET"]}}],"collection":[{"href":"https:\/\/kraftiapet.com\/es\/wp-json\/wp\/v2\/product"}],"about":[{"href":"https:\/\/kraftiapet.com\/es\/wp-json\/wp\/v2\/types\/product"}],"replies":[{"embeddable":true,"href":"https:\/\/kraftiapet.com\/es\/wp-json\/wp\/v2\/comments?post=7140"}],"wp:featuredmedia":[{"embeddable":true,"href":"https:\/\/kraftiapet.com\/es\/wp-json\/wp\/v2\/media\/7141"}],"wp:attachment":[{"href":"https:\/\/kraftiapet.com\/es\/wp-json\/wp\/v2\/media?parent=7140"}],"wp:term":[{"taxonomy":"pwb-brand","embeddable":true,"href":"https:\/\/kraftiapet.com\/es\/wp-json\/wp\/v2\/pwb-brand?post=7140"},{"taxonomy":"product_brand","embeddable":true,"href":"https:\/\/kraftiapet.com\/es\/wp-json\/wp\/v2\/product_brand?post=7140"},{"taxonomy":"product_cat","embeddable":true,"href":"https:\/\/kraftiapet.com\/es\/wp-json\/wp\/v2\/product_cat?post=7140"},{"taxonomy":"product_tag","embeddable":true,"href":"https:\/\/kraftiapet.com\/es\/wp-json\/wp\/v2\/product_tag?post=7140"}],"curies":[{"name":"wp","href":"https:\/\/api.w.org\/{rel}","templated":true}]}}