{"id":7152,"date":"2025-10-13T06:44:03","date_gmt":"2025-10-13T06:44:03","guid":{"rendered":"https:\/\/kraftiapet.com\/?post_type=product&#038;p=7152"},"modified":"2026-04-24T14:11:49","modified_gmt":"2026-04-24T14:11:49","slug":"cognitivo","status":"publish","type":"product","link":"https:\/\/kraftiapet.com\/es\/product\/cognitivo\/","title":{"rendered":"Cognitivo"},"content":{"rendered":"<p data-start=\"249\" data-end=\"352\"><strong>Modo de empleo<\/strong>: 1 comprimido por cada 20 kg de peso corporal al d\u00eda.<\/p>\n<p data-start=\"249\" data-end=\"352\">Administre el\/los comprimido(s) masticable(s) <strong data-start=\"280\" data-end=\"294\">una vez al d\u00eda <\/strong>seg\u00fan la dosis recomendada. El comprimido puede administrarse de las siguientes formas: <\/p>\n<ul data-start=\"353\" data-end=\"529\">\n<li data-start=\"353\" data-end=\"398\">\n<p data-start=\"355\" data-end=\"398\"><strong data-start=\"355\" data-end=\"373\">Directamente<\/strong> al perro como premio<\/p>\n<\/li>\n<li data-start=\"399\" data-end=\"448\">\n<p data-start=\"401\" data-end=\"448\"><strong data-start=\"401\" data-end=\"420\">Mezclado con el alimento <\/strong>para facilitar su aceptaci\u00f3n<\/p>\n<\/li>\n<li data-start=\"449\" data-end=\"529\">\n<p data-start=\"451\" data-end=\"529\">Colocado en la base de la lengua para asegurar su ingesta completa, si es necesario.<\/p>\n<\/li>\n<\/ul>\n<p data-start=\"531\" data-end=\"682\">Aseg\u00farese de que el perro tenga acceso a agua fresca en todo momento. Siga las recomendaciones de su veterinario para una dosificaci\u00f3n y duraci\u00f3n de uso \u00f3ptimas. <\/p>\n","protected":false},"excerpt":{"rendered":"<p>Creemos que los perros nos entienden completamente, y a menudo parece como si estuvieran a punto de hablar. Esto se debe al \u00f3rgano m\u00e1s poderoso del sistema nervioso: el cerebro, que trabaja constantemente para que los perros puedan comprender mejor el mundo que los rodea. Nuestro suplemento cerebral para perros favorece la concentraci\u00f3n, la memoria y la funci\u00f3n cognitiva, ayudando a los perros a mantenerse \u00e1giles y mentalmente activos. El sistema nervioso es responsable de todo tipo de memoria, como el aprendizaje de juegos, h\u00e1bitos diarios, as\u00ed como de muchos otros procesos internos.   <\/p>\n<p><strong>\u00bfCU\u00c1NDO USAR COGNITIVE?<\/strong><\/p>\n<ul>\n<li>Para perros en proceso de aprendizaje, durante el adiestramiento o perros de trabajo como perros polic\u00eda<\/li>\n<li>En perros mayores, como prevenci\u00f3n de enfermedades neurol\u00f3gicas<\/li>\n<li>Como apoyo en la terapia de enfermedades del sistema nervioso central<\/li>\n<li>Para perros en adiestramiento, durante la gestaci\u00f3n y la lactancia<\/li>\n<li>Para problemas de memoria, aprendizaje y concentraci\u00f3n<\/li>\n<li>En casos de desorientaci\u00f3n o demencia<\/li>\n<\/ul>\n","protected":false},"featured_media":7155,"comment_status":"open","ping_status":"closed","template":"","meta":{"_acf_changed":false},"pwb-brand":[],"product_brand":[570],"product_cat":[547,571],"product_tag":[],"class_list":{"0":"post-7152","1":"product","2":"type-product","3":"status-publish","4":"has-post-thumbnail","6":"product_brand-regalena","7":"product_cat-dog-food","8":"product_cat-dog-supplements","10":"first","11":"instock","12":"taxable","13":"shipping-taxable","14":"product-type-variable"},"acf":[],"brands":[],"_links":{"self":[{"href":"https:\/\/kraftiapet.com\/es\/wp-json\/wp\/v2\/product\/7152","targetHints":{"allow":["GET"]}}],"collection":[{"href":"https:\/\/kraftiapet.com\/es\/wp-json\/wp\/v2\/product"}],"about":[{"href":"https:\/\/kraftiapet.com\/es\/wp-json\/wp\/v2\/types\/product"}],"replies":[{"embeddable":true,"href":"https:\/\/kraftiapet.com\/es\/wp-json\/wp\/v2\/comments?post=7152"}],"wp:featuredmedia":[{"embeddable":true,"href":"https:\/\/kraftiapet.com\/es\/wp-json\/wp\/v2\/media\/7155"}],"wp:attachment":[{"href":"https:\/\/kraftiapet.com\/es\/wp-json\/wp\/v2\/media?parent=7152"}],"wp:term":[{"taxonomy":"pwb-brand","embeddable":true,"href":"https:\/\/kraftiapet.com\/es\/wp-json\/wp\/v2\/pwb-brand?post=7152"},{"taxonomy":"product_brand","embeddable":true,"href":"https:\/\/kraftiapet.com\/es\/wp-json\/wp\/v2\/product_brand?post=7152"},{"taxonomy":"product_cat","embeddable":true,"href":"https:\/\/kraftiapet.com\/es\/wp-json\/wp\/v2\/product_cat?post=7152"},{"taxonomy":"product_tag","embeddable":true,"href":"https:\/\/kraftiapet.com\/es\/wp-json\/wp\/v2\/product_tag?post=7152"}],"curies":[{"name":"wp","href":"https:\/\/api.w.org\/{rel}","templated":true}]}}