{"id":7171,"date":"2025-10-10T12:28:20","date_gmt":"2025-10-10T12:28:20","guid":{"rendered":"https:\/\/kraftiapet.com\/?post_type=product&#038;p=7171"},"modified":"2026-04-24T14:11:50","modified_gmt":"2026-04-24T14:11:50","slug":"liver-support","status":"publish","type":"product","link":"https:\/\/kraftiapet.com\/es\/product\/liver-support\/","title":{"rendered":"Liver Support"},"content":{"rendered":"<p data-start=\"249\" data-end=\"352\"><strong>Modo de empleo:<\/strong> 1 comprimido por cada 10 kg de masa corporal al d\u00eda durante los primeros 10 d\u00edas.<\/p>\n<p data-start=\"249\" data-end=\"352\">Administre el\/los comprimido(s) masticable(s)<strong data-start=\"280\" data-end=\"294\"> una vez al d\u00eda<\/strong> seg\u00fan la dosis recomendada. El comprimido puede administrarse de las siguientes formas: <\/p>\n<ul data-start=\"353\" data-end=\"529\">\n<li data-start=\"353\" data-end=\"398\">\n<p data-start=\"355\" data-end=\"398\">Directamente al perro como premio<\/p>\n<\/li>\n<li data-start=\"399\" data-end=\"448\">\n<p data-start=\"401\" data-end=\"448\"><strong data-start=\"401\" data-end=\"420\">Mezclado con el alimento <\/strong>para facilitar su aceptaci\u00f3n<\/p>\n<\/li>\n<li data-start=\"449\" data-end=\"529\">\n<p data-start=\"451\" data-end=\"529\"><strong data-start=\"451\" data-end=\"487\">Colocado en la base de la lengua<\/strong> para asegurar su ingesta completa, si es necesario<\/p>\n<\/li>\n<\/ul>\n<p data-start=\"531\" data-end=\"682\">Aseg\u00farese de que el perro tenga acceso a agua fresca en todo momento. Siga las recomendaciones de su veterinario para una dosificaci\u00f3n y duraci\u00f3n de uso \u00f3ptimas. <\/p>\n","protected":false},"excerpt":{"rendered":"<p>El h\u00edgado desempe\u00f1a un papel fundamental en el metabolismo y realiza numerosas funciones: elimina toxinas, produce prote\u00ednas sangu\u00edneas y participa en la digesti\u00f3n. Nuestro suplemento hep\u00e1tico para perros ayuda a proteger las c\u00e9lulas del h\u00edgado, favorece su regeneraci\u00f3n y promueve un metabolismo saludable. Debido a su funci\u00f3n central, el h\u00edgado est\u00e1 expuesto a numerosos problemas que pueden afectar la salud del perro, por lo que siempre es preferible un cuidado preventivo para mantener una funci\u00f3n hep\u00e1tica \u00f3ptima y protegerlo adecuadamente.  <\/p>\n<p><strong>\u00bfCU\u00c1NDO USAR LIVER SUPPORT?<\/strong><\/p>\n<ul>\n<li>En caso de h\u00edgado graso<\/li>\n<li>Durante el uso de medicamentos hepatot\u00f3xicos<\/li>\n<li>En casos de hepatitis (adenovirus, leptospirosis, toxoplasmosis)<\/li>\n<li>En caso de intoxicaci\u00f3n por metales pesados<\/li>\n<li>Para quistes hep\u00e1ticos<\/li>\n<li>En caso de obstrucci\u00f3n de las v\u00edas biliares<\/li>\n<\/ul>\n","protected":false},"featured_media":7172,"comment_status":"open","ping_status":"closed","template":"","meta":{"_acf_changed":false},"pwb-brand":[],"product_brand":[570],"product_cat":[547,571],"product_tag":[],"class_list":{"0":"post-7171","1":"product","2":"type-product","3":"status-publish","4":"has-post-thumbnail","6":"product_brand-regalena","7":"product_cat-dog-food","8":"product_cat-dog-supplements","10":"first","11":"instock","12":"taxable","13":"shipping-taxable","14":"product-type-variable"},"acf":[],"brands":[],"_links":{"self":[{"href":"https:\/\/kraftiapet.com\/es\/wp-json\/wp\/v2\/product\/7171","targetHints":{"allow":["GET"]}}],"collection":[{"href":"https:\/\/kraftiapet.com\/es\/wp-json\/wp\/v2\/product"}],"about":[{"href":"https:\/\/kraftiapet.com\/es\/wp-json\/wp\/v2\/types\/product"}],"replies":[{"embeddable":true,"href":"https:\/\/kraftiapet.com\/es\/wp-json\/wp\/v2\/comments?post=7171"}],"wp:featuredmedia":[{"embeddable":true,"href":"https:\/\/kraftiapet.com\/es\/wp-json\/wp\/v2\/media\/7172"}],"wp:attachment":[{"href":"https:\/\/kraftiapet.com\/es\/wp-json\/wp\/v2\/media?parent=7171"}],"wp:term":[{"taxonomy":"pwb-brand","embeddable":true,"href":"https:\/\/kraftiapet.com\/es\/wp-json\/wp\/v2\/pwb-brand?post=7171"},{"taxonomy":"product_brand","embeddable":true,"href":"https:\/\/kraftiapet.com\/es\/wp-json\/wp\/v2\/product_brand?post=7171"},{"taxonomy":"product_cat","embeddable":true,"href":"https:\/\/kraftiapet.com\/es\/wp-json\/wp\/v2\/product_cat?post=7171"},{"taxonomy":"product_tag","embeddable":true,"href":"https:\/\/kraftiapet.com\/es\/wp-json\/wp\/v2\/product_tag?post=7171"}],"curies":[{"name":"wp","href":"https:\/\/api.w.org\/{rel}","templated":true}]}}