{"id":7176,"date":"2025-10-13T05:32:00","date_gmt":"2025-10-13T05:32:00","guid":{"rendered":"https:\/\/kraftiapet.com\/?post_type=product&#038;p=7176"},"modified":"2026-04-24T14:11:50","modified_gmt":"2026-04-24T14:11:50","slug":"cardio","status":"publish","type":"product","link":"https:\/\/kraftiapet.com\/es\/product\/cardio\/","title":{"rendered":"Cardio +"},"content":{"rendered":"<p data-start=\"249\" data-end=\"352\"><strong>Modo de empleo:<\/strong> 1 comprimido por cada 20 kg de masa corporal al d\u00eda.<\/p>\n<p data-start=\"249\" data-end=\"352\">Administre el\/los comprimido(s) masticable(s) <strong data-start=\"280\" data-end=\"294\">una vez al d\u00eda<\/strong> seg\u00fan la dosis recomendada. El comprimido puede administrarse de las siguientes formas: <\/p>\n<ul data-start=\"353\" data-end=\"529\">\n<li data-start=\"353\" data-end=\"398\">\n<p data-start=\"355\" data-end=\"398\"><strong data-start=\"355\" data-end=\"373\">Directamente<\/strong> al perro como premio<\/p>\n<\/li>\n<li data-start=\"399\" data-end=\"448\">\n<p data-start=\"401\" data-end=\"448\"><strong data-start=\"401\" data-end=\"420\">Mezclado con el alimento<\/strong> para facilitar su aceptaci\u00f3n<\/p>\n<\/li>\n<li data-start=\"449\" data-end=\"529\">\n<p data-start=\"451\" data-end=\"529\"><strong data-start=\"451\" data-end=\"487\">Colocado en la base de la lengua<\/strong> para asegurar su ingesta completa, si es necesario<\/p>\n<\/li>\n<\/ul>\n<p data-start=\"531\" data-end=\"682\">Aseg\u00farese de que el perro tenga acceso a agua fresca en todo momento. Siga las recomendaciones de su veterinario para una dosificaci\u00f3n y duraci\u00f3n de uso \u00f3ptimas. <\/p>\n","protected":false},"excerpt":{"rendered":"<p>El coraz\u00f3n de una mascota est\u00e1 abierto a todo el amor del mundo, pero tambi\u00e9n necesita apoyo para su correcto funcionamiento diario. Nuestro suplemento card\u00edaco para perros proporciona la energ\u00eda y los nutrientes necesarios para mantener un coraz\u00f3n fuerte y sano. Como trabaja sin descanso, las 24 horas del d\u00eda, el m\u00fasculo card\u00edaco necesita un aporte extra de energ\u00eda con el paso del tiempo. Adem\u00e1s del envejecimiento, la suplementaci\u00f3n tambi\u00e9n se recomienda para perros que, por su raza, est\u00e1n predispuestos a desarrollar enfermedades card\u00edacas.  <\/p>\n<p><strong>\u00bfCU\u00c1NDO USAR CARDIO PLUS?<\/strong><\/p>\n<ul>\n<li>Mejora la funci\u00f3n card\u00edaca<\/li>\n<li>Regula la presi\u00f3n arterial y la circulaci\u00f3n<\/li>\n<li>En casos de cardiomiopat\u00eda y aterosclerosis<\/li>\n<li>En perros mayores<\/li>\n<li>Durante periodos de esfuerzo f\u00edsico intenso<\/li>\n<li>Como prevenci\u00f3n de problemas cardiovasculares en perros predispuestos<\/li>\n<li>En razas con predisposici\u00f3n hereditaria a enfermedades card\u00edacas (teckel, schnauzer, terrier, spitz)<\/li>\n<\/ul>\n","protected":false},"featured_media":7177,"comment_status":"open","ping_status":"closed","template":"","meta":{"_acf_changed":false},"pwb-brand":[],"product_brand":[570],"product_cat":[547,571],"product_tag":[],"class_list":{"0":"post-7176","1":"product","2":"type-product","3":"status-publish","4":"has-post-thumbnail","6":"product_brand-regalena","7":"product_cat-dog-food","8":"product_cat-dog-supplements","10":"first","11":"instock","12":"taxable","13":"shipping-taxable","14":"product-type-variable"},"acf":[],"brands":[],"_links":{"self":[{"href":"https:\/\/kraftiapet.com\/es\/wp-json\/wp\/v2\/product\/7176","targetHints":{"allow":["GET"]}}],"collection":[{"href":"https:\/\/kraftiapet.com\/es\/wp-json\/wp\/v2\/product"}],"about":[{"href":"https:\/\/kraftiapet.com\/es\/wp-json\/wp\/v2\/types\/product"}],"replies":[{"embeddable":true,"href":"https:\/\/kraftiapet.com\/es\/wp-json\/wp\/v2\/comments?post=7176"}],"wp:featuredmedia":[{"embeddable":true,"href":"https:\/\/kraftiapet.com\/es\/wp-json\/wp\/v2\/media\/7177"}],"wp:attachment":[{"href":"https:\/\/kraftiapet.com\/es\/wp-json\/wp\/v2\/media?parent=7176"}],"wp:term":[{"taxonomy":"pwb-brand","embeddable":true,"href":"https:\/\/kraftiapet.com\/es\/wp-json\/wp\/v2\/pwb-brand?post=7176"},{"taxonomy":"product_brand","embeddable":true,"href":"https:\/\/kraftiapet.com\/es\/wp-json\/wp\/v2\/product_brand?post=7176"},{"taxonomy":"product_cat","embeddable":true,"href":"https:\/\/kraftiapet.com\/es\/wp-json\/wp\/v2\/product_cat?post=7176"},{"taxonomy":"product_tag","embeddable":true,"href":"https:\/\/kraftiapet.com\/es\/wp-json\/wp\/v2\/product_tag?post=7176"}],"curies":[{"name":"wp","href":"https:\/\/api.w.org\/{rel}","templated":true}]}}