{"id":7193,"date":"2025-10-13T06:59:05","date_gmt":"2025-10-13T06:59:05","guid":{"rendered":"https:\/\/kraftiapet.com\/?post_type=product&#038;p=7193"},"modified":"2026-04-24T14:11:48","modified_gmt":"2026-04-24T14:11:48","slug":"immune-boost","status":"publish","type":"product","link":"https:\/\/kraftiapet.com\/es\/product\/immune-boost\/","title":{"rendered":"Immune Boost"},"content":{"rendered":"<p data-start=\"249\" data-end=\"352\"><strong>Modo de empleo<\/strong>: 1 comprimido por cada 10 kg de peso corporal al d\u00eda.<\/p>\n<p data-start=\"249\" data-end=\"352\">Administre el\/los comprimido(s) masticable(s) <strong data-start=\"280\" data-end=\"294\">una vez al d\u00eda<\/strong> seg\u00fan la dosis recomendada. El comprimido puede administrarse de las siguientes formas: <\/p>\n<ul data-start=\"353\" data-end=\"529\">\n<li data-start=\"353\" data-end=\"398\">\n<p data-start=\"355\" data-end=\"398\"><strong data-start=\"355\" data-end=\"373\">Directamente<\/strong> al perro como premio<\/p>\n<\/li>\n<li data-start=\"399\" data-end=\"448\">\n<p data-start=\"401\" data-end=\"448\"><strong data-start=\"401\" data-end=\"420\">Mezclado con el alimento <\/strong>para facilitar su aceptaci\u00f3n<\/p>\n<\/li>\n<li data-start=\"449\" data-end=\"529\">\n<p data-start=\"451\" data-end=\"529\"><strong data-start=\"451\" data-end=\"487\">Colocado en la base de la lengua<\/strong> para asegurar su ingesta completa, si es necesario<\/p>\n<\/li>\n<\/ul>\n<p data-start=\"531\" data-end=\"682\">Aseg\u00farese de que el perro tenga acceso a agua fresca en todo momento. Siga las recomendaciones de su veterinario para una dosificaci\u00f3n y duraci\u00f3n de uso \u00f3ptimas. <\/p>\n","protected":false},"excerpt":{"rendered":"<p>Una dieta rica en diversos nutrientes, la actividad f\u00edsica y una suplementaci\u00f3n adecuada son importantes para un sistema inmunitario fuerte, especialmente en periodos de mayor riesgo de resfriados, fatiga y agotamiento f\u00edsico. Nuestro suplemento inmunitario para perros ayuda a potenciar la resistencia, favorecer la recuperaci\u00f3n y mantener la vitalidad en todas las etapas de la vida. <\/p>\n<p><strong>\u00bfCU\u00c1NDO USAR IMMUNE BOOST?<\/strong><\/p>\n<ul>\n<li>Para infecciones bacterianas, f\u00fangicas y v\u00edricas frecuentes<\/li>\n<li>En casos de inflamaci\u00f3n pulmonar y otitis<\/li>\n<li>En enfermedades cr\u00f3nicas<\/li>\n<li>En casos de agotamiento f\u00edsico<\/li>\n<li>En caso de falta de apetito<\/li>\n<li>Durante el periodo de convalecencia<\/li>\n<\/ul>\n","protected":false},"featured_media":7194,"comment_status":"open","ping_status":"closed","template":"","meta":{"_acf_changed":false},"pwb-brand":[],"product_brand":[570],"product_cat":[547,571],"product_tag":[],"class_list":{"0":"post-7193","1":"product","2":"type-product","3":"status-publish","4":"has-post-thumbnail","6":"product_brand-regalena","7":"product_cat-dog-food","8":"product_cat-dog-supplements","10":"first","11":"instock","12":"taxable","13":"shipping-taxable","14":"product-type-variable"},"acf":[],"brands":[],"_links":{"self":[{"href":"https:\/\/kraftiapet.com\/es\/wp-json\/wp\/v2\/product\/7193","targetHints":{"allow":["GET"]}}],"collection":[{"href":"https:\/\/kraftiapet.com\/es\/wp-json\/wp\/v2\/product"}],"about":[{"href":"https:\/\/kraftiapet.com\/es\/wp-json\/wp\/v2\/types\/product"}],"replies":[{"embeddable":true,"href":"https:\/\/kraftiapet.com\/es\/wp-json\/wp\/v2\/comments?post=7193"}],"wp:featuredmedia":[{"embeddable":true,"href":"https:\/\/kraftiapet.com\/es\/wp-json\/wp\/v2\/media\/7194"}],"wp:attachment":[{"href":"https:\/\/kraftiapet.com\/es\/wp-json\/wp\/v2\/media?parent=7193"}],"wp:term":[{"taxonomy":"pwb-brand","embeddable":true,"href":"https:\/\/kraftiapet.com\/es\/wp-json\/wp\/v2\/pwb-brand?post=7193"},{"taxonomy":"product_brand","embeddable":true,"href":"https:\/\/kraftiapet.com\/es\/wp-json\/wp\/v2\/product_brand?post=7193"},{"taxonomy":"product_cat","embeddable":true,"href":"https:\/\/kraftiapet.com\/es\/wp-json\/wp\/v2\/product_cat?post=7193"},{"taxonomy":"product_tag","embeddable":true,"href":"https:\/\/kraftiapet.com\/es\/wp-json\/wp\/v2\/product_tag?post=7193"}],"curies":[{"name":"wp","href":"https:\/\/api.w.org\/{rel}","templated":true}]}}