{"id":7198,"date":"2025-10-13T07:09:13","date_gmt":"2025-10-13T07:09:13","guid":{"rendered":"https:\/\/kraftiapet.com\/?post_type=product&#038;p=7198"},"modified":"2026-04-24T14:11:48","modified_gmt":"2026-04-24T14:11:48","slug":"urinary-care","status":"publish","type":"product","link":"https:\/\/kraftiapet.com\/es\/product\/urinary-care\/","title":{"rendered":"Urinary Care"},"content":{"rendered":"<p data-start=\"249\" data-end=\"352\"><strong>Modo de empleo:<\/strong> 1 comprimido por cada 15 kg de masa corporal al d\u00eda durante 6 meses.<\/p>\n<p data-start=\"249\" data-end=\"352\">Administre el\/los comprimido(s) masticable(s) <strong data-start=\"280\" data-end=\"294\">una vez al d\u00eda <\/strong>seg\u00fan la dosis recomendada. El comprimido puede administrarse de las siguientes formas: <\/p>\n<ul data-start=\"353\" data-end=\"529\">\n<li data-start=\"353\" data-end=\"398\">\n<p data-start=\"355\" data-end=\"398\"><strong data-start=\"355\" data-end=\"373\">Directamente<\/strong> al perro como premio<\/p>\n<\/li>\n<li data-start=\"399\" data-end=\"448\">\n<p data-start=\"401\" data-end=\"448\"><strong data-start=\"401\" data-end=\"420\">Mezclado con el alimento<\/strong> para facilitar su aceptaci\u00f3n<\/p>\n<\/li>\n<li data-start=\"449\" data-end=\"529\">\n<p data-start=\"451\" data-end=\"529\"><strong data-start=\"451\" data-end=\"487\">Colocado en la base de la lengua<\/strong> para asegurar su ingesta completa, si es necesario<\/p>\n<\/li>\n<\/ul>\n<p data-start=\"531\" data-end=\"682\">Aseg\u00farese de que el perro tenga acceso a agua fresca en todo momento. Siga las recomendaciones de su veterinario para una dosificaci\u00f3n y duraci\u00f3n de uso \u00f3ptimas. <\/p>\n","protected":false},"excerpt":{"rendered":"<p>Las infecciones del tracto urinario son un problema frecuente al que est\u00e1n expuestos los perros, y en el 90% de los casos la Escherichia coli es la causa de la infecci\u00f3n. Nuestro suplemento urinario para perros favorece la eliminaci\u00f3n natural de las bacterias, refuerza la inmunidad y ayuda a prevenir la reinfecci\u00f3n. En el tratamiento se utilizan antibi\u00f3ticos junto con m\u00e9todos naturales para eliminar las bacterias del tracto urinario y reforzar la inmunidad, protegiendo as\u00ed a las mascotas frente a nuevas infecciones.  <\/p>\n<p><strong>\u00bfCU\u00c1NDO USAR URINARY CARE?<\/strong><\/p>\n<ul>\n<li>Para las inflamaciones agudas, cr\u00f3nicas y recurrentes del tracto urinario<\/li>\n<li>Como prevenci\u00f3n de los c\u00e1lculos renales<\/li>\n<li>Contra los cristales y c\u00e1lculos en la vejiga urinaria<\/li>\n<li>Tras el cateterismo y los procedimientos quir\u00fargicos<\/li>\n<li>Como apoyo a la terapia convencional prescrita<\/li>\n<li>Para el agrandamiento de la pr\u00f3stata<\/li>\n<li>Como prevenci\u00f3n en razas caninas predispuestas<\/li>\n<li>Para mejorar la calidad del semen<\/li>\n<\/ul>\n","protected":false},"featured_media":7199,"comment_status":"open","ping_status":"closed","template":"","meta":{"_acf_changed":false},"pwb-brand":[],"product_brand":[570],"product_cat":[547,571],"product_tag":[],"class_list":{"0":"post-7198","1":"product","2":"type-product","3":"status-publish","4":"has-post-thumbnail","6":"product_brand-regalena","7":"product_cat-dog-food","8":"product_cat-dog-supplements","10":"first","11":"instock","12":"taxable","13":"shipping-taxable","14":"product-type-variable"},"acf":[],"brands":[],"_links":{"self":[{"href":"https:\/\/kraftiapet.com\/es\/wp-json\/wp\/v2\/product\/7198","targetHints":{"allow":["GET"]}}],"collection":[{"href":"https:\/\/kraftiapet.com\/es\/wp-json\/wp\/v2\/product"}],"about":[{"href":"https:\/\/kraftiapet.com\/es\/wp-json\/wp\/v2\/types\/product"}],"replies":[{"embeddable":true,"href":"https:\/\/kraftiapet.com\/es\/wp-json\/wp\/v2\/comments?post=7198"}],"wp:featuredmedia":[{"embeddable":true,"href":"https:\/\/kraftiapet.com\/es\/wp-json\/wp\/v2\/media\/7199"}],"wp:attachment":[{"href":"https:\/\/kraftiapet.com\/es\/wp-json\/wp\/v2\/media?parent=7198"}],"wp:term":[{"taxonomy":"pwb-brand","embeddable":true,"href":"https:\/\/kraftiapet.com\/es\/wp-json\/wp\/v2\/pwb-brand?post=7198"},{"taxonomy":"product_brand","embeddable":true,"href":"https:\/\/kraftiapet.com\/es\/wp-json\/wp\/v2\/product_brand?post=7198"},{"taxonomy":"product_cat","embeddable":true,"href":"https:\/\/kraftiapet.com\/es\/wp-json\/wp\/v2\/product_cat?post=7198"},{"taxonomy":"product_tag","embeddable":true,"href":"https:\/\/kraftiapet.com\/es\/wp-json\/wp\/v2\/product_tag?post=7198"}],"curies":[{"name":"wp","href":"https:\/\/api.w.org\/{rel}","templated":true}]}}