{"id":7204,"date":"2025-10-13T07:18:25","date_gmt":"2025-10-13T07:18:25","guid":{"rendered":"https:\/\/kraftiapet.com\/?post_type=product&#038;p=7204"},"modified":"2026-04-24T14:11:48","modified_gmt":"2026-04-24T14:11:48","slug":"allergy-relief","status":"publish","type":"product","link":"https:\/\/kraftiapet.com\/es\/product\/allergy-relief\/","title":{"rendered":"Allergy Relief"},"content":{"rendered":"<p data-start=\"249\" data-end=\"352\"><strong>Modo de empleo:<\/strong> 1 comprimido por cada 15 kg de masa corporal al d\u00eda.<\/p>\n<p data-start=\"249\" data-end=\"352\">Administre el\/los comprimido(s) masticable(s) <strong data-start=\"280\" data-end=\"294\">una vez al d\u00eda<\/strong> seg\u00fan la dosis recomendada. El comprimido puede administrarse de las siguientes formas: <\/p>\n<ul data-start=\"353\" data-end=\"529\">\n<li data-start=\"353\" data-end=\"398\">\n<p data-start=\"355\" data-end=\"398\"><strong data-start=\"355\" data-end=\"373\">Directamente<\/strong> al perro como premio<\/p>\n<\/li>\n<li data-start=\"399\" data-end=\"448\">\n<p data-start=\"401\" data-end=\"448\"><strong data-start=\"401\" data-end=\"420\">Mezclado con el alimento <\/strong>para facilitar su aceptaci\u00f3n<\/p>\n<\/li>\n<li data-start=\"449\" data-end=\"529\">\n<p data-start=\"451\" data-end=\"529\"><strong data-start=\"451\" data-end=\"487\">Colocado en la base de la lengua <\/strong>para asegurar su ingesta completa, si es necesario<\/p>\n<\/li>\n<\/ul>\n<p data-start=\"531\" data-end=\"682\">Aseg\u00farese de que el perro tenga acceso a agua fresca en todo momento. Siga las recomendaciones de su veterinario para una dosificaci\u00f3n y duraci\u00f3n de uso \u00f3ptimas. <\/p>\n","protected":false},"excerpt":{"rendered":"<p>Al igual que los humanos, algunos perros tienen un sistema inmunitario hiperactivo, lo que provoca una fuerte reacci\u00f3n a factores relativamente inofensivos como el polen, los \u00e1caros, el sol o los alimentos. Nuestro suplemento antial\u00e9rgico para perros refuerza la inmunidad y ayuda al organismo a responder con mayor calma a los al\u00e9rgenos. A menudo se utilizan antihistam\u00ednicos e inmunomoduladores para aliviar las alergias, y se ha observado que reforzar la inmunidad tambi\u00e9n desempe\u00f1a un papel importante en la resistencia del organismo frente a al\u00e9rgenos problem\u00e1ticos.  <\/p>\n<p><strong>\u00bfCU\u00c1NDO USAR ALLERGY RELIEF?<\/strong><\/p>\n<ul>\n<li>En todos los tipos de atopia \u2014 sist\u00e9mica y local<\/li>\n<li>Alivia el picor, los ojos llorosos, la secreci\u00f3n nasal y la hinchaz\u00f3n<\/li>\n<li>Calma el sistema inmunitario irritado<\/li>\n<li>Reduce los procesos inflamatorios<\/li>\n<li>Acci\u00f3n preventiva antes de la exposici\u00f3n a los al\u00e9rgenos<\/li>\n<\/ul>\n","protected":false},"featured_media":7205,"comment_status":"open","ping_status":"closed","template":"","meta":{"_acf_changed":false},"pwb-brand":[],"product_brand":[570],"product_cat":[547,571],"product_tag":[],"class_list":{"0":"post-7204","1":"product","2":"type-product","3":"status-publish","4":"has-post-thumbnail","6":"product_brand-regalena","7":"product_cat-dog-food","8":"product_cat-dog-supplements","10":"first","11":"instock","12":"taxable","13":"shipping-taxable","14":"product-type-variable"},"acf":[],"brands":[],"_links":{"self":[{"href":"https:\/\/kraftiapet.com\/es\/wp-json\/wp\/v2\/product\/7204","targetHints":{"allow":["GET"]}}],"collection":[{"href":"https:\/\/kraftiapet.com\/es\/wp-json\/wp\/v2\/product"}],"about":[{"href":"https:\/\/kraftiapet.com\/es\/wp-json\/wp\/v2\/types\/product"}],"replies":[{"embeddable":true,"href":"https:\/\/kraftiapet.com\/es\/wp-json\/wp\/v2\/comments?post=7204"}],"wp:featuredmedia":[{"embeddable":true,"href":"https:\/\/kraftiapet.com\/es\/wp-json\/wp\/v2\/media\/7205"}],"wp:attachment":[{"href":"https:\/\/kraftiapet.com\/es\/wp-json\/wp\/v2\/media?parent=7204"}],"wp:term":[{"taxonomy":"pwb-brand","embeddable":true,"href":"https:\/\/kraftiapet.com\/es\/wp-json\/wp\/v2\/pwb-brand?post=7204"},{"taxonomy":"product_brand","embeddable":true,"href":"https:\/\/kraftiapet.com\/es\/wp-json\/wp\/v2\/product_brand?post=7204"},{"taxonomy":"product_cat","embeddable":true,"href":"https:\/\/kraftiapet.com\/es\/wp-json\/wp\/v2\/product_cat?post=7204"},{"taxonomy":"product_tag","embeddable":true,"href":"https:\/\/kraftiapet.com\/es\/wp-json\/wp\/v2\/product_tag?post=7204"}],"curies":[{"name":"wp","href":"https:\/\/api.w.org\/{rel}","templated":true}]}}