{"id":7230,"date":"2025-10-04T21:00:09","date_gmt":"2025-10-04T21:00:09","guid":{"rendered":"https:\/\/kraftiapet.com\/?post_type=product&#038;p=7230"},"modified":"2026-04-25T17:39:52","modified_gmt":"2026-04-25T17:39:52","slug":"chicken-with-blueberry-3","status":"publish","type":"product","link":"https:\/\/kraftiapet.com\/es\/product\/chicken-with-blueberry-3\/","title":{"rendered":"Chicken with Blueberry"},"content":{"rendered":"","protected":false},"excerpt":{"rendered":"<p>Vida Nativa Chicken &amp; Blueberry es un alimento natural premium para perros de razas mini y peque\u00f1as con pollo y ar\u00e1ndanos. El pollo y los ar\u00e1ndanos forman una combinaci\u00f3n deliciosa y saludable. Esta mezcla es una excelente fuente de prote\u00ednas, esenciales para unos huesos fuertes y unas articulaciones sanas, mientras que los superalimentos como los ar\u00e1ndanos tambi\u00e9n aportan fibra y antioxidantes, que ayudan a reforzar el sistema inmunitario.  <\/p>\n","protected":false},"featured_media":7232,"comment_status":"open","ping_status":"closed","template":"","meta":{"_acf_changed":false},"pwb-brand":[],"product_brand":[589],"product_cat":[547,548],"product_tag":[],"class_list":{"0":"post-7230","1":"product","2":"type-product","3":"status-publish","4":"has-post-thumbnail","6":"product_brand-vida-nativa","7":"product_cat-dog-food","8":"product_cat-adult-dog","10":"first","11":"instock","12":"taxable","13":"shipping-taxable","14":"product-type-variable"},"acf":[],"brands":[],"_links":{"self":[{"href":"https:\/\/kraftiapet.com\/es\/wp-json\/wp\/v2\/product\/7230","targetHints":{"allow":["GET"]}}],"collection":[{"href":"https:\/\/kraftiapet.com\/es\/wp-json\/wp\/v2\/product"}],"about":[{"href":"https:\/\/kraftiapet.com\/es\/wp-json\/wp\/v2\/types\/product"}],"replies":[{"embeddable":true,"href":"https:\/\/kraftiapet.com\/es\/wp-json\/wp\/v2\/comments?post=7230"}],"wp:featuredmedia":[{"embeddable":true,"href":"https:\/\/kraftiapet.com\/es\/wp-json\/wp\/v2\/media\/7232"}],"wp:attachment":[{"href":"https:\/\/kraftiapet.com\/es\/wp-json\/wp\/v2\/media?parent=7230"}],"wp:term":[{"taxonomy":"pwb-brand","embeddable":true,"href":"https:\/\/kraftiapet.com\/es\/wp-json\/wp\/v2\/pwb-brand?post=7230"},{"taxonomy":"product_brand","embeddable":true,"href":"https:\/\/kraftiapet.com\/es\/wp-json\/wp\/v2\/product_brand?post=7230"},{"taxonomy":"product_cat","embeddable":true,"href":"https:\/\/kraftiapet.com\/es\/wp-json\/wp\/v2\/product_cat?post=7230"},{"taxonomy":"product_tag","embeddable":true,"href":"https:\/\/kraftiapet.com\/es\/wp-json\/wp\/v2\/product_tag?post=7230"}],"curies":[{"name":"wp","href":"https:\/\/api.w.org\/{rel}","templated":true}]}}