{"id":7256,"date":"2025-10-04T21:54:38","date_gmt":"2025-10-04T21:54:38","guid":{"rendered":"https:\/\/kraftiapet.com\/?post_type=product&#038;p=7256"},"modified":"2026-04-25T17:39:49","modified_gmt":"2026-04-25T17:39:49","slug":"salmon-with-butternut-squash-2","status":"publish","type":"product","link":"https:\/\/kraftiapet.com\/es\/product\/salmon-with-butternut-squash-2\/","title":{"rendered":"Salmon with Butternut Squash"},"content":{"rendered":"","protected":false},"excerpt":{"rendered":"<p>Vida Nativa Salm\u00f3n &amp; Calabaza es un alimento natural premium para perros de razas mini y peque\u00f1as, con salm\u00f3n y calabaza. El salm\u00f3n y la calabaza Butternut son una aut\u00e9ntica delicia y favorecen la salud de tu mascota de muchas maneras: el salm\u00f3n es una excelente fuente de prote\u00ednas de f\u00e1cil digesti\u00f3n y es excelente para la salud de la piel y un pelaje brillante, mientras que la calabaza y las manzanas proporcionan una base para un sistema digestivo sano y el bienestar general. <\/p>\n","protected":false},"featured_media":7258,"comment_status":"open","ping_status":"closed","template":"","meta":{"_acf_changed":false},"pwb-brand":[],"product_brand":[589],"product_cat":[547,548],"product_tag":[],"class_list":{"0":"post-7256","1":"product","2":"type-product","3":"status-publish","4":"has-post-thumbnail","6":"product_brand-vida-nativa","7":"product_cat-dog-food","8":"product_cat-adult-dog","10":"first","11":"instock","12":"taxable","13":"shipping-taxable","14":"product-type-variable"},"acf":[],"brands":[],"_links":{"self":[{"href":"https:\/\/kraftiapet.com\/es\/wp-json\/wp\/v2\/product\/7256","targetHints":{"allow":["GET"]}}],"collection":[{"href":"https:\/\/kraftiapet.com\/es\/wp-json\/wp\/v2\/product"}],"about":[{"href":"https:\/\/kraftiapet.com\/es\/wp-json\/wp\/v2\/types\/product"}],"replies":[{"embeddable":true,"href":"https:\/\/kraftiapet.com\/es\/wp-json\/wp\/v2\/comments?post=7256"}],"wp:featuredmedia":[{"embeddable":true,"href":"https:\/\/kraftiapet.com\/es\/wp-json\/wp\/v2\/media\/7258"}],"wp:attachment":[{"href":"https:\/\/kraftiapet.com\/es\/wp-json\/wp\/v2\/media?parent=7256"}],"wp:term":[{"taxonomy":"pwb-brand","embeddable":true,"href":"https:\/\/kraftiapet.com\/es\/wp-json\/wp\/v2\/pwb-brand?post=7256"},{"taxonomy":"product_brand","embeddable":true,"href":"https:\/\/kraftiapet.com\/es\/wp-json\/wp\/v2\/product_brand?post=7256"},{"taxonomy":"product_cat","embeddable":true,"href":"https:\/\/kraftiapet.com\/es\/wp-json\/wp\/v2\/product_cat?post=7256"},{"taxonomy":"product_tag","embeddable":true,"href":"https:\/\/kraftiapet.com\/es\/wp-json\/wp\/v2\/product_tag?post=7256"}],"curies":[{"name":"wp","href":"https:\/\/api.w.org\/{rel}","templated":true}]}}