{"id":7265,"date":"2025-10-04T21:29:59","date_gmt":"2025-10-04T21:29:59","guid":{"rendered":"https:\/\/kraftiapet.com\/?post_type=product&#038;p=7265"},"modified":"2026-04-25T17:39:50","modified_gmt":"2026-04-25T17:39:50","slug":"lamb-with-brown-rice-3","status":"publish","type":"product","link":"https:\/\/kraftiapet.com\/es\/product\/lamb-with-brown-rice-3\/","title":{"rendered":"Lamb with Brown Rice"},"content":{"rendered":"","protected":false},"excerpt":{"rendered":"<p>Vida Nativa Lamb &amp; Brown Rice es un alimento natural premium para perros de razas mini y peque\u00f1as con cordero y arroz integral. El cordero y el arroz integral forman una combinaci\u00f3n nutricional excepcional para tu mascota. El cordero es fundamental para desarrollar y mantener m\u00fasculos, piel y pelaje sanos, mientras que el arroz integral favorece el metabolismo. Esta receta es una elecci\u00f3n acertada y, adem\u00e1s, deliciosa.  <\/p>\n","protected":false},"featured_media":7267,"comment_status":"open","ping_status":"closed","template":"","meta":{"_acf_changed":false},"pwb-brand":[],"product_brand":[589],"product_cat":[547,548],"product_tag":[],"class_list":{"0":"post-7265","1":"product","2":"type-product","3":"status-publish","4":"has-post-thumbnail","6":"product_brand-vida-nativa","7":"product_cat-dog-food","8":"product_cat-adult-dog","10":"first","11":"instock","12":"taxable","13":"shipping-taxable","14":"product-type-variable"},"acf":[],"brands":[],"_links":{"self":[{"href":"https:\/\/kraftiapet.com\/es\/wp-json\/wp\/v2\/product\/7265","targetHints":{"allow":["GET"]}}],"collection":[{"href":"https:\/\/kraftiapet.com\/es\/wp-json\/wp\/v2\/product"}],"about":[{"href":"https:\/\/kraftiapet.com\/es\/wp-json\/wp\/v2\/types\/product"}],"replies":[{"embeddable":true,"href":"https:\/\/kraftiapet.com\/es\/wp-json\/wp\/v2\/comments?post=7265"}],"wp:featuredmedia":[{"embeddable":true,"href":"https:\/\/kraftiapet.com\/es\/wp-json\/wp\/v2\/media\/7267"}],"wp:attachment":[{"href":"https:\/\/kraftiapet.com\/es\/wp-json\/wp\/v2\/media?parent=7265"}],"wp:term":[{"taxonomy":"pwb-brand","embeddable":true,"href":"https:\/\/kraftiapet.com\/es\/wp-json\/wp\/v2\/pwb-brand?post=7265"},{"taxonomy":"product_brand","embeddable":true,"href":"https:\/\/kraftiapet.com\/es\/wp-json\/wp\/v2\/product_brand?post=7265"},{"taxonomy":"product_cat","embeddable":true,"href":"https:\/\/kraftiapet.com\/es\/wp-json\/wp\/v2\/product_cat?post=7265"},{"taxonomy":"product_tag","embeddable":true,"href":"https:\/\/kraftiapet.com\/es\/wp-json\/wp\/v2\/product_tag?post=7265"}],"curies":[{"name":"wp","href":"https:\/\/api.w.org\/{rel}","templated":true}]}}