{"id":5428,"date":"2025-08-29T12:31:49","date_gmt":"2025-08-29T12:31:49","guid":{"rendered":"https:\/\/kraftiapet.com\/?page_id=5428"},"modified":"2026-04-20T11:43:19","modified_gmt":"2026-04-20T11:43:19","slug":"qualite-et-science","status":"publish","type":"page","link":"https:\/\/kraftiapet.com\/fr\/qualite-et-science\/","title":{"rendered":"Qualit\u00e9 et science"},"content":{"rendered":"\n<h2 class=\"wp-block-heading has-vivid-cyan-blue-color has-text-color has-link-color wp-elements-9d180e498157ab66b7cf6a240f1b1f20\" style=\"margin-top:var(--wp--preset--spacing--80);margin-bottom:var(--wp--preset--spacing--80)\">S\u00e9curit\u00e9 alimentaire et normes<\/h2>\n\n<div class=\"wp-block-columns is-layout-flex wp-container-core-columns-is-layout-28f84493 wp-block-columns-is-layout-flex\">\n<div class=\"wp-block-column is-layout-flow wp-block-column-is-layout-flow\" style=\"flex-basis:33.33%\">\n<p class=\"has-palette-color-3-color has-palette-color-5-background-color has-text-color has-background has-link-color has-medium-font-size wp-elements-392368b1e9553b164ae36467e165e357\" style=\"margin-top:var(--wp--preset--spacing--30);margin-bottom:var(--wp--preset--spacing--30)\"><strong>\u00ab\u00a0Chaque produit que nous fabriquons est soumis \u00e0 des contr\u00f4les de s\u00e9curit\u00e9 rigoureux afin de garantir une qualit\u00e9 et une valeur nutritionnelle optimales pour les animaux de compagnie.<\/strong><\/p>\n<\/div>\n\n\n\n<div class=\"wp-block-column is-layout-flow wp-block-column-is-layout-flow\" style=\"flex-basis:66.66%\">\n<p style=\"margin-top:var(--wp--preset--spacing--30);margin-bottom:var(--wp--preset--spacing--30);font-size:clamp(14px, 0.875rem + ((1vw - 3.2px) * 0.469), 20px);\">Chez Kraftia, nous nous engageons \u00e0 respecter les protocoles de s\u00e9curit\u00e9 les plus \u00e9lev\u00e9s, en veillant \u00e0 ce que chaque produit r\u00e9ponde \u00e0 des normes de qualit\u00e9 strictes. Chaque produit que nous produisons est soumis \u00e0 des inspections de s\u00e9curit\u00e9 approfondies afin de garantir la meilleure qualit\u00e9 et une nutrition optimale.  <\/p>\n<\/div>\n<\/div>\n\n<figure class=\"wp-block-image alignright size-large is-resized\"><img loading=\"lazy\" decoding=\"async\" width=\"1024\" height=\"714\" src=\"https:\/\/kraftiapet.com\/wp-content\/uploads\/2025\/10\/quality-1024x714.webp\" alt=\"\" class=\"wp-image-2516\" style=\"width:370px;height:auto\" srcset=\"https:\/\/kraftiapet.com\/wp-content\/uploads\/2025\/10\/quality-1024x714.webp 1024w, https:\/\/kraftiapet.com\/wp-content\/uploads\/2025\/10\/quality-300x209.webp 300w, https:\/\/kraftiapet.com\/wp-content\/uploads\/2025\/10\/quality-768x536.webp 768w, https:\/\/kraftiapet.com\/wp-content\/uploads\/2025\/10\/quality-1536x1071.webp 1536w, https:\/\/kraftiapet.com\/wp-content\/uploads\/2025\/10\/quality-600x418.webp 600w, https:\/\/kraftiapet.com\/wp-content\/uploads\/2025\/10\/quality.webp 1920w\" sizes=\"auto, (max-width: 1024px) 100vw, 1024px\" \/><\/figure>\n\n<p class=\"has-medium-font-size\"><strong>Normes mondiales et conformit\u00e9<\/strong><\/p>\n\n<p class=\"has-palette-color-3-color has-text-color has-link-color wp-elements-9527b1840090bf426f8be8b59f7cf7c4\">Les normes internationales les plus strictes :<br\/>Normes int\u00e9gr\u00e9es<strong>(ISO 9001, ISO 14001, ISO 45001<\/strong>)<br\/>Principes g\u00e9n\u00e9raux d&rsquo;hygi\u00e8ne alimentaire<strong>(GHP)<\/strong> et syst\u00e8me <strong>HACCP<\/strong> (Quality Austria)<br\/><strong>FS 8.0<\/strong> &#8211; norme internationale de s\u00e9curit\u00e9 alimentaire (Bureau Veritas), avec un score de 97,25 % au niveau sup\u00e9rieur et le statut IFS Star, confirm\u00e9 par une inspection inopin\u00e9e.<br\/>Nous respectons les normes r\u00e9glementaires de tous les pays vers lesquels nous exportons (pas seulement europ\u00e9ennes et locales). (Nos produits sont d\u00e9velopp\u00e9s et fabriqu\u00e9s conform\u00e9ment aux lois et r\u00e9glementations d&rsquo;exportation de tous les march\u00e9s de destination.<br\/>Notre production r\u00e9pond aux normes v\u00e9t\u00e9rinaires nationales et internationales afin de garantir la s\u00e9curit\u00e9 et la qualit\u00e9 des produits. Nous respectons strictement les r\u00e9glementations v\u00e9t\u00e9rinaires et toutes les exigences l\u00e9gales relatives \u00e0 la s\u00e9curit\u00e9 des aliments pour animaux de compagnie. <\/p>\n\n<h2 class=\"wp-block-heading has-palette-color-3-color has-text-color has-link-color has-medium-font-size wp-elements-3ac0f74eb3b8f9a9026eacf3499e66aa\">Contr\u00f4le des mati\u00e8res premi\u00e8res<\/h2>\n\n<div class=\"wp-block-columns is-layout-flex wp-container-core-columns-is-layout-28f84493 wp-block-columns-is-layout-flex\">\n<div class=\"wp-block-column is-layout-flow wp-block-column-is-layout-flow\" style=\"flex-basis:33.33%\"><\/div>\n\n\n\n<div class=\"wp-block-column is-layout-flow wp-block-column-is-layout-flow\" style=\"flex-basis:66.67%\">\n<h2 class=\"wp-block-heading has-text-align-right has-palette-color-3-color has-palette-color-5-background-color has-text-color has-background has-link-color has-medium-font-size wp-elements-67128eb4674f185b88ad79248122ed31\">\u00ab\u00a0Pas de compromis sur la qualit\u00e9 des ingr\u00e9dients.<\/h2>\n<\/div>\n<\/div>\n\n<p>Nous travaillons exclusivement avec des fournisseurs agr\u00e9\u00e9s, soigneusement s\u00e9lectionn\u00e9s dans le cadre de notre processus de qualification interne. Toutes les mati\u00e8res premi\u00e8res font l&rsquo;objet d&rsquo;inspections rigoureuses \u00e0 la r\u00e9ception, notamment de tests microbiologiques, d&rsquo;analyses nutritionnelles et de d\u00e9pistage des contaminants. <\/p>\n\n<h2 class=\"wp-block-heading has-palette-color-3-color has-text-color has-link-color has-medium-font-size wp-elements-1f213da8b045a5600b0a7de5a225bb86\">S\u00e9curit\u00e9 des processus de production<\/h2>\n\n<p>Chaque \u00e9tape de notre processus de production est surveill\u00e9e et contr\u00f4l\u00e9e au moyen de <strong>points de contr\u00f4le <\/strong>clairement d\u00e9finis afin de garantir la s\u00e9curit\u00e9 et l&rsquo;uniformit\u00e9 des produits.<br\/><br\/>Notre syst\u00e8me de contr\u00f4le s&rsquo;appuie sur des technologies automatis\u00e9es qui surveillent et r\u00e9gulent les param\u00e8tres cl\u00e9s.<br\/><br\/>Les installations font l&rsquo;objet d&rsquo;audits internes r\u00e9guliers et d&rsquo;inspections par des tiers afin de garantir la conformit\u00e9 aux normes de s\u00e9curit\u00e9 des produits et d&rsquo;encourager l&rsquo;am\u00e9lioration continue.<\/p>\n\n<h2 class=\"wp-block-heading has-palette-color-3-color has-text-color has-link-color has-medium-font-size wp-elements-085908f480b0aec6f863fdea377399d9\">Essais et contr\u00f4le de la qualit\u00e9<\/h2>\n\n<p>Tous les produits finis sont soumis \u00e0 des analyses de laboratoire afin de garantir une <strong>qualit\u00e9 et une s\u00e9curit\u00e9<\/strong> constantes. Les protocoles d&rsquo;essai comprennent des contr\u00f4les de la composition nutritionnelle, de la s\u00e9curit\u00e9 microbiologique, des m\u00e9taux lourds et des mycotoxines, en parfaite ad\u00e9quation avec les normes r\u00e9glementaires applicables. Chaque lot de production est test\u00e9 individuellement et accompagn\u00e9 d&rsquo;un <strong>certificat sp\u00e9cifique au lot<\/strong>, ce qui garantit une tra\u00e7abilit\u00e9 totale et l&rsquo;assurance du produit.  <\/p>\n\n<h2 class=\"wp-block-heading has-palette-color-3-color has-text-color has-link-color has-medium-font-size wp-elements-746f2d665b478de40b1b533e34732769\">Tra\u00e7abilit\u00e9 et transparence<\/h2>\n\n<p>Nous croyons en une transparence totale, de l&rsquo;approvisionnement en mati\u00e8res premi\u00e8res \u00e0 la livraison du produit final. Nos syst\u00e8mes num\u00e9riques suivent chaque \u00e9tape (SAP, WMS), tandis que chaque emballage est accompagn\u00e9 d&rsquo;un code QR, d&rsquo;un code EAN et d&rsquo;un num\u00e9ro de lot pour une tra\u00e7abilit\u00e9 et une confiance totales. <\/p>\n\n<h2 class=\"wp-block-heading has-palette-color-3-color has-text-color has-link-color has-medium-font-size wp-elements-00b549fc6fdd43d147b5e0c0bd06aa60\">Certifications et audits<\/h2>\n\n<p>Liste de toutes les normes et de tous les rapports certifi\u00e9s, veuillez vous adresser \u00e0 notre directrice Tatjana Spai\u0107.<\/p>\n\n<h2 class=\"wp-block-heading has-palette-color-3-color has-text-color has-link-color has-medium-font-size wp-elements-9b780bc685a1fbfa0afdab35f6d15012\">Am\u00e9lioration continue<\/h2>\n\n<p>Chez Kraftia, nous nous engageons \u00e0 une am\u00e9lioration continue par le biais d&rsquo;un investissement constant dans la technologie et la formation du personnel. En travaillant en \u00e9troite collaboration avec des v\u00e9t\u00e9rinaires, des nutritionnistes et des institutions scientifiques, nous nous assurons que nos produits et nos pratiques \u00e9voluent constamment pour r\u00e9pondre aux normes les plus \u00e9lev\u00e9es. <\/p>\n\n<h2 class=\"wp-block-heading has-text-align-left has-vivid-cyan-blue-color has-text-color has-link-color wp-elements-6d8dff593daadd7063c6eecce9469526\"><br\/>Recherche et d\u00e9veloppement (R&amp;D)<br\/><\/h2>\n\n<div class=\"wp-block-columns is-layout-flex wp-container-core-columns-is-layout-28f84493 wp-block-columns-is-layout-flex\">\n<div class=\"wp-block-column is-layout-flow wp-block-column-is-layout-flow\" style=\"flex-basis:66.66%\">\n<h2 class=\"wp-block-heading has-palette-color-3-color has-text-color has-link-color has-medium-font-size wp-elements-ba848409bae0f86040a3bea75fd33597\">Des formules exquises \u00e9labor\u00e9es par des experts<\/h2>\n\n\n\n<p>Au c\u0153ur de notre gamme d&rsquo;aliments haut de gamme pour animaux de compagnie se trouve le d\u00e9vouement \u00e0 l&rsquo;excellence scientifique. Notre \u00e9quipe de v\u00e9t\u00e9rinaires, de nutritionnistes et de scientifiques de l&rsquo;alimentation travaille en collaboration pour cr\u00e9er des recettes m\u00e9ticuleusement \u00e9labor\u00e9es, con\u00e7ues pour d\u00e9passer les normes les plus \u00e9lev\u00e9es en mati\u00e8re de sant\u00e9 et de bien-\u00eatre des animaux de compagnie. <\/p>\n<\/div>\n\n\n\n<div class=\"wp-block-column is-layout-flow wp-block-column-is-layout-flow\" style=\"flex-basis:33.33%\">\n<h2 class=\"wp-block-heading has-palette-color-3-color has-palette-color-5-background-color has-text-color has-background has-link-color has-medium-font-size wp-elements-9cc6d1551d6a5a7fe17e161feb6a0a57\">\u00ab\u00a0Chez Kraftia, la nutrition est bas\u00e9e sur la science. Notre \u00e9quipe R&amp;D veille \u00e0 ce que chaque recette soit \u00e9tay\u00e9e par la recherche<br\/>et adapt\u00e9e aux besoins r\u00e9els des animaux de compagnie.\u00a0\u00bb <\/h2>\n<\/div>\n<\/div>\n\n<h2 class=\"wp-block-heading has-palette-color-3-color has-text-color has-link-color has-medium-font-size wp-elements-5708cb77679705189026659cbebc9483\">Pr\u00e9cision nutritionnelle avanc\u00e9e<\/h2>\n\n<p>Nous nous appuyons sur la recherche de pointe dans le domaine de la nutrition des animaux de compagnie pour proposer des formules adapt\u00e9es et sp\u00e9cifiques \u00e0 chaque esp\u00e8ce. Qu&rsquo;il s&rsquo;agisse de la digestion d\u00e9licate de votre chat ou des besoins \u00e9nerg\u00e9tiques optimaux de votre chien, notre processus de R&amp;D garantit que chaque ingr\u00e9dient et chaque ratio de nutriments sont choisis en fonction de la sant\u00e9 de votre animal. <\/p>\n\n<p><\/p>\n","protected":false},"excerpt":{"rendered":"<p>S\u00e9curit\u00e9 alimentaire et normes \u00ab\u00a0Chaque produit que nous fabriquons est soumis \u00e0 des contr\u00f4les de s\u00e9curit\u00e9 rigoureux afin de garantir une qualit\u00e9 et une valeur nutritionnelle optimales pour les animaux de compagnie. Chez Kraftia, nous nous engageons \u00e0 respecter les protocoles de s\u00e9curit\u00e9 les plus \u00e9lev\u00e9s, en veillant \u00e0 ce que chaque produit r\u00e9ponde \u00e0 [&hellip;]<\/p>\n","protected":false},"author":1,"featured_media":0,"parent":0,"menu_order":0,"comment_status":"closed","ping_status":"closed","template":"","meta":{"_acf_changed":false,"footnotes":""},"class_list":["post-5428","page","type-page","status-publish","hentry"],"blocksy_meta":[],"acf":[],"_links":{"self":[{"href":"https:\/\/kraftiapet.com\/fr\/wp-json\/wp\/v2\/pages\/5428","targetHints":{"allow":["GET"]}}],"collection":[{"href":"https:\/\/kraftiapet.com\/fr\/wp-json\/wp\/v2\/pages"}],"about":[{"href":"https:\/\/kraftiapet.com\/fr\/wp-json\/wp\/v2\/types\/page"}],"author":[{"embeddable":true,"href":"https:\/\/kraftiapet.com\/fr\/wp-json\/wp\/v2\/users\/1"}],"replies":[{"embeddable":true,"href":"https:\/\/kraftiapet.com\/fr\/wp-json\/wp\/v2\/comments?post=5428"}],"version-history":[{"count":4,"href":"https:\/\/kraftiapet.com\/fr\/wp-json\/wp\/v2\/pages\/5428\/revisions"}],"predecessor-version":[{"id":5592,"href":"https:\/\/kraftiapet.com\/fr\/wp-json\/wp\/v2\/pages\/5428\/revisions\/5592"}],"wp:attachment":[{"href":"https:\/\/kraftiapet.com\/fr\/wp-json\/wp\/v2\/media?parent=5428"}],"curies":[{"name":"wp","href":"https:\/\/api.w.org\/{rel}","templated":true}]}}