{"id":5446,"date":"2026-04-15T12:04:24","date_gmt":"2026-04-15T12:04:24","guid":{"rendered":"https:\/\/kraftiapet.com\/?page_id=5446"},"modified":"2026-04-16T07:26:39","modified_gmt":"2026-04-16T07:26:39","slug":"ai-nutritionniste","status":"publish","type":"page","link":"https:\/\/kraftiapet.com\/fr\/ai-nutritionniste\/","title":{"rendered":"Ai nutritionniste"},"content":{"rendered":"\n<div class=\"wp-block-columns is-layout-flex wp-container-core-columns-is-layout-363283f7 wp-block-columns-is-layout-flex\" style=\"padding-top:var(--wp--preset--spacing--60);padding-bottom:var(--wp--preset--spacing--30)\">\n<div class=\"wp-block-column is-layout-flow wp-block-column-is-layout-flow\" style=\"flex-basis:33.33%\">\n<figure class=\"wp-block-image size-full\"><img loading=\"lazy\" decoding=\"async\" width=\"770\" height=\"575\" src=\"https:\/\/kraftiapet.com\/wp-content\/uploads\/2025\/10\/ai-nutri-logo.webp\" alt=\"Nutritionniste AI\" class=\"wp-image-2485\" srcset=\"https:\/\/kraftiapet.com\/wp-content\/uploads\/2025\/10\/ai-nutri-logo.webp 770w, https:\/\/kraftiapet.com\/wp-content\/uploads\/2025\/10\/ai-nutri-logo-300x224.webp 300w, https:\/\/kraftiapet.com\/wp-content\/uploads\/2025\/10\/ai-nutri-logo-768x574.webp 768w, https:\/\/kraftiapet.com\/wp-content\/uploads\/2025\/10\/ai-nutri-logo-600x448.webp 600w\" sizes=\"auto, (max-width: 770px) 100vw, 770px\" \/><\/figure>\n<\/div>\n\n\n\n<div class=\"wp-block-column is-layout-flow wp-block-column-is-layout-flow\" style=\"flex-basis:66.66%\">\n<h2 class=\"wp-block-heading has-palette-color-3-color has-text-color has-link-color wp-elements-0233a3754eb04a64b949d95629f5a0bb\"><strong>D\u00e9couvrez le plan nutritionnel personnalis\u00e9 de votre animal<\/strong> avec le nutritionniste de l&rsquo;IA<\/h2>\n<\/div>\n<\/div>\n\n<p>Profitez de notre <strong>AI Nutritionist<\/strong> &#8211; un assistant intelligent con\u00e7u pour vous aider \u00e0 comprendre les besoins nutritionnels de votre chien ou de votre chat. Il vous suffit d&rsquo;entrer les informations de base concernant votre animal (\u00e2ge, poids, niveau d&rsquo;activit\u00e9 et toute consid\u00e9ration particuli\u00e8re) et vous recevrez : <\/p>\n\n<ul class=\"wp-block-list\">\n<li>Une vue d&rsquo;ensemble claire des besoins quotidiens en \u00e9nergie et en nutriments<\/li>\n\n\n\n<li>Recommandations personnalis\u00e9es en mati\u00e8re d&rsquo;alimentation, avec indication de la taille des portions<\/li>\n\n\n\n<li>Conseils pratiques sur la transition alimentaire et le maintien de l&rsquo;hydratation<\/li>\n<\/ul>\n\n<p>Cet outil est con\u00e7u uniquement \u00e0 des fins d&rsquo;orientation et d&rsquo;\u00e9ducation. Pour des probl\u00e8mes de sant\u00e9 sp\u00e9cifiques ou des conditions m\u00e9dicales, veuillez toujours consulter votre v\u00e9t\u00e9rinaire. <br \/><\/p>\n        <div class=\"kraftia-ai-card\" id=\"kraftia-ai-root\">\r\n            <h3>AI Nutritionist<\/h3>\r\n\r\n            <form id=\"kraftia-ai-form\">\r\n                <div class=\"grid\">\r\n\r\n                    <!-- row 1: Pet type | Weight -->\r\n                    <label>Pet type\r\n                        <select name=\"species\" id=\"kai-species\" required>\r\n                            <option value=\"dog\">Dog<\/option>\r\n                            <option value=\"cat\">Cat<\/option>\r\n                        <\/select>\r\n                    <\/label>\r\n\r\n                    <label>Weight (kg)\r\n                        <input type=\"number\" name=\"weight\" step=\"0.1\" min=\"0.1\" required \/>\r\n                    <\/label>\r\n\r\n                    <!-- row 2: Age years | Age months -->\r\n                    <label>Age \u2014 Years\r\n                        <input type=\"number\" name=\"age_years\" id=\"kai-age-years\" step=\"1\" min=\"0\" value=\"0\" required \/>\r\n                    <\/label>\r\n\r\n                    <label>Age \u2014 Months\r\n                        <input type=\"number\" name=\"age_months\" id=\"kai-age-months\" step=\"1\" min=\"0\" max=\"11\" value=\"0\" required \/>\r\n                    <\/label>\r\n\r\n                    <!-- row 3: Activity | Adult size -->\r\n                    <label>Activity level\r\n                        <select name=\"activity\" required>\r\n                            <option value=\"low\">Low<\/option>\r\n                            <option value=\"moderate\" selected>Moderate<\/option>\r\n                            <option value=\"high\">High<\/option>\r\n                        <\/select>\r\n                    <\/label>\r\n\r\n                    <label id=\"kai-size-wrap\">Adult size (dogs)\r\n                        <select name=\"adult_size\" id=\"kai-adult-size\">\r\n                            <option value=\"toy-small-breed\">Toy\/Small (\u226410 kg)<\/option>\r\n                            <option value=\"medium-large-breed\">Medium\/Large (>10 kg)<\/option>\r\n                        <\/select>\r\n                    <\/label>\r\n\r\n                    <!-- row 4: Preferred protein (single full row on desktop if odd count) -->\r\n                    <label>Preferred Protein Source (optional)\r\n                        <select name=\"preferred_protein\" id=\"kai-preferred-protein\">\r\n                            <option value=\"\">No preference<\/option>\r\n                                                            <option value=\"chicken\">\r\n                                    Chicken                                <\/option>\r\n                                                            <option value=\"fish\">\r\n                                    Fish                                <\/option>\r\n                                                            <option value=\"lamb\">\r\n                                    Lamb                                <\/option>\r\n                                                            <option value=\"salmon\">\r\n                                    Salmon                                <\/option>\r\n                                                            <option value=\"turkey\">\r\n                                    Turkey                                <\/option>\r\n                                                            <option value=\"quail\">\r\n                                    Quail                                <\/option>\r\n                                                            <option value=\"pheasant\">\r\n                                    Pheasant                                <\/option>\r\n                                                            <option value=\"herring\">\r\n                                    Herring                                <\/option>\r\n                                                            <option value=\"poultry\">\r\n                                    Poultry                                <\/option>\r\n                                                            <option value=\"venison\">\r\n                                    Venison                                <\/option>\r\n                                                    <\/select>\r\n                    <\/label>\r\n                <\/div>\r\n\r\n                <button type=\"submit\" class=\"btn-primary\">Get Recommendation<\/button>\r\n            <\/form>\r\n\r\n            <div class=\"kraftia-ai-result\" id=\"kraftia-ai-result\" hidden>\r\n                <div class=\"loader\" id=\"kraftia-ai-loader\" hidden><\/div>\r\n\r\n                <div id=\"kraftia-ai-output\"><\/div>\r\n\r\n                <h4 id=\"kai-topmatches-heading\" class=\"kai-topmatches-heading\" hidden>\r\n                    Top Matches for Your Pet\r\n                <\/h4>\r\n\r\n                <div id=\"kraftia-ai-cards\" class=\"kai-cards\" hidden><\/div>\r\n            <\/div>\r\n        <\/div>\r\n        \n\n<p><\/p>\n","protected":false},"excerpt":{"rendered":"<p>D\u00e9couvrez le plan nutritionnel personnalis\u00e9 de votre animal avec le nutritionniste de l&rsquo;IA Profitez de notre AI Nutritionist &#8211; un assistant intelligent con\u00e7u pour vous aider \u00e0 comprendre les besoins nutritionnels de votre chien ou de votre chat. Il vous suffit d&rsquo;entrer les informations de base concernant votre animal (\u00e2ge, poids, niveau d&rsquo;activit\u00e9 et toute [&hellip;]<\/p>\n","protected":false},"author":1,"featured_media":0,"parent":0,"menu_order":0,"comment_status":"closed","ping_status":"closed","template":"","meta":{"_acf_changed":false,"footnotes":""},"class_list":["post-5446","page","type-page","status-publish","hentry"],"blocksy_meta":[],"acf":[],"_links":{"self":[{"href":"https:\/\/kraftiapet.com\/fr\/wp-json\/wp\/v2\/pages\/5446","targetHints":{"allow":["GET"]}}],"collection":[{"href":"https:\/\/kraftiapet.com\/fr\/wp-json\/wp\/v2\/pages"}],"about":[{"href":"https:\/\/kraftiapet.com\/fr\/wp-json\/wp\/v2\/types\/page"}],"author":[{"embeddable":true,"href":"https:\/\/kraftiapet.com\/fr\/wp-json\/wp\/v2\/users\/1"}],"replies":[{"embeddable":true,"href":"https:\/\/kraftiapet.com\/fr\/wp-json\/wp\/v2\/comments?post=5446"}],"version-history":[{"count":5,"href":"https:\/\/kraftiapet.com\/fr\/wp-json\/wp\/v2\/pages\/5446\/revisions"}],"predecessor-version":[{"id":5588,"href":"https:\/\/kraftiapet.com\/fr\/wp-json\/wp\/v2\/pages\/5446\/revisions\/5588"}],"wp:attachment":[{"href":"https:\/\/kraftiapet.com\/fr\/wp-json\/wp\/v2\/media?parent=5446"}],"curies":[{"name":"wp","href":"https:\/\/api.w.org\/{rel}","templated":true}]}}