{"id":5463,"date":"2025-08-29T10:59:06","date_gmt":"2025-08-29T10:59:06","guid":{"rendered":"https:\/\/kraftiapet.com\/?page_id=5463"},"modified":"2026-04-20T10:53:27","modified_gmt":"2026-04-20T10:53:27","slug":"craftia","status":"publish","type":"page","link":"https:\/\/kraftiapet.com\/fr\/craftia\/","title":{"rendered":"Craftia"},"content":{"rendered":"\n<figure class=\"wp-block-image size-large has-custom-border\" style=\"margin-top:0rem;margin-right:0;margin-bottom:0rem;margin-left:0\"><img loading=\"lazy\" decoding=\"async\" width=\"1024\" height=\"293\" src=\"https:\/\/kraftiapet.com\/wp-content\/uploads\/2025\/10\/craftia-baner-copy1-1024x293.webp\" alt=\"\" class=\"wp-image-2408\" style=\"border-style:none;border-width:0px;border-radius:0px\" srcset=\"https:\/\/kraftiapet.com\/wp-content\/uploads\/2025\/10\/craftia-baner-copy1-1024x293.webp 1024w, https:\/\/kraftiapet.com\/wp-content\/uploads\/2025\/10\/craftia-baner-copy1-300x86.webp 300w, https:\/\/kraftiapet.com\/wp-content\/uploads\/2025\/10\/craftia-baner-copy1-768x220.webp 768w, https:\/\/kraftiapet.com\/wp-content\/uploads\/2025\/10\/craftia-baner-copy1-1536x440.webp 1536w, https:\/\/kraftiapet.com\/wp-content\/uploads\/2025\/10\/craftia-baner-copy1-600x172.webp 600w, https:\/\/kraftiapet.com\/wp-content\/uploads\/2025\/10\/craftia-baner-copy1.webp 1920w\" sizes=\"auto, (max-width: 1024px) 100vw, 1024px\" \/><\/figure>\n\n<div class=\"wp-block-columns is-layout-flex wp-container-core-columns-is-layout-4588bbbb wp-block-columns-is-layout-flex\" style=\"margin-top:0;margin-bottom:0;padding-top:0;padding-bottom:0\">\n<div class=\"wp-block-column has-palette-color-5-background-color has-background is-layout-flow wp-container-core-column-is-layout-b2a27621 wp-block-column-is-layout-flow\" style=\"padding-top:0;padding-right:0;padding-bottom:0;padding-left:0\">\n<h2 class=\"wp-block-heading\" style=\"padding-top:var(--wp--preset--spacing--30);padding-right:var(--wp--preset--spacing--60);padding-bottom:var(--wp--preset--spacing--30);padding-left:var(--wp--preset--spacing--60);font-size:clamp(15.747px, 0.984rem + ((1vw - 3.2px) * 0.645), 24px);\">Une philosophie &#8211; Deux lignes &#8211; Une nutrition compl\u00e8te<\/h2>\n\n\n\n<p style=\"margin-top:0;margin-bottom:0;padding-top:var(--wp--preset--spacing--30);padding-right:var(--wp--preset--spacing--60);padding-bottom:var(--wp--preset--spacing--30);padding-left:var(--wp--preset--spacing--60)\">Qu&rsquo;elles soient avec ou sans c\u00e9r\u00e9ales, les <strong>recettes Craftia partagent la m\u00eame philosophie<\/strong>: cr\u00e9er des aliments nutritifs, honn\u00eates et d\u00e9licieux qui aident les animaux de compagnie \u00e0 s&rsquo;\u00e9panouir &#8211; naturellement.<br\/>Craftia r\u00e9unit deux lignes de produits compl\u00e9mentaires, chacune avec son propre caract\u00e8re, mais unies par les m\u00eames valeurs intransigeantes.<\/p>\n<\/div>\n<\/div>\n\n<div class=\"wp-block-media-text is-stacked-on-mobile is-vertically-aligned-center has-palette-color-6-background-color has-background\" style=\"margin-top:0;margin-right:0px;margin-bottom:0;margin-left:0px;padding-top:0;padding-bottom:0;grid-template-columns:15% auto\"><figure class=\"wp-block-media-text__media\"><img loading=\"lazy\" decoding=\"async\" width=\"1024\" height=\"1024\" src=\"https:\/\/kraftiapet.com\/wp-content\/uploads\/2025\/09\/1-1024x1024.png\" alt=\"\" class=\"wp-image-420 size-full\" srcset=\"https:\/\/kraftiapet.com\/wp-content\/uploads\/2025\/09\/1-1024x1024.png 1024w, https:\/\/kraftiapet.com\/wp-content\/uploads\/2025\/09\/1-300x300.png 300w, https:\/\/kraftiapet.com\/wp-content\/uploads\/2025\/09\/1-100x100.png 100w, https:\/\/kraftiapet.com\/wp-content\/uploads\/2025\/09\/1-600x600.png 600w, https:\/\/kraftiapet.com\/wp-content\/uploads\/2025\/09\/1-150x150.png 150w, https:\/\/kraftiapet.com\/wp-content\/uploads\/2025\/09\/1-768x768.png 768w, https:\/\/kraftiapet.com\/wp-content\/uploads\/2025\/09\/1.png 1080w\" sizes=\"auto, (max-width: 1024px) 100vw, 1024px\" \/><\/figure><div class=\"wp-block-media-text__content\">\n<h4 class=\"wp-block-heading\" style=\"padding-top:var(--wp--preset--spacing--20);padding-bottom:var(--wp--preset--spacing--20)\">Craftia Natura<\/h4>\n\n\n\n<p style=\"font-size:clamp(14px, 0.875rem + ((1vw - 3.2px) * 0.156), 16px);\">Craftia Natura est un aliment pour animaux de compagnie sans c\u00e9r\u00e9ales qui contient une quantit\u00e9 enviable de prot\u00e9ines animales crues fra\u00eechement pr\u00e9par\u00e9es, ainsi que des prot\u00e9ines animales traditionnelles de haute qualit\u00e9, le tout combin\u00e9 \u00e0 des super-aliments qui contribuent \u00e0 la sant\u00e9 et au bien-\u00eatre des chiots et des chiens adultes.<\/p>\n<\/div><\/div>\n\n<div class=\"wp-block-columns are-vertically-aligned-top has-palette-color-6-background-color has-background is-layout-flex wp-container-core-columns-is-layout-28f84493 wp-block-columns-is-layout-flex\">\n<div class=\"wp-block-column is-vertically-aligned-top is-layout-flow wp-block-column-is-layout-flow\" style=\"flex-basis:66.66%\">\n<figure class=\"wp-block-image size-full is-style-default\"><img loading=\"lazy\" decoding=\"async\" width=\"800\" height=\"247\" src=\"https:\/\/kraftiapet.com\/wp-content\/uploads\/2025\/10\/natura_range.webp\" alt=\"\" class=\"wp-image-1716\" srcset=\"https:\/\/kraftiapet.com\/wp-content\/uploads\/2025\/10\/natura_range.webp 800w, https:\/\/kraftiapet.com\/wp-content\/uploads\/2025\/10\/natura_range-300x93.webp 300w, https:\/\/kraftiapet.com\/wp-content\/uploads\/2025\/10\/natura_range-768x237.webp 768w, https:\/\/kraftiapet.com\/wp-content\/uploads\/2025\/10\/natura_range-600x185.webp 600w\" sizes=\"auto, (max-width: 800px) 100vw, 800px\" \/><\/figure>\n<\/div>\n\n\n\n<div class=\"wp-block-column is-vertically-aligned-top has-palette-color-6-background-color has-background is-layout-flow wp-block-column-is-layout-flow\" style=\"flex-basis:33.33%\">\n<div class=\"wp-block-buttons is-horizontal is-content-justification-center is-nowrap is-layout-flex wp-container-core-buttons-is-layout-c5e22318 wp-block-buttons-is-layout-flex\">\n<div class=\"wp-block-button\"><a class=\"wp-block-button__link wp-element-button\" href=\"https:\/\/kraftiapet.com\/fr\/brands\/craftia-natura\/\" style=\"border-radius:18px;padding-right:var(--wp--preset--spacing--30);padding-left:var(--wp--preset--spacing--30)\">Pour les chiens<\/a><\/div>\n<\/div>\n<\/div>\n<\/div>\n\n<div class=\"wp-block-media-text is-stacked-on-mobile is-vertically-aligned-center has-palette-color-6-background-color has-background\" style=\"margin-top:-30px;margin-right:0;margin-bottom:0px;margin-left:0;padding-top:0;padding-right:0;padding-left:0;grid-template-columns:15% auto\"><figure class=\"wp-block-media-text__media\"><img loading=\"lazy\" decoding=\"async\" width=\"1024\" height=\"1024\" src=\"https:\/\/kraftiapet.com\/wp-content\/uploads\/2025\/09\/1-1024x1024.png\" alt=\"\" class=\"wp-image-420 size-full\" srcset=\"https:\/\/kraftiapet.com\/wp-content\/uploads\/2025\/09\/1-1024x1024.png 1024w, https:\/\/kraftiapet.com\/wp-content\/uploads\/2025\/09\/1-300x300.png 300w, https:\/\/kraftiapet.com\/wp-content\/uploads\/2025\/09\/1-100x100.png 100w, https:\/\/kraftiapet.com\/wp-content\/uploads\/2025\/09\/1-600x600.png 600w, https:\/\/kraftiapet.com\/wp-content\/uploads\/2025\/09\/1-150x150.png 150w, https:\/\/kraftiapet.com\/wp-content\/uploads\/2025\/09\/1-768x768.png 768w, https:\/\/kraftiapet.com\/wp-content\/uploads\/2025\/09\/1.png 1080w\" sizes=\"auto, (max-width: 1024px) 100vw, 1024px\" \/><\/figure><div class=\"wp-block-media-text__content\">\n<h4 class=\"wp-block-heading\" style=\"padding-top:var(--wp--preset--spacing--20);padding-bottom:var(--wp--preset--spacing--20)\">Craftia Harmona<\/h4>\n\n\n\n<p style=\"font-size:clamp(14px, 0.875rem + ((1vw - 3.2px) * 0.156), 16px);\">Recettes ultra-premium sans c\u00e9r\u00e9ales, avec une quantit\u00e9 impressionnante de prot\u00e9ines animales crues fra\u00eechement pr\u00e9par\u00e9es, Craftia Harmona est un v\u00e9ritable bijou soigneusement \u00e9labor\u00e9 avec les meilleurs ingr\u00e9dients de la nature. Les prot\u00e9ines, les graisses saines et les nutriments essentiels provenant de tous les coins du monde constituent une base pour la croissance des chatons et des chats, dans leur corps et leur esprit. <\/p>\n<\/div><\/div>\n\n<div class=\"wp-block-columns has-palette-color-6-background-color has-background is-layout-flex wp-container-core-columns-is-layout-28f84493 wp-block-columns-is-layout-flex\">\n<div class=\"wp-block-column is-vertically-aligned-stretch has-palette-color-6-background-color has-background is-layout-flow wp-block-column-is-layout-flow\" style=\"flex-basis:33.33%\">\n<div class=\"wp-block-buttons is-content-justification-center is-layout-flex wp-container-core-buttons-is-layout-a89b3969 wp-block-buttons-is-layout-flex\">\n<div class=\"wp-block-button\"><a class=\"wp-block-button__link wp-element-button\" href=\"https:\/\/kraftiapet.com\/fr\/brands\/craftia-harmona\/\" style=\"border-radius:18px;padding-right:var(--wp--preset--spacing--30);padding-left:var(--wp--preset--spacing--30)\">Pour les chats<\/a><\/div>\n<\/div>\n<\/div>\n\n\n\n<div class=\"wp-block-column is-layout-flow wp-container-core-column-is-layout-fd134cff wp-block-column-is-layout-flow\" style=\"padding-right:0;padding-left:0;flex-basis:66.66%\">\n<figure class=\"wp-block-image size-full\"><img loading=\"lazy\" decoding=\"async\" width=\"800\" height=\"247\" src=\"https:\/\/kraftiapet.com\/wp-content\/uploads\/2025\/10\/harmona_range.webp\" alt=\"\" class=\"wp-image-1738\" srcset=\"https:\/\/kraftiapet.com\/wp-content\/uploads\/2025\/10\/harmona_range.webp 800w, https:\/\/kraftiapet.com\/wp-content\/uploads\/2025\/10\/harmona_range-300x93.webp 300w, https:\/\/kraftiapet.com\/wp-content\/uploads\/2025\/10\/harmona_range-768x237.webp 768w, https:\/\/kraftiapet.com\/wp-content\/uploads\/2025\/10\/harmona_range-600x185.webp 600w\" sizes=\"auto, (max-width: 800px) 100vw, 800px\" \/><\/figure>\n<\/div>\n<\/div>\n\n<p><\/p>\n","protected":false},"excerpt":{"rendered":"<p>Une philosophie &#8211; Deux lignes &#8211; Une nutrition compl\u00e8te Qu&rsquo;elles soient avec ou sans c\u00e9r\u00e9ales, les recettes Craftia partagent la m\u00eame philosophie: cr\u00e9er des aliments nutritifs, honn\u00eates et d\u00e9licieux qui aident les animaux de compagnie \u00e0 s&rsquo;\u00e9panouir &#8211; naturellement.Craftia r\u00e9unit deux lignes de produits compl\u00e9mentaires, chacune avec son propre caract\u00e8re, mais unies par les m\u00eames [&hellip;]<\/p>\n","protected":false},"author":1,"featured_media":0,"parent":0,"menu_order":0,"comment_status":"closed","ping_status":"closed","template":"","meta":{"_acf_changed":false,"footnotes":""},"class_list":["post-5463","page","type-page","status-publish","hentry"],"blocksy_meta":[],"acf":[],"_links":{"self":[{"href":"https:\/\/kraftiapet.com\/fr\/wp-json\/wp\/v2\/pages\/5463","targetHints":{"allow":["GET"]}}],"collection":[{"href":"https:\/\/kraftiapet.com\/fr\/wp-json\/wp\/v2\/pages"}],"about":[{"href":"https:\/\/kraftiapet.com\/fr\/wp-json\/wp\/v2\/types\/page"}],"author":[{"embeddable":true,"href":"https:\/\/kraftiapet.com\/fr\/wp-json\/wp\/v2\/users\/1"}],"replies":[{"embeddable":true,"href":"https:\/\/kraftiapet.com\/fr\/wp-json\/wp\/v2\/comments?post=5463"}],"version-history":[{"count":12,"href":"https:\/\/kraftiapet.com\/fr\/wp-json\/wp\/v2\/pages\/5463\/revisions"}],"predecessor-version":[{"id":6036,"href":"https:\/\/kraftiapet.com\/fr\/wp-json\/wp\/v2\/pages\/5463\/revisions\/6036"}],"wp:attachment":[{"href":"https:\/\/kraftiapet.com\/fr\/wp-json\/wp\/v2\/media?parent=5463"}],"curies":[{"name":"wp","href":"https:\/\/api.w.org\/{rel}","templated":true}]}}