{"id":5471,"date":"2025-10-22T10:57:23","date_gmt":"2025-10-22T10:57:23","guid":{"rendered":"https:\/\/kraftiapet.com\/?page_id=5471"},"modified":"2026-04-20T11:45:19","modified_gmt":"2026-04-20T11:45:19","slug":"salle-de-presse","status":"publish","type":"page","link":"https:\/\/kraftiapet.com\/fr\/salle-de-presse\/","title":{"rendered":"Salle de presse"},"content":{"rendered":"\n<h2 class=\"wp-block-heading has-text-align-center has-palette-color-3-color has-text-color has-link-color wp-elements-fa4bfe0bbfb9d4439f34c7493cb5fc44\" style=\"margin-top:0;margin-bottom:0;padding-top:var(--wp--preset--spacing--40);padding-bottom:var(--wp--preset--spacing--40);font-size:clamp(21.027px, 1.314rem + ((1vw - 3.2px) * 1.014), 34px);font-style:normal;font-weight:700\">Salle de presse Kraftia &#8211; Bienvenue<\/h2>\n\n<p class=\"has-text-align-left\">Trouvez des annonces officielles, des documents pour les m\u00e9dias et des mises \u00e0 jour sur les marques, les initiatives et les \u00e9v\u00e9nements de Kraftia sur les march\u00e9s mondiaux.<\/p>\n\n<div class=\"wp-block-media-text is-stacked-on-mobile has-palette-color-6-background-color has-background\" style=\"margin-top:0;margin-bottom:0;padding-top:var(--wp--preset--spacing--60);padding-right:var(--wp--preset--spacing--60);padding-bottom:var(--wp--preset--spacing--60);padding-left:var(--wp--preset--spacing--60);grid-template-columns:26% auto\"><figure class=\"wp-block-media-text__media\"><img loading=\"lazy\" decoding=\"async\" width=\"600\" height=\"848\" src=\"https:\/\/kraftiapet.com\/wp-content\/uploads\/2025\/10\/catalog-kraftia-web-eng-1.webp\" alt=\"\" class=\"wp-image-2360 size-full\" srcset=\"https:\/\/kraftiapet.com\/wp-content\/uploads\/2025\/10\/catalog-kraftia-web-eng-1.webp 600w, https:\/\/kraftiapet.com\/wp-content\/uploads\/2025\/10\/catalog-kraftia-web-eng-1-212x300.webp 212w, https:\/\/kraftiapet.com\/wp-content\/uploads\/2025\/10\/catalog-kraftia-web-eng-1-300x424.webp 300w\" sizes=\"auto, (max-width: 600px) 100vw, 600px\" \/><\/figure><div class=\"wp-block-media-text__content\">\n<p class=\"has-text-align-center has-palette-color-3-color has-text-color has-link-color has-medium-font-size wp-elements-01feb9629bc61e76a1c4eb88f3233e4f\" style=\"font-style:normal;font-weight:600\">Catalogue des produits Kraftia<\/p>\n\n\n\n<div class=\"wp-block-buttons is-content-justification-center is-layout-flex wp-container-core-buttons-is-layout-a89b3969 wp-block-buttons-is-layout-flex\">\n<div class=\"wp-block-button\"><a class=\"wp-block-button__link wp-element-button\" href=\"https:\/\/kraftiapet.com\/wp-content\/uploads\/2025\/10\/catalog-kraftia-web-eng.pdf\" style=\"border-radius:17px\" target=\"_blank\" rel=\"noreferrer noopener\">Pr\u00e9visualisation \/ T\u00e9l\u00e9chargement du catalogue<\/a><\/div>\n<\/div>\n<\/div><\/div>\n\n<div class=\"wp-block-media-text is-stacked-on-mobile has-palette-color-6-background-color has-background\" style=\"margin-top:0;margin-bottom:0;padding-top:var(--wp--preset--spacing--60);padding-right:var(--wp--preset--spacing--60);padding-bottom:var(--wp--preset--spacing--60);padding-left:var(--wp--preset--spacing--60);grid-template-columns:26% auto\"><figure class=\"wp-block-media-text__media\"><img loading=\"lazy\" decoding=\"async\" width=\"600\" height=\"600\" src=\"https:\/\/kraftiapet.com\/wp-content\/uploads\/2025\/10\/regalena-web-eng-cover.webp\" alt=\"\" class=\"wp-image-2382 size-full\" srcset=\"https:\/\/kraftiapet.com\/wp-content\/uploads\/2025\/10\/regalena-web-eng-cover.webp 600w, https:\/\/kraftiapet.com\/wp-content\/uploads\/2025\/10\/regalena-web-eng-cover-300x300.webp 300w, https:\/\/kraftiapet.com\/wp-content\/uploads\/2025\/10\/regalena-web-eng-cover-150x150.webp 150w, https:\/\/kraftiapet.com\/wp-content\/uploads\/2025\/10\/regalena-web-eng-cover-100x100.webp 100w\" sizes=\"auto, (max-width: 600px) 100vw, 600px\" \/><\/figure><div class=\"wp-block-media-text__content\">\n<p class=\"has-text-align-center has-palette-color-3-color has-text-color has-link-color has-medium-font-size wp-elements-8abb55208c2acfc512c1ff757504a2cf\" style=\"font-style:normal;font-weight:600\">Catalogue des produits Regalena<\/p>\n\n\n\n<div class=\"wp-block-buttons is-content-justification-center is-layout-flex wp-container-core-buttons-is-layout-a89b3969 wp-block-buttons-is-layout-flex\">\n<div class=\"wp-block-button\"><a class=\"wp-block-button__link wp-element-button\" href=\"https:\/\/kraftiapet.com\/wp-content\/uploads\/2025\/10\/regalena-web-eng.pdf\" style=\"border-radius:17px\" target=\"_blank\" rel=\"noreferrer noopener\">Pr\u00e9visualisation \/ T\u00e9l\u00e9chargement du catalogue<\/a><\/div>\n<\/div>\n<\/div><\/div>\n\n<p><\/p>\n","protected":false},"excerpt":{"rendered":"<p>Salle de presse Kraftia &#8211; Bienvenue Trouvez des annonces officielles, des documents pour les m\u00e9dias et des mises \u00e0 jour sur les marques, les initiatives et les \u00e9v\u00e9nements de Kraftia sur les march\u00e9s mondiaux.<\/p>\n","protected":false},"author":1,"featured_media":0,"parent":0,"menu_order":0,"comment_status":"closed","ping_status":"closed","template":"","meta":{"_acf_changed":false,"footnotes":""},"class_list":["post-5471","page","type-page","status-publish","hentry"],"blocksy_meta":[],"acf":[],"_links":{"self":[{"href":"https:\/\/kraftiapet.com\/fr\/wp-json\/wp\/v2\/pages\/5471","targetHints":{"allow":["GET"]}}],"collection":[{"href":"https:\/\/kraftiapet.com\/fr\/wp-json\/wp\/v2\/pages"}],"about":[{"href":"https:\/\/kraftiapet.com\/fr\/wp-json\/wp\/v2\/types\/page"}],"author":[{"embeddable":true,"href":"https:\/\/kraftiapet.com\/fr\/wp-json\/wp\/v2\/users\/1"}],"replies":[{"embeddable":true,"href":"https:\/\/kraftiapet.com\/fr\/wp-json\/wp\/v2\/comments?post=5471"}],"version-history":[{"count":6,"href":"https:\/\/kraftiapet.com\/fr\/wp-json\/wp\/v2\/pages\/5471\/revisions"}],"predecessor-version":[{"id":5585,"href":"https:\/\/kraftiapet.com\/fr\/wp-json\/wp\/v2\/pages\/5471\/revisions\/5585"}],"wp:attachment":[{"href":"https:\/\/kraftiapet.com\/fr\/wp-json\/wp\/v2\/media?parent=5471"}],"curies":[{"name":"wp","href":"https:\/\/api.w.org\/{rel}","templated":true}]}}