{"id":5479,"date":"2025-09-26T11:30:39","date_gmt":"2025-09-26T11:30:39","guid":{"rendered":"https:\/\/kraftiapet.com\/?post_type=product&#038;p=5479"},"modified":"2026-04-16T12:22:49","modified_gmt":"2026-04-16T12:22:49","slug":"cadeaux-sauvages-avec-des-ailes-2","status":"publish","type":"product","link":"https:\/\/kraftiapet.com\/fr\/produit\/cadeaux-sauvages-avec-des-ailes-2\/","title":{"rendered":"Wild Gifts with Wings"},"content":{"rendered":"","protected":false},"excerpt":{"rendered":"<p>Wild Gifts with Wings \u2013 Rawival est un aliment haut de gamme pour chiens adultes de moyennes et grandes races, au canard et au faisan. Le canard cru d\u00e9soss\u00e9 et le faisan cru d\u00e9soss\u00e9 offrent un m\u00e9lange exquis et savoureux, apportant les prot\u00e9ines nutritives dont un chien actif a besoin. Un m\u00e9lange de c\u00e9r\u00e9ales saines, y compris des sources ancestrales, fournit de l&rsquo;\u00e9nergie pour les longues promenades. Des pr\u00e9biotiques, des fibres, des phytonutriments et des vitamines contribuent \u00e0 la bonne sant\u00e9 du tractus intestinal.   <\/p>\n","protected":false},"featured_media":5480,"comment_status":"open","ping_status":"closed","template":"","meta":{"_acf_changed":false},"pwb-brand":[],"product_brand":[399],"product_cat":[408,409],"product_tag":[],"class_list":{"0":"post-5479","1":"product","2":"type-product","3":"status-publish","4":"has-post-thumbnail","6":"product_brand-rawival","7":"product_cat-dog-food","8":"product_cat-adult-dog","10":"first","11":"instock","12":"taxable","13":"shipping-taxable","14":"product-type-variable"},"acf":[],"brands":[],"_links":{"self":[{"href":"https:\/\/kraftiapet.com\/fr\/wp-json\/wp\/v2\/product\/5479","targetHints":{"allow":["GET"]}}],"collection":[{"href":"https:\/\/kraftiapet.com\/fr\/wp-json\/wp\/v2\/product"}],"about":[{"href":"https:\/\/kraftiapet.com\/fr\/wp-json\/wp\/v2\/types\/product"}],"replies":[{"embeddable":true,"href":"https:\/\/kraftiapet.com\/fr\/wp-json\/wp\/v2\/comments?post=5479"}],"wp:featuredmedia":[{"embeddable":true,"href":"https:\/\/kraftiapet.com\/fr\/wp-json\/wp\/v2\/media\/5480"}],"wp:attachment":[{"href":"https:\/\/kraftiapet.com\/fr\/wp-json\/wp\/v2\/media?parent=5479"}],"wp:term":[{"taxonomy":"pwb-brand","embeddable":true,"href":"https:\/\/kraftiapet.com\/fr\/wp-json\/wp\/v2\/pwb-brand?post=5479"},{"taxonomy":"product_brand","embeddable":true,"href":"https:\/\/kraftiapet.com\/fr\/wp-json\/wp\/v2\/product_brand?post=5479"},{"taxonomy":"product_cat","embeddable":true,"href":"https:\/\/kraftiapet.com\/fr\/wp-json\/wp\/v2\/product_cat?post=5479"},{"taxonomy":"product_tag","embeddable":true,"href":"https:\/\/kraftiapet.com\/fr\/wp-json\/wp\/v2\/product_tag?post=5479"}],"curies":[{"name":"wp","href":"https:\/\/api.w.org\/{rel}","templated":true}]}}