{"id":5489,"date":"2025-09-29T08:54:47","date_gmt":"2025-09-29T08:54:47","guid":{"rendered":"https:\/\/kraftiapet.com\/?post_type=product&#038;p=5489"},"modified":"2026-04-16T12:15:29","modified_gmt":"2026-04-16T12:15:29","slug":"les-meilleurs-de-la-mer-du-nord-2","status":"publish","type":"product","link":"https:\/\/kraftiapet.com\/fr\/produit\/les-meilleurs-de-la-mer-du-nord-2\/","title":{"rendered":"North Sea\u2019s Finest"},"content":{"rendered":"","protected":false},"excerpt":{"rendered":"<p>North Sea\u2019s Finest \u2013 Rawival est un aliment haut de gamme pour chiots de moyennes et grandes races, au saumon et au hareng. Le saumon et le hareng fra\u00eechement congel\u00e9s offrent une combinaison id\u00e9ale, apportant des prot\u00e9ines de haute qualit\u00e9 essentielles \u00e0 une croissance et \u00e0 un d\u00e9veloppement harmonieux. Un m\u00e9lange de c\u00e9r\u00e9ales saines, incluant des c\u00e9r\u00e9ales anciennes, fournit l\u2019\u00e9nergie n\u00e9cessaire \u00e0 la croissance. Cette recette convient \u00e9galement aux femelles en gestation ou en lactation.  <\/p>\n","protected":false},"featured_media":5490,"comment_status":"open","ping_status":"closed","template":"","meta":{"_acf_changed":false},"pwb-brand":[],"product_brand":[399],"product_cat":[408,416],"product_tag":[],"class_list":{"0":"post-5489","1":"product","2":"type-product","3":"status-publish","4":"has-post-thumbnail","6":"product_brand-rawival","7":"product_cat-dog-food","8":"product_cat-puppy","10":"first","11":"instock","12":"taxable","13":"shipping-taxable","14":"product-type-variable"},"acf":[],"brands":[],"_links":{"self":[{"href":"https:\/\/kraftiapet.com\/fr\/wp-json\/wp\/v2\/product\/5489","targetHints":{"allow":["GET"]}}],"collection":[{"href":"https:\/\/kraftiapet.com\/fr\/wp-json\/wp\/v2\/product"}],"about":[{"href":"https:\/\/kraftiapet.com\/fr\/wp-json\/wp\/v2\/types\/product"}],"replies":[{"embeddable":true,"href":"https:\/\/kraftiapet.com\/fr\/wp-json\/wp\/v2\/comments?post=5489"}],"wp:featuredmedia":[{"embeddable":true,"href":"https:\/\/kraftiapet.com\/fr\/wp-json\/wp\/v2\/media\/5490"}],"wp:attachment":[{"href":"https:\/\/kraftiapet.com\/fr\/wp-json\/wp\/v2\/media?parent=5489"}],"wp:term":[{"taxonomy":"pwb-brand","embeddable":true,"href":"https:\/\/kraftiapet.com\/fr\/wp-json\/wp\/v2\/pwb-brand?post=5489"},{"taxonomy":"product_brand","embeddable":true,"href":"https:\/\/kraftiapet.com\/fr\/wp-json\/wp\/v2\/product_brand?post=5489"},{"taxonomy":"product_cat","embeddable":true,"href":"https:\/\/kraftiapet.com\/fr\/wp-json\/wp\/v2\/product_cat?post=5489"},{"taxonomy":"product_tag","embeddable":true,"href":"https:\/\/kraftiapet.com\/fr\/wp-json\/wp\/v2\/product_tag?post=5489"}],"curies":[{"name":"wp","href":"https:\/\/api.w.org\/{rel}","templated":true}]}}