{"id":5494,"date":"2025-09-26T11:06:00","date_gmt":"2025-09-26T11:06:00","guid":{"rendered":"https:\/\/kraftiapet.com\/?post_type=product&#038;p=5494"},"modified":"2026-04-16T12:25:00","modified_gmt":"2026-04-16T12:25:00","slug":"les-plus-beaux-avec-les-ailes-2","status":"publish","type":"product","link":"https:\/\/kraftiapet.com\/fr\/produit\/les-plus-beaux-avec-les-ailes-2\/","title":{"rendered":"Finest with Wings"},"content":{"rendered":"","protected":false},"excerpt":{"rendered":"<p>Finest with Wings \u2013 Rawival est un aliment haut de gamme pour chiens adultes de moyennes et grandes races, \u00e0 base de poulet et de dinde. Le poulet cru d\u00e9soss\u00e9 et la dinde crue d\u00e9soss\u00e9e offrent un m\u00e9lange exquis et savoureux, apportant les prot\u00e9ines nutritives dont un chien actif a besoin. Un m\u00e9lange de c\u00e9r\u00e9ales saines, y compris des sources ancestrales, fournit de l&rsquo;\u00e9nergie pour les longues promenades. Des pr\u00e9biotiques, des fibres, des phytonutriments et des vitamines contribuent \u00e0 la bonne sant\u00e9 du tractus intestinal.   <\/p>\n","protected":false},"featured_media":5496,"comment_status":"open","ping_status":"closed","template":"","meta":{"_acf_changed":false},"pwb-brand":[],"product_brand":[399],"product_cat":[408,409],"product_tag":[],"class_list":{"0":"post-5494","1":"product","2":"type-product","3":"status-publish","4":"has-post-thumbnail","6":"product_brand-rawival","7":"product_cat-dog-food","8":"product_cat-adult-dog","10":"first","11":"instock","12":"taxable","13":"shipping-taxable","14":"product-type-variable"},"acf":[],"brands":[],"_links":{"self":[{"href":"https:\/\/kraftiapet.com\/fr\/wp-json\/wp\/v2\/product\/5494","targetHints":{"allow":["GET"]}}],"collection":[{"href":"https:\/\/kraftiapet.com\/fr\/wp-json\/wp\/v2\/product"}],"about":[{"href":"https:\/\/kraftiapet.com\/fr\/wp-json\/wp\/v2\/types\/product"}],"replies":[{"embeddable":true,"href":"https:\/\/kraftiapet.com\/fr\/wp-json\/wp\/v2\/comments?post=5494"}],"wp:featuredmedia":[{"embeddable":true,"href":"https:\/\/kraftiapet.com\/fr\/wp-json\/wp\/v2\/media\/5496"}],"wp:attachment":[{"href":"https:\/\/kraftiapet.com\/fr\/wp-json\/wp\/v2\/media?parent=5494"}],"wp:term":[{"taxonomy":"pwb-brand","embeddable":true,"href":"https:\/\/kraftiapet.com\/fr\/wp-json\/wp\/v2\/pwb-brand?post=5494"},{"taxonomy":"product_brand","embeddable":true,"href":"https:\/\/kraftiapet.com\/fr\/wp-json\/wp\/v2\/product_brand?post=5494"},{"taxonomy":"product_cat","embeddable":true,"href":"https:\/\/kraftiapet.com\/fr\/wp-json\/wp\/v2\/product_cat?post=5494"},{"taxonomy":"product_tag","embeddable":true,"href":"https:\/\/kraftiapet.com\/fr\/wp-json\/wp\/v2\/product_tag?post=5494"}],"curies":[{"name":"wp","href":"https:\/\/api.w.org\/{rel}","templated":true}]}}