{"id":5504,"date":"2025-09-26T11:17:50","date_gmt":"2025-09-26T11:17:50","guid":{"rendered":"https:\/\/kraftiapet.com\/?post_type=product&#038;p=5504"},"modified":"2026-04-16T12:23:28","modified_gmt":"2026-04-16T12:23:28","slug":"les-plus-beaux-avec-les-ailes","status":"publish","type":"product","link":"https:\/\/kraftiapet.com\/fr\/produit\/les-plus-beaux-avec-les-ailes\/","title":{"rendered":"Finest with Wings"},"content":{"rendered":"","protected":false},"excerpt":{"rendered":"<p>Finest with Wings \u2013 Rawival est un aliment haut de gamme pour chiens adultes de tr\u00e8s petites et petites races, au poulet et \u00e0 la dinde. Le poulet cru d\u00e9soss\u00e9 et la dinde crue d\u00e9soss\u00e9e offrent un m\u00e9lange savoureux, apportant toutes les prot\u00e9ines de qualit\u00e9 dont un chien actif a besoin. Un m\u00e9lange de c\u00e9r\u00e9ales saines, y compris des c\u00e9r\u00e9ales anciennes, fournit de l\u2019\u00e9nergie pour l\u2019activit\u00e9 et le jeu, et un ingr\u00e9dient sp\u00e9cial \u00e0 base d\u2019algues brunes aide \u00e0 soutenir la sant\u00e9 des dents et des gencives.  <\/p>\n","protected":false},"featured_media":5506,"comment_status":"open","ping_status":"closed","template":"","meta":{"_acf_changed":false},"pwb-brand":[],"product_brand":[399],"product_cat":[408,409],"product_tag":[],"class_list":{"0":"post-5504","1":"product","2":"type-product","3":"status-publish","4":"has-post-thumbnail","6":"product_brand-rawival","7":"product_cat-dog-food","8":"product_cat-adult-dog","10":"first","11":"instock","12":"taxable","13":"shipping-taxable","14":"product-type-variable"},"acf":[],"brands":[],"_links":{"self":[{"href":"https:\/\/kraftiapet.com\/fr\/wp-json\/wp\/v2\/product\/5504","targetHints":{"allow":["GET"]}}],"collection":[{"href":"https:\/\/kraftiapet.com\/fr\/wp-json\/wp\/v2\/product"}],"about":[{"href":"https:\/\/kraftiapet.com\/fr\/wp-json\/wp\/v2\/types\/product"}],"replies":[{"embeddable":true,"href":"https:\/\/kraftiapet.com\/fr\/wp-json\/wp\/v2\/comments?post=5504"}],"wp:featuredmedia":[{"embeddable":true,"href":"https:\/\/kraftiapet.com\/fr\/wp-json\/wp\/v2\/media\/5506"}],"wp:attachment":[{"href":"https:\/\/kraftiapet.com\/fr\/wp-json\/wp\/v2\/media?parent=5504"}],"wp:term":[{"taxonomy":"pwb-brand","embeddable":true,"href":"https:\/\/kraftiapet.com\/fr\/wp-json\/wp\/v2\/pwb-brand?post=5504"},{"taxonomy":"product_brand","embeddable":true,"href":"https:\/\/kraftiapet.com\/fr\/wp-json\/wp\/v2\/product_brand?post=5504"},{"taxonomy":"product_cat","embeddable":true,"href":"https:\/\/kraftiapet.com\/fr\/wp-json\/wp\/v2\/product_cat?post=5504"},{"taxonomy":"product_tag","embeddable":true,"href":"https:\/\/kraftiapet.com\/fr\/wp-json\/wp\/v2\/product_tag?post=5504"}],"curies":[{"name":"wp","href":"https:\/\/api.w.org\/{rel}","templated":true}]}}